{"id":177,"date":"2022-01-31T10:58:15","date_gmt":"2022-01-31T10:58:15","guid":{"rendered":"http:\/\/amigosdeltambor.org\/?page_id=177"},"modified":"2026-03-31T22:29:56","modified_gmt":"2026-03-31T20:29:56","slug":"nosotros","status":"publish","type":"page","link":"https:\/\/amigosdeltambor.org\/en\/we\/","title":{"rendered":"About Us"},"content":{"rendered":"<div data-elementor-type=\"wp-page\" data-elementor-id=\"177\" class=\"elementor elementor-177\" data-elementor-post-type=\"page\">\n\t\t\t\t\t\t<section class=\"elementor-section elementor-top-section elementor-element elementor-element-5e85f4c4 elementor-section-content-middle elementor-section-full_width elementor-section-height-default elementor-section-height-default\" data-id=\"5e85f4c4\" data-element_type=\"section\" data-e-type=\"section\" data-settings=\"{&quot;background_background&quot;:&quot;classic&quot;}\">\n\t\t\t\t\t\t<div class=\"elementor-container elementor-column-gap-no\">\n\t\t\t\t\t<div class=\"elementor-column elementor-col-100 elementor-top-column elementor-element elementor-element-6fdd202c\" data-id=\"6fdd202c\" data-element_type=\"column\" data-e-type=\"column\" data-settings=\"{&quot;background_background&quot;:&quot;classic&quot;}\">\n\t\t\t<div class=\"elementor-widget-wrap elementor-element-populated\">\n\t\t\t\t\t\t<section class=\"elementor-section elementor-inner-section elementor-element elementor-element-1c4415d elementor-section-boxed elementor-section-height-default elementor-section-height-default\" data-id=\"1c4415d\" data-element_type=\"section\" data-e-type=\"section\">\n\t\t\t\t\t\t<div class=\"elementor-container elementor-column-gap-no\">\n\t\t\t\t\t<div class=\"elementor-column elementor-col-100 elementor-inner-column elementor-element elementor-element-531a83a0\" data-id=\"531a83a0\" data-element_type=\"column\" data-e-type=\"column\">\n\t\t\t<div class=\"elementor-widget-wrap elementor-element-populated\">\n\t\t\t\t\t\t<div class=\"elementor-element elementor-element-1430701a elementor-widget elementor-widget-heading\" data-id=\"1430701a\" data-element_type=\"widget\" data-e-type=\"widget\" data-widget_type=\"heading.default\">\n\t\t\t\t<div class=\"elementor-widget-container\">\n\t\t\t\t\t<h2 class=\"elementor-heading-title elementor-size-default\">About Us<\/h2>\t\t\t\t<\/div>\n\t\t\t\t<\/div>\n\t\t\t\t\t<\/div>\n\t\t<\/div>\n\t\t\t\t\t<\/div>\n\t\t<\/section>\n\t\t\t\t\t<\/div>\n\t\t<\/div>\n\t\t\t\t\t<\/div>\n\t\t<\/section>\n\t\t\t\t<section class=\"elementor-section elementor-top-section elementor-element elementor-element-58a8e313 elementor-section-full_width elementor-section-content-middle elementor-section-height-default elementor-section-height-default\" data-id=\"58a8e313\" data-element_type=\"section\" data-e-type=\"section\" data-settings=\"{&quot;background_background&quot;:&quot;none&quot;}\">\n\t\t\t\t\t\t<div class=\"elementor-container elementor-column-gap-no\">\n\t\t\t\t\t<div class=\"elementor-column elementor-col-50 elementor-top-column elementor-element elementor-element-20981469 elementor-hidden-phone\" data-id=\"20981469\" data-element_type=\"column\" data-e-type=\"column\" data-settings=\"{&quot;background_background&quot;:&quot;classic&quot;}\">\n\t\t\t<div class=\"elementor-widget-wrap elementor-element-populated\">\n\t\t\t\t\t\t<div class=\"elementor-element elementor-element-bebd52d elementor-widget elementor-widget-image\" data-id=\"bebd52d\" data-element_type=\"widget\" data-e-type=\"widget\" data-widget_type=\"image.default\">\n\t\t\t\t<div class=\"elementor-widget-container\">\n\t\t\t\t\t\t\t\t\t\t\t\t\t\t\t<img fetchpriority=\"high\" decoding=\"async\" width=\"499\" height=\"499\" src=\"https:\/\/amigosdeltambor.org\/wp-content\/uploads\/2022\/03\/LOGO.jpeg\" class=\"attachment-full size-full wp-image-722\" alt=\"\" srcset=\"https:\/\/amigosdeltambor.org\/wp-content\/uploads\/2022\/03\/LOGO.jpeg 499w, https:\/\/amigosdeltambor.org\/wp-content\/uploads\/2022\/03\/LOGO-300x300.jpeg 300w, https:\/\/amigosdeltambor.org\/wp-content\/uploads\/2022\/03\/LOGO-150x150.jpeg 150w\" sizes=\"(max-width: 499px) 100vw, 499px\" title=\"\">\t\t\t\t\t\t\t\t\t\t\t\t\t\t\t<\/div>\n\t\t\t\t<\/div>\n\t\t\t\t\t<\/div>\n\t\t<\/div>\n\t\t\t\t<div class=\"elementor-column elementor-col-50 elementor-top-column elementor-element elementor-element-2c8e2f1f\" data-id=\"2c8e2f1f\" data-element_type=\"column\" data-e-type=\"column\">\n\t\t\t<div class=\"elementor-widget-wrap elementor-element-populated\">\n\t\t\t\t\t\t<div class=\"elementor-element elementor-element-7ec4768b elementor-widget elementor-widget-heading\" data-id=\"7ec4768b\" data-element_type=\"widget\" data-e-type=\"widget\" data-widget_type=\"heading.default\">\n\t\t\t\t<div class=\"elementor-widget-container\">\n\t\t\t\t\t<h2 class=\"elementor-heading-title elementor-size-default\">Our history<\/h2>\t\t\t\t<\/div>\n\t\t\t\t<\/div>\n\t\t\t\t<div class=\"elementor-element elementor-element-4d317388 elementor-widget-divider--view-line elementor-widget elementor-widget-divider\" data-id=\"4d317388\" data-element_type=\"widget\" data-e-type=\"widget\" data-widget_type=\"divider.default\">\n\t\t\t\t<div class=\"elementor-widget-container\">\n\t\t\t\t\t\t\t<div class=\"elementor-divider\">\n\t\t\t<span class=\"elementor-divider-separator\">\n\t\t\t\t\t\t<\/span>\n\t\t<\/div>\n\t\t\t\t\t\t<\/div>\n\t\t\t\t<\/div>\n\t\t\t\t<div class=\"elementor-element elementor-element-2418bef0 elementor-widget elementor-widget-text-editor\" data-id=\"2418bef0\" data-element_type=\"widget\" data-e-type=\"widget\" data-widget_type=\"text-editor.default\">\n\t\t\t\t<div class=\"elementor-widget-container\">\n\t\t\t\t\t\t\t\t\t<p><span style=\"font-weight: 400;\">The Asociacion \"Amigos del Tambor\" of Tobarra was founded in 2008 with the aim of promoting and fostering the tradition and craft of drumming in our town.<\/span><\/p><p><span style=\"font-weight: 400;\">The drum is the historical hallmark of our town, which has its maximum expression during the days of Holy Week. From this association we work to value its specific weight, knowing that this is our differential fact with respect to the vast majority of the Holy Weeks in Spain. We work to improve every year the greatness of a festival in which thousands of drummers, like a sonorous and colourful mantle, fill our streets with the light and brightness of the jewels that are our drums.<\/span><\/p><p><span style=\"font-weight: 400;\">We hope that all the drummers of Tobarra feel identified with this association, and that with their \u201cAmigo del Tambor\u201d card, they can proudly accredit their status as drummers of our town.<\/span><\/p><p><span style=\"font-weight: 400;\">In our young career we have launched several initiatives with great enthusiasm and interest, not only at Easter, but throughout the year, with the drum being the protagonist. And we will continue to do so, because what drives us is the incessant beat of its beat.<\/span><\/p><p><span style=\"font-weight: 400;\">All this work would be meaningless if we were not able to sum it up in a single wish, \u201clet's enjoy our drum\u201d, because....<\/span><\/p><p><span style=\"font-weight: 400;\">\u00a0<\/span><\/p><p><b>THERE IS NOTHING BETTER IN THE WHOLE WORLD THAN, IN TOBARRA, BEING A DRUMMER!<\/b><\/p>\t\t\t\t\t\t\t\t<\/div>\n\t\t\t\t<\/div>\n\t\t\t\t\t<\/div>\n\t\t<\/div>\n\t\t\t\t\t<\/div>\n\t\t<\/section>\n\t\t\t\t<section class=\"elementor-section elementor-top-section elementor-element elementor-element-741dffa elementor-section-boxed elementor-section-height-default elementor-section-height-default\" data-id=\"741dffa\" data-element_type=\"section\" data-e-type=\"section\">\n\t\t\t\t\t\t<div class=\"elementor-container elementor-column-gap-default\">\n\t\t\t\t\t<div class=\"elementor-column elementor-col-50 elementor-top-column elementor-element elementor-element-8ebe4e0\" data-id=\"8ebe4e0\" data-element_type=\"column\" data-e-type=\"column\">\n\t\t\t<div class=\"elementor-widget-wrap elementor-element-populated\">\n\t\t\t\t\t\t<div class=\"elementor-element elementor-element-1db535c elementor-widget elementor-widget-heading\" data-id=\"1db535c\" data-element_type=\"widget\" data-e-type=\"widget\" data-widget_type=\"heading.default\">\n\t\t\t\t<div class=\"elementor-widget-container\">\n\t\t\t\t\t<h2 class=\"elementor-heading-title elementor-size-default\">Tamborada, an Asset of Cultural Interest<\/h2>\t\t\t\t<\/div>\n\t\t\t\t<\/div>\n\t\t\t\t<div class=\"elementor-element elementor-element-2ae3bcb elementor-widget-divider--view-line elementor-widget elementor-widget-divider\" data-id=\"2ae3bcb\" data-element_type=\"widget\" data-e-type=\"widget\" data-widget_type=\"divider.default\">\n\t\t\t\t<div class=\"elementor-widget-container\">\n\t\t\t\t\t\t\t<div class=\"elementor-divider\">\n\t\t\t<span class=\"elementor-divider-separator\">\n\t\t\t\t\t\t<\/span>\n\t\t<\/div>\n\t\t\t\t\t\t<\/div>\n\t\t\t\t<\/div>\n\t\t\t\t<div class=\"elementor-element elementor-element-28779f1 elementor-widget elementor-widget-heading\" data-id=\"28779f1\" data-element_type=\"widget\" data-e-type=\"widget\" data-widget_type=\"heading.default\">\n\t\t\t\t<div class=\"elementor-widget-container\">\n\t\t\t\t\t<h2 class=\"elementor-heading-title elementor-size-small\">In 2016 a fundamental milestone was reached, and that is that we managed to have the Tamborada de Tobarra and the Cierre del Tambor declared an Asset of Cultural Interest by the Regional Ministry of Education, Culture and Sports. It is a well-deserved award for one of the most relevant and deeply rooted traditions of the municipality of Tobarra, and is a preamble to what would happen a couple of years later.<\/h2>\t\t\t\t<\/div>\n\t\t\t\t<\/div>\n\t\t\t\t\t<\/div>\n\t\t<\/div>\n\t\t\t\t<div class=\"elementor-column elementor-col-50 elementor-top-column elementor-element elementor-element-231061b\" data-id=\"231061b\" data-element_type=\"column\" data-e-type=\"column\" data-settings=\"{&quot;background_background&quot;:&quot;classic&quot;}\">\n\t\t\t<div class=\"elementor-widget-wrap elementor-element-populated\">\n\t\t\t\t\t\t<div class=\"elementor-element elementor-element-026dca9 elementor-widget elementor-widget-image\" data-id=\"026dca9\" data-element_type=\"widget\" data-e-type=\"widget\" data-widget_type=\"image.default\">\n\t\t\t\t<div class=\"elementor-widget-container\">\n\t\t\t\t\t\t\t\t\t\t\t\t\t\t\t<img decoding=\"async\" src=\"https:\/\/amigosdeltambor.org\/wp-content\/uploads\/2022\/03\/LogosBICportal_BIC.jpg\" title=\"LogosBICportal_BIC\" alt=\"LogosBICportal_BIC\" loading=\"lazy\" \/>\t\t\t\t\t\t\t\t\t\t\t\t\t\t\t<\/div>\n\t\t\t\t<\/div>\n\t\t\t\t\t<\/div>\n\t\t<\/div>\n\t\t\t\t\t<\/div>\n\t\t<\/section>\n\t\t\t\t<section class=\"elementor-section elementor-top-section elementor-element elementor-element-1b4a6a99 elementor-section-full_width elementor-section-height-min-height elementor-section-height-default elementor-section-items-middle\" data-id=\"1b4a6a99\" data-element_type=\"section\" data-e-type=\"section\" data-settings=\"{&quot;background_background&quot;:&quot;none&quot;}\">\n\t\t\t\t\t\t\t<div class=\"elementor-background-overlay\"><\/div>\n\t\t\t\t\t\t\t<div class=\"elementor-container elementor-column-gap-no\">\n\t\t\t\t\t<div class=\"elementor-column elementor-col-50 elementor-top-column elementor-element elementor-element-70f3d7ae\" data-id=\"70f3d7ae\" data-element_type=\"column\" data-e-type=\"column\" data-settings=\"{&quot;background_background&quot;:&quot;classic&quot;}\">\n\t\t\t<div class=\"elementor-widget-wrap elementor-element-populated\">\n\t\t\t\t\t\t<div class=\"elementor-element elementor-element-ca6ca0f elementor-widget elementor-widget-image\" data-id=\"ca6ca0f\" data-element_type=\"widget\" data-e-type=\"widget\" data-widget_type=\"image.default\">\n\t\t\t\t<div class=\"elementor-widget-container\">\n\t\t\t\t\t\t\t\t\t\t\t\t\t\t\t<img decoding=\"async\" src=\"https:\/\/amigosdeltambor.org\/wp-content\/uploads\/2022\/03\/logo-patrimonio-trazadook1024_1.jpg\" title=\"heritage logo trazadook1024_1\" alt=\"heritage logo trazadook1024_1\" loading=\"lazy\" \/>\t\t\t\t\t\t\t\t\t\t\t\t\t\t\t<\/div>\n\t\t\t\t<\/div>\n\t\t\t\t\t<\/div>\n\t\t<\/div>\n\t\t\t\t<div class=\"elementor-column elementor-col-50 elementor-top-column elementor-element elementor-element-adb17d2\" data-id=\"adb17d2\" data-element_type=\"column\" data-e-type=\"column\" data-settings=\"{&quot;background_background&quot;:&quot;classic&quot;}\">\n\t\t\t<div class=\"elementor-widget-wrap elementor-element-populated\">\n\t\t\t\t\t\t<div class=\"elementor-element elementor-element-2d34960 elementor-widget elementor-widget-heading\" data-id=\"2d34960\" data-element_type=\"widget\" data-e-type=\"widget\" data-widget_type=\"heading.default\">\n\t\t\t\t<div class=\"elementor-widget-container\">\n\t\t\t\t\t<h2 class=\"elementor-heading-title elementor-size-default\">Tamborada, Intangible Cultural Heritage by Unesco<\/h2>\t\t\t\t<\/div>\n\t\t\t\t<\/div>\n\t\t\t\t<div class=\"elementor-element elementor-element-8571b1c elementor-widget-divider--view-line elementor-widget elementor-widget-divider\" data-id=\"8571b1c\" data-element_type=\"widget\" data-e-type=\"widget\" data-widget_type=\"divider.default\">\n\t\t\t\t<div class=\"elementor-widget-container\">\n\t\t\t\t\t\t\t<div class=\"elementor-divider\">\n\t\t\t<span class=\"elementor-divider-separator\">\n\t\t\t\t\t\t<\/span>\n\t\t<\/div>\n\t\t\t\t\t\t<\/div>\n\t\t\t\t<\/div>\n\t\t\t\t<div class=\"elementor-element elementor-element-16f9d906 elementor-widget elementor-widget-heading\" data-id=\"16f9d906\" data-element_type=\"widget\" data-e-type=\"widget\" data-widget_type=\"heading.default\">\n\t\t\t\t<div class=\"elementor-widget-container\">\n\t\t\t\t\t<h2 class=\"elementor-heading-title elementor-size-small\">After years of chasing it, finally in 2018 the Tamborada de Tobarra, along with the rest of the tamboradas of the various towns in Spain that share tradition, became Intangible Heritage of Humanity, with the title of \"Las Tamboradas, repiques rituales de tambores\" (drumming rituals). It is the most prestigious award for which traditions or any cultural practice can be eligible. This speaks clearly of how important the drum has been in the history and society of Tobarre\u00f1a in particular, and of the rest of the drumming towns in general.<\/h2>\t\t\t\t<\/div>\n\t\t\t\t<\/div>\n\t\t\t\t\t<\/div>\n\t\t<\/div>\n\t\t\t\t\t<\/div>\n\t\t<\/section>\n\t\t\t\t<section class=\"elementor-section elementor-top-section elementor-element elementor-element-f6f6082 elementor-section-boxed elementor-section-height-default elementor-section-height-default\" data-id=\"f6f6082\" data-element_type=\"section\" data-e-type=\"section\">\n\t\t\t\t\t\t<div class=\"elementor-container elementor-column-gap-default\">\n\t\t\t\t\t<div class=\"elementor-column elementor-col-100 elementor-top-column elementor-element elementor-element-2e32754\" data-id=\"2e32754\" data-element_type=\"column\" data-e-type=\"column\">\n\t\t\t<div class=\"elementor-widget-wrap elementor-element-populated\">\n\t\t\t\t\t\t<div class=\"elementor-element elementor-element-008a85e elementor-widget__width-initial elementor-widget elementor-widget-text-editor\" data-id=\"008a85e\" data-element_type=\"widget\" data-e-type=\"widget\" data-widget_type=\"text-editor.default\">\n\t\t\t\t<div class=\"elementor-widget-container\">\n\t\t\t\t\t\t\t\t\t<h1><span style=\"text-decoration: underline;\"><strong>BOARD OF DIRECTORS<\/strong>\u00a0<\/span><\/h1><table><tbody><tr><td width=\"238\"><p>CHAIRMAN:<\/p><\/td><td width=\"351\"><p>ANTONIO GARC\u00cdA MART\u00cdNEZ<\/p><\/td><\/tr><tr><td width=\"238\"><p>1ST VICE-PRESIDENT:<\/p><\/td><td width=\"351\"><p>ANTONIO MART\u00cdNEZ GARC\u00cdA<\/p><\/td><\/tr><tr><td width=\"238\"><p>2ND VICE-PRESIDENT:<\/p><\/td><td width=\"351\"><p>JOS\u00c9 MANUEL CANO PATERNA<\/p><\/td><\/tr><tr><td width=\"238\"><p>SECRETARY:<\/p><\/td><td width=\"351\"><p>JUAN JOSE MARTINEZ OTALORA<\/p><\/td><\/tr><tr><td width=\"238\"><p>VICESECRETARIA:<\/p><\/td><td width=\"351\"><p>SARA PUCHE SORIANO<\/p><\/td><\/tr><tr><td width=\"238\"><p>TREASURER:<\/p><\/td><td width=\"351\"><p>EDUARDO MARTINEZ OTALORA<\/p><\/td><\/tr><tr><td width=\"238\"><p>VICETESORERA:<\/p><\/td><td width=\"351\"><p>MARIA CARMEN BUENO BLEDA<\/p><\/td><\/tr><tr><td width=\"238\"><p>VOWELS:<\/p><\/td><td width=\"351\"><p>FERNANDO GARCIA PEREZ<\/p><\/td><\/tr><tr><td width=\"238\">\u00a0<\/td><td width=\"351\"><p>GEMMA COY PATERNA<\/p><\/td><\/tr><tr><td width=\"238\">\u00a0<\/td><td width=\"351\"><p>DAVID SANCHEZ GARCIA<\/p><\/td><\/tr><tr><td width=\"238\">\u00a0<\/td><td width=\"351\"><p>SOLEDAD GOMEZ PE\u00d1A<\/p><\/td><\/tr><tr><td width=\"238\">\u00a0<\/td><td width=\"351\"><p>JOSE CARLOS INIESTA ALGARRA<\/p><\/td><\/tr><tr><td width=\"238\">\u00a0<\/td><td width=\"351\"><p>ALBERTO LOPEZ PE\u00d1A<\/p><\/td><\/tr><tr><td width=\"238\">\u00a0<\/td><td width=\"351\"><p>RAUL ROMAN GOMEZ<\/p><\/td><\/tr><tr><td width=\"238\">\u00a0<\/td><td width=\"351\">\u00a0<\/td><\/tr><\/tbody><\/table>\t\t\t\t\t\t\t\t<\/div>\n\t\t\t\t<\/div>\n\t\t\t\t\t<\/div>\n\t\t<\/div>\n\t\t\t\t\t<\/div>\n\t\t<\/section>\n\t\t\t\t<section class=\"elementor-section elementor-top-section elementor-element elementor-element-a487c51 elementor-section-boxed elementor-section-height-default elementor-section-height-default\" data-id=\"a487c51\" data-element_type=\"section\" data-e-type=\"section\" data-settings=\"{&quot;background_background&quot;:&quot;classic&quot;}\">\n\t\t\t\t\t\t<div class=\"elementor-container elementor-column-gap-no\">\n\t\t\t\t\t<div class=\"elementor-column elementor-col-100 elementor-top-column elementor-element elementor-element-173f8724 elementor-invisible\" data-id=\"173f8724\" data-element_type=\"column\" data-e-type=\"column\" data-settings=\"{&quot;background_background&quot;:&quot;classic&quot;,&quot;animation&quot;:&quot;zoomInUp&quot;,&quot;animation_tablet&quot;:&quot;zoomIn&quot;}\">\n\t\t\t<div class=\"elementor-widget-wrap elementor-element-populated\">\n\t\t\t\t\t<div class=\"elementor-background-overlay\"><\/div>\n\t\t\t\t\t\t<section class=\"elementor-section elementor-inner-section elementor-element elementor-element-20f0f85f elementor-section-content-middle elementor-section-boxed elementor-section-height-default elementor-section-height-default\" data-id=\"20f0f85f\" data-element_type=\"section\" data-e-type=\"section\">\n\t\t\t\t\t\t<div class=\"elementor-container elementor-column-gap-no\">\n\t\t\t\t\t<div class=\"elementor-column elementor-col-50 elementor-inner-column elementor-element elementor-element-3f58b16f\" data-id=\"3f58b16f\" data-element_type=\"column\" data-e-type=\"column\">\n\t\t\t<div class=\"elementor-widget-wrap elementor-element-populated\">\n\t\t\t\t\t\t<div class=\"elementor-element elementor-element-19ba26da elementor-widget__width-auto elementor-widget elementor-widget-heading\" data-id=\"19ba26da\" data-element_type=\"widget\" data-e-type=\"widget\" data-widget_type=\"heading.default\">\n\t\t\t\t<div class=\"elementor-widget-container\">\n\t\t\t\t\t<h2 class=\"elementor-heading-title elementor-size-default\">Would you like to join the association?<\/h2>\t\t\t\t<\/div>\n\t\t\t\t<\/div>\n\t\t\t\t<div class=\"elementor-element elementor-element-35abf9c elementor-widget elementor-widget-spacer\" data-id=\"35abf9c\" data-element_type=\"widget\" data-e-type=\"widget\" data-widget_type=\"spacer.default\">\n\t\t\t\t<div class=\"elementor-widget-container\">\n\t\t\t\t\t\t\t<div class=\"elementor-spacer\">\n\t\t\t<div class=\"elementor-spacer-inner\"><\/div>\n\t\t<\/div>\n\t\t\t\t\t\t<\/div>\n\t\t\t\t<\/div>\n\t\t\t\t<div class=\"elementor-element elementor-element-11d1880a elementor-widget__width-initial elementor-widget-tablet__width-initial elementor-widget elementor-widget-text-editor\" data-id=\"11d1880a\" data-element_type=\"widget\" data-e-type=\"widget\" data-widget_type=\"text-editor.default\">\n\t\t\t\t<div class=\"elementor-widget-container\">\n\t\t\t\t\t\t\t\t\t<p>With your \u2018Amigo del Tambor\u2019 card, proudly show your status as drummers of our town.<\/p>\t\t\t\t\t\t\t\t<\/div>\n\t\t\t\t<\/div>\n\t\t\t\t<div class=\"elementor-element elementor-element-3e717aaa elementor-absolute elementor-widget elementor-widget-image\" data-id=\"3e717aaa\" data-element_type=\"widget\" data-e-type=\"widget\" data-settings=\"{&quot;_position&quot;:&quot;absolute&quot;}\" data-widget_type=\"image.default\">\n\t\t\t\t<div class=\"elementor-widget-container\">\n\t\t\t\t\t\t\t\t\t\t\t\t\t\t\t<img decoding=\"async\" width=\"292\" height=\"140\" src=\"https:\/\/amigosdeltambor.org\/wp-content\/uploads\/2022\/02\/shape-5.png\" class=\"attachment-full size-full wp-image-231\" alt=\"\" title=\"\">\t\t\t\t\t\t\t\t\t\t\t\t\t\t\t<\/div>\n\t\t\t\t<\/div>\n\t\t\t\t\t<\/div>\n\t\t<\/div>\n\t\t\t\t<div class=\"elementor-column elementor-col-50 elementor-inner-column elementor-element elementor-element-30a8928a\" data-id=\"30a8928a\" data-element_type=\"column\" data-e-type=\"column\">\n\t\t\t<div class=\"elementor-widget-wrap elementor-element-populated\">\n\t\t\t\t\t\t<div class=\"elementor-element elementor-element-572595fc elementor-align-center elementor-widget elementor-widget-button\" data-id=\"572595fc\" data-element_type=\"widget\" data-e-type=\"widget\" data-widget_type=\"button.default\">\n\t\t\t\t<div class=\"elementor-widget-container\">\n\t\t\t\t\t\t\t\t\t<div class=\"elementor-button-wrapper\">\n\t\t\t\t\t<a class=\"elementor-button elementor-button-link elementor-size-sm\" href=\"https:\/\/amigosdeltambor.org\/en\/membership-join\/\">\n\t\t\t\t\t\t<span class=\"elementor-button-content-wrapper\">\n\t\t\t\t\t\t\t\t\t<span class=\"elementor-button-text\">Join as a member<\/span>\n\t\t\t\t\t<\/span>\n\t\t\t\t\t<\/a>\n\t\t\t\t<\/div>\n\t\t\t\t\t\t\t\t<\/div>\n\t\t\t\t<\/div>\n\t\t\t\t\t<\/div>\n\t\t<\/div>\n\t\t\t\t\t<\/div>\n\t\t<\/section>\n\t\t\t\t\t<\/div>\n\t\t<\/div>\n\t\t\t\t\t<\/div>\n\t\t<\/section>\n\t\t\t\t<\/div>","protected":false},"excerpt":{"rendered":"<p>Nosotros Nuestra historia La Asociaci\u00f3n \u201cAmigos del Tambor\u201d de Tobarra nace en el a\u00f1o 2008, con el af\u00e1n de difundir y fomentar la tradici\u00f3n y la artesan\u00eda tamborilera en nuestra localidad. El tambor es el distintivo hist\u00f3rico de nuestro pueblo, que tiene su m\u00e1xima expresi\u00f3n durante los d\u00edas de Semana Santa. Desde esta asociaci\u00f3n trabajamos [&hellip;]<\/p>\n","protected":false},"author":1,"featured_media":0,"parent":0,"menu_order":0,"comment_status":"closed","ping_status":"closed","template":"","meta":{"_uag_custom_page_level_css":"","_joinchat":[],"footnotes":""},"class_list":["post-177","page","type-page","status-publish","hentry"],"uagb_featured_image_src":{"full":false,"thumbnail":false,"medium":false,"medium_large":false,"large":false,"1536x1536":false,"2048x2048":false,"trp-custom-language-flag":false},"uagb_author_info":{"display_name":"Carlos Garrido","author_link":"https:\/\/amigosdeltambor.org\/en\/author\/admin\/"},"uagb_comment_info":0,"uagb_excerpt":"Nosotros Nuestra historia La Asociaci\u00f3n \u201cAmigos del Tambor\u201d de Tobarra nace en el a\u00f1o 2008, con el af\u00e1n de difundir y fomentar la tradici\u00f3n y la artesan\u00eda tamborilera en nuestra localidad. El tambor es el distintivo hist\u00f3rico de nuestro pueblo, que tiene su m\u00e1xima expresi\u00f3n durante los d\u00edas de Semana Santa. Desde esta asociaci\u00f3n trabajamos&hellip;","_links":{"self":[{"href":"https:\/\/amigosdeltambor.org\/en\/wp-json\/wp\/v2\/pages\/177","targetHints":{"allow":["GET"]}}],"collection":[{"href":"https:\/\/amigosdeltambor.org\/en\/wp-json\/wp\/v2\/pages"}],"about":[{"href":"https:\/\/amigosdeltambor.org\/en\/wp-json\/wp\/v2\/types\/page"}],"author":[{"embeddable":true,"href":"https:\/\/amigosdeltambor.org\/en\/wp-json\/wp\/v2\/users\/1"}],"replies":[{"embeddable":true,"href":"https:\/\/amigosdeltambor.org\/en\/wp-json\/wp\/v2\/comments?post=177"}],"version-history":[{"count":20,"href":"https:\/\/amigosdeltambor.org\/en\/wp-json\/wp\/v2\/pages\/177\/revisions"}],"predecessor-version":[{"id":5010,"href":"https:\/\/amigosdeltambor.org\/en\/wp-json\/wp\/v2\/pages\/177\/revisions\/5010"}],"wp:attachment":[{"href":"https:\/\/amigosdeltambor.org\/en\/wp-json\/wp\/v2\/media?parent=177"}],"curies":[{"name":"wp","href":"https:\/\/api.w.org\/{rel}","templated":true}]}}