{"id":3324,"date":"2024-11-23T21:42:14","date_gmt":"2024-11-23T20:42:14","guid":{"rendered":"https:\/\/amigosdeltambor.org\/?page_id=3324"},"modified":"2024-12-21T20:39:52","modified_gmt":"2024-12-21T19:39:52","slug":"galeria-jornadas-reto-104-horas","status":"publish","type":"page","link":"https:\/\/amigosdeltambor.org\/en\/challenge-104-hours\/104-hours-challenge-days-gallery\/","title":{"rendered":"104 Hour Challenge Gallery"},"content":{"rendered":"\t\t<div data-elementor-type=\"wp-page\" data-elementor-id=\"3324\" class=\"elementor elementor-3324\" data-elementor-post-type=\"page\">\n\t\t\t\t\t\t<section class=\"elementor-section elementor-top-section elementor-element elementor-element-7173632 elementor-section-boxed elementor-section-height-default elementor-section-height-default\" data-id=\"7173632\" data-element_type=\"section\" data-e-type=\"section\">\n\t\t\t\t\t\t<div class=\"elementor-container elementor-column-gap-default\">\n\t\t\t\t\t<div class=\"elementor-column elementor-col-100 elementor-top-column elementor-element elementor-element-c340d3b\" data-id=\"c340d3b\" data-element_type=\"column\" data-e-type=\"column\">\n\t\t\t<div class=\"elementor-widget-wrap elementor-element-populated\">\n\t\t\t\t\t\t<div class=\"elementor-element elementor-element-4891e29 elementor-widget elementor-widget-heading\" data-id=\"4891e29\" data-element_type=\"widget\" data-e-type=\"widget\" data-widget_type=\"heading.default\">\n\t\t\t\t<div class=\"elementor-widget-container\">\n\t\t\t\t\t<h2 class=\"elementor-heading-title elementor-size-default\">Comparte tus fotos con nosotros<\/h2>\t\t\t\t<\/div>\n\t\t\t\t<\/div>\n\t\t\t\t<div class=\"elementor-element elementor-element-608c08a elementor-widget elementor-widget-text-editor\" data-id=\"608c08a\" data-element_type=\"widget\" data-e-type=\"widget\" data-widget_type=\"text-editor.default\">\n\t\t\t\t<div class=\"elementor-widget-container\">\n\t\t\t\t\t\t\t\t\t<p>Si tienes fotos que consideras adecuadas para publicarlas en nuestra web, puedes enviarnoslas a trav\u00e9s del formulario que encontrar\u00e1s en esta p\u00e1gina. Una vez revisadas por nuestro equipo ser\u00e1n publicadas en la web. No olvides rellenar tu datos para poder poner tu nombre de autor en la publicaci\u00f3n.\u00a0<\/p><p>Gracias por colaborar con el RETO 104 HORAS.<\/p>\t\t\t\t\t\t\t\t<\/div>\n\t\t\t\t<\/div>\n\t\t\t\t\t<\/div>\n\t\t<\/div>\n\t\t\t\t\t<\/div>\n\t\t<\/section>\n\t\t\t\t<section class=\"elementor-section elementor-top-section elementor-element elementor-element-a920c03 elementor-section-boxed elementor-section-height-default elementor-section-height-default\" data-id=\"a920c03\" data-element_type=\"section\" data-e-type=\"section\">\n\t\t\t\t\t\t<div class=\"elementor-container elementor-column-gap-default\">\n\t\t\t\t\t<div class=\"elementor-column elementor-col-50 elementor-top-column elementor-element elementor-element-830b0e4\" data-id=\"830b0e4\" data-element_type=\"column\" data-e-type=\"column\" data-settings=\"{&quot;background_background&quot;:&quot;classic&quot;}\">\n\t\t\t<div class=\"elementor-widget-wrap elementor-element-populated\">\n\t\t\t\t\t\t<div class=\"elementor-element elementor-element-767c4e1 elementor-widget elementor-widget-spacer\" data-id=\"767c4e1\" data-element_type=\"widget\" data-e-type=\"widget\" data-widget_type=\"spacer.default\">\n\t\t\t\t<div class=\"elementor-widget-container\">\n\t\t\t\t\t\t\t<div class=\"elementor-spacer\">\n\t\t\t<div class=\"elementor-spacer-inner\"><\/div>\n\t\t<\/div>\n\t\t\t\t\t\t<\/div>\n\t\t\t\t<\/div>\n\t\t\t\t<div class=\"elementor-element elementor-element-4bbb27e elementor-widget elementor-widget-heading\" data-id=\"4bbb27e\" data-element_type=\"widget\" data-e-type=\"widget\" data-widget_type=\"heading.default\">\n\t\t\t\t<div class=\"elementor-widget-container\">\n\t\t\t\t\t<h2 class=\"elementor-heading-title elementor-size-default\"><a href=\"https:\/\/amigosdeltambor.org\/reto-104-horas\/galeria-jornadas-reto-104-horas\/preparando-el-reto\/\">Preparando el Reto<\/a><\/h2>\t\t\t\t<\/div>\n\t\t\t\t<\/div>\n\t\t\t\t\t<\/div>\n\t\t<\/div>\n\t\t\t\t<div class=\"elementor-column elementor-col-50 elementor-top-column elementor-element elementor-element-6c53f1a\" data-id=\"6c53f1a\" data-element_type=\"column\" data-e-type=\"column\" data-settings=\"{&quot;background_background&quot;:&quot;classic&quot;}\">\n\t\t\t<div class=\"elementor-widget-wrap elementor-element-populated\">\n\t\t\t\t\t\t<div class=\"elementor-element elementor-element-f55dbde elementor-widget elementor-widget-spacer\" data-id=\"f55dbde\" data-element_type=\"widget\" data-e-type=\"widget\" data-widget_type=\"spacer.default\">\n\t\t\t\t<div class=\"elementor-widget-container\">\n\t\t\t\t\t\t\t<div class=\"elementor-spacer\">\n\t\t\t<div class=\"elementor-spacer-inner\"><\/div>\n\t\t<\/div>\n\t\t\t\t\t\t<\/div>\n\t\t\t\t<\/div>\n\t\t\t\t<div class=\"elementor-element elementor-element-047c36f elementor-widget elementor-widget-heading\" data-id=\"047c36f\" data-element_type=\"widget\" data-e-type=\"widget\" data-widget_type=\"heading.default\">\n\t\t\t\t<div class=\"elementor-widget-container\">\n\t\t\t\t\t<h2 class=\"elementor-heading-title elementor-size-default\"><a href=\"https:\/\/amigosdeltambor.org\/reto-104-horas\/galeria-jornadas-reto-104-horas\/imagenes-reto-104-horas\/\">Im\u00e1genes del Reto 104 horas<\/a><\/h2>\t\t\t\t<\/div>\n\t\t\t\t<\/div>\n\t\t\t\t\t<\/div>\n\t\t<\/div>\n\t\t\t\t\t<\/div>\n\t\t<\/section>\n\t\t\t\t<section class=\"elementor-section elementor-top-section elementor-element elementor-element-ac51369 elementor-section-boxed elementor-section-height-default elementor-section-height-default\" data-id=\"ac51369\" data-element_type=\"section\" data-e-type=\"section\">\n\t\t\t\t\t\t<div class=\"elementor-container elementor-column-gap-default\">\n\t\t\t\t\t<div class=\"elementor-column elementor-col-100 elementor-top-column elementor-element elementor-element-80b3f0e\" data-id=\"80b3f0e\" data-element_type=\"column\" data-e-type=\"column\">\n\t\t\t<div class=\"elementor-widget-wrap elementor-element-populated\">\n\t\t\t\t\t\t<div class=\"elementor-element elementor-element-7b4f834 elementor-widget elementor-widget-heading\" data-id=\"7b4f834\" data-element_type=\"widget\" data-e-type=\"widget\" data-widget_type=\"heading.default\">\n\t\t\t\t<div class=\"elementor-widget-container\">\n\t\t\t\t\t<h2 class=\"elementor-heading-title elementor-size-default\">Acerca de las fotos publicadas<\/h2>\t\t\t\t<\/div>\n\t\t\t\t<\/div>\n\t\t\t\t<div class=\"elementor-element elementor-element-b00ef5a elementor-widget elementor-widget-text-editor\" data-id=\"b00ef5a\" data-element_type=\"widget\" data-e-type=\"widget\" data-widget_type=\"text-editor.default\">\n\t\t\t\t<div class=\"elementor-widget-container\">\n\t\t\t\t\t\t\t\t\t<p>Las fotos publicadas en esta web son en su mayor\u00eda aportadas por nuestros colaboradores y usuarios de forma altruista. Si apareces en alguna de ellas y\/o tienes alg\u00fan inconveniente o te parecen inapropiadas, por favor d\u00e9janos un comentario en el formulario de abajo y lo solucionaremos.<\/p><p>Gracias por tu comprensi\u00f3n.<\/p>\t\t\t\t\t\t\t\t<\/div>\n\t\t\t\t<\/div>\n\t\t\t\t\t<\/div>\n\t\t<\/div>\n\t\t\t\t\t<\/div>\n\t\t<\/section>\n\t\t\t\t<section class=\"elementor-section elementor-top-section elementor-element elementor-element-784a9f9 elementor-section-boxed elementor-section-height-default elementor-section-height-default\" data-id=\"784a9f9\" data-element_type=\"section\" data-e-type=\"section\">\n\t\t\t\t\t\t<div class=\"elementor-container elementor-column-gap-default\">\n\t\t\t\t\t<div class=\"elementor-column elementor-col-100 elementor-top-column elementor-element elementor-element-e41fe24\" data-id=\"e41fe24\" data-element_type=\"column\" data-e-type=\"column\">\n\t\t\t<div class=\"elementor-widget-wrap elementor-element-populated\">\n\t\t\t\t\t\t<div class=\"elementor-element elementor-element-30ac82a elementor-button-align-stretch elementor-widget elementor-widget-form\" data-id=\"30ac82a\" data-element_type=\"widget\" data-e-type=\"widget\" data-settings=\"{&quot;step_next_label&quot;:&quot;Next&quot;,&quot;step_previous_label&quot;:&quot;Previous&quot;,&quot;button_width&quot;:&quot;100&quot;,&quot;step_type&quot;:&quot;number_text&quot;,&quot;step_icon_shape&quot;:&quot;circle&quot;}\" data-widget_type=\"form.default\">\n\t\t\t\t<div class=\"elementor-widget-container\">\n\t\t\t\t\t\t\t<form class=\"elementor-form\" method=\"post\" name=\"Formulario de fotos\" aria-label=\"Formulario de fotos\">\n\t\t\t<input type=\"hidden\" name=\"post_id\" value=\"3324\"\/>\n\t\t\t<input type=\"hidden\" name=\"form_id\" value=\"30ac82a\"\/>\n\t\t\t<input type=\"hidden\" name=\"referer_title\" value=\"Galer\u00eda Reto 104 horas | Asociaci\u00f3n Amigos del Tambor\" \/>\n\n\t\t\t\t\t\t\t<input type=\"hidden\" name=\"queried_id\" value=\"3324\"\/>\n\t\t\t\n\t\t\t<div class=\"elementor-form-fields-wrapper elementor-labels-\">\n\t\t\t\t\t\t\t\t<div class=\"elementor-field-type-text elementor-field-group elementor-column elementor-field-group-name elementor-col-100\">\n\t\t\t\t\t\t\t\t\t\t\t\t<label for=\"form-field-name\" class=\"elementor-field-label elementor-screen-only\">\n\t\t\t\t\t\t\t\tName\t\t\t\t\t\t\t<\/label>\n\t\t\t\t\t\t\t\t\t\t\t\t\t\t<input size=\"1\" type=\"text\" name=\"form_fields[name]\" id=\"form-field-name\" class=\"elementor-field elementor-size-sm  elementor-field-textual\" placeholder=\"Nombre\">\n\t\t\t\t\t\t\t\t\t\t\t<\/div>\n\t\t\t\t\t\t\t\t<div class=\"elementor-field-type-email elementor-field-group elementor-column elementor-field-group-email elementor-col-100 elementor-field-required\">\n\t\t\t\t\t\t\t\t\t\t\t\t<label for=\"form-field-email\" class=\"elementor-field-label elementor-screen-only\">\n\t\t\t\t\t\t\t\tEmail\t\t\t\t\t\t\t<\/label>\n\t\t\t\t\t\t\t\t\t\t\t\t\t\t<input size=\"1\" type=\"email\" name=\"form_fields[email]\" id=\"form-field-email\" class=\"elementor-field elementor-size-sm  elementor-field-textual\" placeholder=\"Email\" required=\"required\">\n\t\t\t\t\t\t\t\t\t\t\t<\/div>\n\t\t\t\t\t\t\t\t<div class=\"elementor-field-type-textarea elementor-field-group elementor-column elementor-field-group-message elementor-col-100\">\n\t\t\t\t\t\t\t\t\t\t\t\t<label for=\"form-field-message\" class=\"elementor-field-label elementor-screen-only\">\n\t\t\t\t\t\t\t\tMessage\t\t\t\t\t\t\t<\/label>\n\t\t\t\t\t\t<textarea class=\"elementor-field-textual elementor-field  elementor-size-sm\" name=\"form_fields[message]\" id=\"form-field-message\" rows=\"4\" placeholder=\"Mensaje\"><\/textarea>\t\t\t\t<\/div>\n\t\t\t\t\t\t\t\t<div class=\"elementor-field-type-upload elementor-field-group elementor-column elementor-field-group-field_1969903 elementor-col-100\">\n\t\t\t\t\t\t\t<input type=\"file\" name=\"form_fields[field_1969903][]\" id=\"form-field-field_1969903\" class=\"elementor-field elementor-size-sm  elementor-upload-field\" multiple=\"multiple\">\n\n\t\t\t\t\t\t<\/div>\n\t\t\t\t\t\t\t\t<div class=\"elementor-field-group elementor-column elementor-field-type-submit elementor-col-100 e-form__buttons\">\n\t\t\t\t\t<button class=\"elementor-button elementor-size-sm\" type=\"submit\">\n\t\t\t\t\t\t<span class=\"elementor-button-content-wrapper\">\n\t\t\t\t\t\t\t\t\t\t\t\t\t\t\t\t\t\t\t\t\t\t<span class=\"elementor-button-text\">Env\u00edar<\/span>\n\t\t\t\t\t\t\t\t\t\t\t\t\t<\/span>\n\t\t\t\t\t<\/button>\n\t\t\t\t<\/div>\n\t\t\t<\/div>\n\t\t<\/form>\n\t\t\t\t\t\t<\/div>\n\t\t\t\t<\/div>\n\t\t\t\t\t<\/div>\n\t\t<\/div>\n\t\t\t\t\t<\/div>\n\t\t<\/section>\n\t\t\t\t<\/div>\n\t\t","protected":false},"excerpt":{"rendered":"<p>Comparte tus fotos con nosotros Si tienes fotos que consideras adecuadas para publicarlas en nuestra web, puedes enviarnoslas a trav\u00e9s del formulario que encontrar\u00e1s en esta p\u00e1gina. Una vez revisadas por nuestro equipo ser\u00e1n publicadas en la web. No olvides rellenar tu datos para poder poner tu nombre de autor en la publicaci\u00f3n.\u00a0 Gracias por [&hellip;]<\/p>\n","protected":false},"author":1727,"featured_media":3305,"parent":3313,"menu_order":0,"comment_status":"closed","ping_status":"closed","template":"","meta":{"_acf_changed":false,"_uag_custom_page_level_css":"","_joinchat":{"telephone":"+34662299423"},"footnotes":""},"folder":[],"class_list":["post-3324","page","type-page","status-publish","has-post-thumbnail","hentry"],"acf":[],"uagb_featured_image_src":{"full":["https:\/\/amigosdeltambor.org\/wp-content\/uploads\/2024\/09\/RETO104H.jpg",1080,1080,false],"thumbnail":["https:\/\/amigosdeltambor.org\/wp-content\/uploads\/2024\/09\/RETO104H-150x150.jpg",150,150,true],"medium":["https:\/\/amigosdeltambor.org\/wp-content\/uploads\/2024\/09\/RETO104H-300x300.jpg",300,300,true],"medium_large":["https:\/\/amigosdeltambor.org\/wp-content\/uploads\/2024\/09\/RETO104H-768x768.jpg",768,768,true],"large":["https:\/\/amigosdeltambor.org\/wp-content\/uploads\/2024\/09\/RETO104H-1024x1024.jpg",1024,1024,true],"1536x1536":["https:\/\/amigosdeltambor.org\/wp-content\/uploads\/2024\/09\/RETO104H.jpg",1080,1080,false],"2048x2048":["https:\/\/amigosdeltambor.org\/wp-content\/uploads\/2024\/09\/RETO104H.jpg",1080,1080,false],"trp-custom-language-flag":["https:\/\/amigosdeltambor.org\/wp-content\/uploads\/2024\/09\/RETO104H.jpg",12,12,false]},"uagb_author_info":{"display_name":"JUAN JOSE MARTINEZ OTALORA","author_link":"https:\/\/amigosdeltambor.org\/en\/author\/9\/"},"uagb_comment_info":0,"uagb_excerpt":"Comparte tus fotos con nosotros Si tienes fotos que consideras adecuadas para publicarlas en nuestra web, puedes enviarnoslas a trav\u00e9s del formulario que encontrar\u00e1s en esta p\u00e1gina. Una vez revisadas por nuestro equipo ser\u00e1n publicadas en la web. No olvides rellenar tu datos para poder poner tu nombre de autor en la publicaci\u00f3n.\u00a0 Gracias por&hellip;","_links":{"self":[{"href":"https:\/\/amigosdeltambor.org\/en\/wp-json\/wp\/v2\/pages\/3324","targetHints":{"allow":["GET"]}}],"collection":[{"href":"https:\/\/amigosdeltambor.org\/en\/wp-json\/wp\/v2\/pages"}],"about":[{"href":"https:\/\/amigosdeltambor.org\/en\/wp-json\/wp\/v2\/types\/page"}],"author":[{"embeddable":true,"href":"https:\/\/amigosdeltambor.org\/en\/wp-json\/wp\/v2\/users\/1727"}],"replies":[{"embeddable":true,"href":"https:\/\/amigosdeltambor.org\/en\/wp-json\/wp\/v2\/comments?post=3324"}],"version-history":[{"count":5,"href":"https:\/\/amigosdeltambor.org\/en\/wp-json\/wp\/v2\/pages\/3324\/revisions"}],"predecessor-version":[{"id":3483,"href":"https:\/\/amigosdeltambor.org\/en\/wp-json\/wp\/v2\/pages\/3324\/revisions\/3483"}],"up":[{"embeddable":true,"href":"https:\/\/amigosdeltambor.org\/en\/wp-json\/wp\/v2\/pages\/3313"}],"wp:featuredmedia":[{"embeddable":true,"href":"https:\/\/amigosdeltambor.org\/en\/wp-json\/wp\/v2\/media\/3305"}],"wp:attachment":[{"href":"https:\/\/amigosdeltambor.org\/en\/wp-json\/wp\/v2\/media?parent=3324"}],"wp:term":[{"taxonomy":"folder","embeddable":true,"href":"https:\/\/amigosdeltambor.org\/en\/wp-json\/wp\/v2\/folder?post=3324"}],"curies":[{"name":"wp","href":"https:\/\/api.w.org\/{rel}","templated":true}]}}