{"id":3571,"date":"2026-02-26T18:28:24","date_gmt":"2026-02-26T17:28:24","guid":{"rendered":"https:\/\/amigosdeltambor.org\/?page_id=3571"},"modified":"2026-02-26T18:41:29","modified_gmt":"2026-02-26T17:41:29","slug":"revista-digital-2024","status":"publish","type":"page","link":"https:\/\/amigosdeltambor.org\/en\/digital-magazine-2024\/","title":{"rendered":"Digital Magazine 2024"},"content":{"rendered":"<div data-elementor-type=\"wp-page\" data-elementor-id=\"3571\" class=\"elementor elementor-3571\" data-elementor-post-type=\"page\">\n\t\t\t\t\t\t<section class=\"elementor-section elementor-top-section elementor-element elementor-element-e7557e9 elementor-section-content-middle elementor-section-full_width elementor-section-height-default elementor-section-height-default\" data-id=\"e7557e9\" data-element_type=\"section\" data-e-type=\"section\" data-settings=\"{&quot;background_background&quot;:&quot;classic&quot;}\">\n\t\t\t\t\t\t<div class=\"elementor-container elementor-column-gap-no\">\n\t\t\t\t\t<div class=\"elementor-column elementor-col-100 elementor-top-column elementor-element elementor-element-fd9425b\" data-id=\"fd9425b\" data-element_type=\"column\" data-e-type=\"column\">\n\t\t\t<div class=\"elementor-widget-wrap elementor-element-populated\">\n\t\t\t\t\t\t<div class=\"elementor-element elementor-element-907b6c8 elementor-widget elementor-widget-heading\" data-id=\"907b6c8\" data-element_type=\"widget\" data-e-type=\"widget\" data-widget_type=\"heading.default\">\n\t\t\t\t<div class=\"elementor-widget-container\">\n\t\t\t\t\t<h2 class=\"elementor-heading-title elementor-size-default\">Digital Magazine 2024<\/h2>\t\t\t\t<\/div>\n\t\t\t\t<\/div>\n\t\t\t\t\t<\/div>\n\t\t<\/div>\n\t\t\t\t\t<\/div>\n\t\t<\/section>\n\t\t\t\t<section class=\"elementor-section elementor-top-section elementor-element elementor-element-2b6d263 elementor-section-boxed elementor-section-height-default elementor-section-height-default\" data-id=\"2b6d263\" data-element_type=\"section\" data-e-type=\"section\" data-settings=\"{&quot;background_background&quot;:&quot;classic&quot;}\" fb=\"\">\n\t\t\t\t\t\t<div class=\"elementor-container elementor-column-gap-default\">\n\t\t\t\t\t<div class=\"elementor-column elementor-col-100 elementor-top-column elementor-element elementor-element-630dcec\" data-id=\"630dcec\" data-element_type=\"column\" data-e-type=\"column\">\n\t\t\t<div class=\"elementor-widget-wrap elementor-element-populated\">\n\t\t\t\t\t\t<div class=\"elementor-element elementor-element-f81bb36 elementor-widget elementor-widget-text-editor\" data-id=\"f81bb36\" data-element_type=\"widget\" data-e-type=\"widget\" data-widget_type=\"text-editor.default\">\n\t\t\t\t<div class=\"elementor-widget-container\">\n\t\t\t\t\t\t\t\t\t<p>In this 3rd edition of the digital magazine we will know through stories, tales and chronicles, we will know young cuadrillas, the activities carried out and the great delegation Jornadas Nacionales. In addition, we explore the drum school, relive unique moments on television and ... Dive into these pages and let the drum beat!<\/p>\t\t\t\t\t\t\t\t<\/div>\n\t\t\t\t<\/div>\n\t\t\t\t<div class=\"elementor-element elementor-element-0b0fb72 elementor-widget elementor-widget-heading\" data-id=\"0b0fb72\" data-element_type=\"widget\" data-e-type=\"widget\" data-widget_type=\"heading.default\">\n\t\t\t\t<div class=\"elementor-widget-container\">\n\t\t\t\t\t<h2 class=\"elementor-heading-title elementor-size-default\">READ THE MAGAZINE IN THIS INTERACTIVE FLIPBOOK<\/h2>\t\t\t\t<\/div>\n\t\t\t\t<\/div>\n\t\t\t\t<div class=\"elementor-element elementor-element-1b9ec8b elementor-widget elementor-widget-shortcode\" data-id=\"1b9ec8b\" data-element_type=\"widget\" data-e-type=\"widget\" data-widget_type=\"shortcode.default\">\n\t\t\t\t<div class=\"elementor-widget-container\">\n\t\t\t\t\t\t\t<div class=\"elementor-shortcode\"><div class=\"_3d-flip-book  fb3d-fullscreen-mode full-size\" data-id=\"2612\" data-mode=\"fullscreen\" data-title=\"false\" data-template=\"short-white-book-view\" data-lightbox=\"dark-shadow\" data-urlparam=\"fb3d-page\" data-page-n=\"0\" data-pdf=\"\" data-tax=\"null\" data-thumbnail=\"\" data-cols=\"3\" data-book-template=\"default\" data-trigger=\"\"><\/div><script type=\"text\/javascript\">window.FB3D_CLIENT_DATA = window.FB3D_CLIENT_DATA || [];FB3D_CLIENT_DATA.push('eyJwb3N0cyI6eyIyNjEyIjp7IklEIjoyNjEyLCJ0aXRsZSI6IlJldmlzdGEgQW1pZ29zIGRlbCBUYW1ib3IgMjAyMyIsInR5cGUiOiJwZGYiLCJyZWFkeV9mdW5jdGlvbiI6IiIsImJvb2tfc3R5bGUiOiJ2b2x1bWUiLCJib29rX3RlbXBsYXRlIjoibm9uZSIsIm91dGxpbmUiOltdLCJkYXRhIjp7InBvc3RfSUQiOiIyODY4IiwiZ3VpZCI6Imh0dHBzOlwvXC9hbWlnb3NkZWx0YW1ib3Iub3JnXC93cC1jb250ZW50XC91cGxvYWRzXC8yMDIzXC8wM1wvUkVWSVNUQS1BTUlHT1MtREVMLVRBTUJPUl8ucGRmIiwicGRmX3BhZ2VzIjoiNTMiLCJwYWdlc19jdXN0b21pemF0aW9uIjoibm9uZSJ9LCJ0aHVtYm5haWwiOnsiZGF0YSI6eyJwb3N0X0lEIjoiMCJ9LCJ0eXBlIjoiYXV0byJ9LCJwcm9wcyI6eyJjYWNoZWRQYWdlcyI6ImF1dG8iLCJyZW5kZXJJbmFjdGl2ZVBhZ2VzIjoiYXV0byIsInJlbmRlckluYWN0aXZlUGFnZXNPbk1vYmlsZSI6ImF1dG8iLCJyZW5kZXJXaGlsZUZsaXBwaW5nIjoiYXV0byIsInByZWxvYWRQYWdlcyI6ImF1dG8iLCJhdXRvUGxheUR1cmF0aW9uIjoiYXV0byIsInJ0bCI6ImF1dG8iLCJpbnRlcmFjdGl2ZUNvcm5lcnMiOiJhdXRvIiwic2hlZXQiOnsic3RhcnRWZWxvY2l0eSI6ImF1dG8iLCJ3YXZlIjoiYXV0byIsInNoYXBlIjoiYXV0byIsIndpZHRoVGV4ZWxzIjoiYXV0byIsImNvbG9yIjoiYXV0byIsInNpZGUiOiJhdXRvIiwiY29ybmVyRGV2aWF0aW9uIjoiYXV0byIsImZsZXhpYmlsaXR5IjoiYXV0byIsImZsZXhpYmxlQ29ybmVyIjoiYXV0byIsImJlbmRpbmciOiJhdXRvIiwiaGVpZ2h0VGV4ZWxzIjoiYXV0byJ9LCJjb3ZlciI6eyJ3YXZlIjoiYXV0byIsImNvbG9yIjoiYXV0byIsImJpbmRlclRleHR1cmUiOiJhdXRvIiwiZGVwdGgiOiJhdXRvIiwicGFkZGluZyI6ImF1dG8iLCJzdGFydFZlbG9jaXR5IjoiYXV0byIsImZsZXhpYmlsaXR5IjoiYXV0byIsImZsZXhpYmxlQ29ybmVyIjoiYXV0byIsImJlbmRpbmciOiJhdXRvIiwid2lkdGhUZXhlbHMiOiJhdXRvIiwiaGVpZ2h0VGV4ZWxzIjoiYXV0byIsIm1hc3MiOiJhdXRvIiwic2lkZSI6ImF1dG8iLCJzaGFwZSI6ImF1dG8ifSwicGFnZSI6eyJ3YXZlIjoiYXV0byIsImNvbG9yIjoiYXV0byIsImRlcHRoIjoiYXV0byIsInN0YXJ0VmVsb2NpdHkiOiJhdXRvIiwiZmxleGliaWxpdHkiOiJhdXRvIiwiZmxleGlibGVDb3JuZXIiOiJhdXRvIiwiYmVuZGluZyI6ImF1dG8iLCJ3aWR0aFRleGVscyI6ImF1dG8iLCJoZWlnaHRUZXhlbHMiOiJhdXRvIiwibWFzcyI6ImF1dG8iLCJzaWRlIjoiYXV0byIsInNoYXBlIjoiYXV0byJ9LCJoZWlnaHQiOiJhdXRvIiwid2lkdGgiOiJhdXRvIiwiZ3Jhdml0eSI6ImF1dG8iLCJwYWdlc0ZvclByZWRpY3RpbmciOiJhdXRvIn0sImNvbnRyb2xQcm9wcyI6eyJhY3Rpb25zIjp7ImNtZFRvYyI6eyJlbmFibGVkIjoiYXV0byIsImVuYWJsZWRJbk5hcnJvdyI6ImF1dG8iLCJhY3RpdmUiOiJhdXRvIiwiZGVmYXVsdFRhYiI6ImF1dG8ifSwiY21kQXV0b1BsYXkiOnsiZW5hYmxlZCI6ImF1dG8iLCJlbmFibGVkSW5OYXJyb3ciOiJhdXRvIiwiYWN0aXZlIjoiYXV0byJ9LCJjbWRTYXZlIjp7ImVuYWJsZWQiOiJhdXRvIiwiZW5hYmxlZEluTmFycm93IjoiYXV0byJ9LCJjbWRQcmludCI6eyJlbmFibGVkIjoiYXV0byIsImVuYWJsZWRJbk5hcnJvdyI6ImF1dG8ifSwiY21kU2luZ2xlUGFnZSI6eyJlbmFibGVkIjoiYXV0byIsImVuYWJsZWRJbk5hcnJvdyI6ImF1dG8iLCJhY3RpdmUiOiJhdXRvIiwiYWN0aXZlRm9yTW9iaWxlIjoiYXV0byJ9LCJ3aWRUb29sYmFyIjp7ImVuYWJsZWQiOiJhdXRvIiwiZW5hYmxlZEluTmFycm93IjoiYXV0byJ9fX0sImF1dG9UaHVtYm5haWwiOiJodHRwczpcL1wvYW1pZ29zZGVsdGFtYm9yLm9yZ1wvd3AtY29udGVudFwvdXBsb2Fkc1wvM2QtZmxpcC1ib29rXC9hdXRvLXRodW1ibmFpbHNcLzI2MTIucG5nIiwicG9zdF9uYW1lIjoicmV2aXN0YS1hbWlnb3MtZGVsLXRhbWJvci0yMDIzIiwicG9zdF90eXBlIjoiM2QtZmxpcC1ib29rIn19LCJwYWdlcyI6W10sImZpcnN0UGFnZXMiOltdfQ==');window.FB3D_CLIENT_LOCALE && FB3D_CLIENT_LOCALE.render && FB3D_CLIENT_LOCALE.render();<\/script><\/div>\n\t\t\t\t\t\t<\/div>\n\t\t\t\t<\/div>\n\t\t\t\t\t<\/div>\n\t\t<\/div>\n\t\t\t\t\t<\/div>\n\t\t<\/section>\n\t\t\t\t<section class=\"elementor-section elementor-top-section elementor-element elementor-element-9403e5e elementor-section-full_width elementor-section-content-middle elementor-section-height-default elementor-section-height-default\" data-id=\"9403e5e\" data-element_type=\"section\" data-e-type=\"section\" data-settings=\"{&quot;background_background&quot;:&quot;classic&quot;}\">\n\t\t\t\t\t\t<div class=\"elementor-container elementor-column-gap-no\">\n\t\t\t\t\t<div class=\"elementor-column elementor-col-100 elementor-top-column elementor-element elementor-element-20bce05\" data-id=\"20bce05\" data-element_type=\"column\" data-e-type=\"column\">\n\t\t\t<div class=\"elementor-widget-wrap elementor-element-populated\">\n\t\t\t\t\t\t<div class=\"elementor-element elementor-element-eef630b elementor-widget elementor-widget-text-editor\" data-id=\"eef630b\" data-element_type=\"widget\" data-e-type=\"widget\" data-widget_type=\"text-editor.default\">\n\t\t\t\t<div class=\"elementor-widget-container\">\n\t\t\t\t\t\t\t\t\t<p>In this edition we narrate the different articles of the magazine. Listen to the articles about the gang A las 12 cortamos or La Almeja, as well as the beginnings of the association.<\/p>\t\t\t\t\t\t\t\t<\/div>\n\t\t\t\t<\/div>\n\t\t\t\t<div class=\"elementor-element elementor-element-413f651 elementor-widget elementor-widget-heading\" data-id=\"413f651\" data-element_type=\"widget\" data-e-type=\"widget\" data-widget_type=\"heading.default\">\n\t\t\t\t<div class=\"elementor-widget-container\">\n\t\t\t\t\t<h2 class=\"elementor-heading-title elementor-size-default\">LISTEN TO OUR DIGITAL MAGAZINE ON IVOOX<\/h2>\t\t\t\t<\/div>\n\t\t\t\t<\/div>\n\t\t\t\t<div class=\"elementor-element elementor-element-7324625 elementor-widget elementor-widget-html\" data-id=\"7324625\" data-element_type=\"widget\" data-e-type=\"widget\" data-widget_type=\"html.default\">\n\t\t\t\t<div class=\"elementor-widget-container\">\n\t\t\t\t\t<iframe src=\"https:\/\/www.ivoox.com\/player_es_podcast_2382020_zp_1.html?c1=464646\" width=\"100%\" height=\"400\" frameborder=\"0\" allowfullscreen=\"\" scrolling=\"no\" loading=\"lazy\"><\/iframe>\t\t\t\t<\/div>\n\t\t\t\t<\/div>\n\t\t\t\t\t<\/div>\n\t\t<\/div>\n\t\t\t\t\t<\/div>\n\t\t<\/section>\n\t\t\t\t<section class=\"elementor-section elementor-top-section elementor-element elementor-element-e751712 elementor-section-content-middle elementor-section-full_width elementor-section-height-default elementor-section-height-default\" data-id=\"e751712\" data-element_type=\"section\" data-e-type=\"section\" data-settings=\"{&quot;background_background&quot;:&quot;classic&quot;}\">\n\t\t\t\t\t\t<div class=\"elementor-container elementor-column-gap-no\">\n\t\t\t\t\t<div class=\"elementor-column elementor-col-100 elementor-top-column elementor-element elementor-element-d485d3e\" data-id=\"d485d3e\" data-element_type=\"column\" data-e-type=\"column\">\n\t\t\t<div class=\"elementor-widget-wrap elementor-element-populated\">\n\t\t\t\t\t\t<div class=\"elementor-element elementor-element-425fcce elementor-widget elementor-widget-heading\" data-id=\"425fcce\" data-element_type=\"widget\" data-e-type=\"widget\" data-widget_type=\"heading.default\">\n\t\t\t\t<div class=\"elementor-widget-container\">\n\t\t\t\t\t<h2 class=\"elementor-heading-title elementor-size-default\">READ THE REST OF THE DIGITAL MAGAZINES<\/h2>\t\t\t\t<\/div>\n\t\t\t\t<\/div>\n\t\t<div class=\"elementor-element elementor-element-bd85a85 e-grid e-con-boxed e-con e-parent\" data-id=\"bd85a85\" data-element_type=\"container\" data-e-type=\"container\">\n\t\t\t\t\t<div class=\"e-con-inner\">\n\t\t\t\t<div class=\"elementor-element elementor-element-1bf4f68 elementor-widget elementor-widget-image\" data-id=\"1bf4f68\" data-element_type=\"widget\" data-e-type=\"widget\" data-widget_type=\"image.default\">\n\t\t\t\t<div class=\"elementor-widget-container\">\n\t\t\t\t\t\t\t\t\t\t\t\t<figure class=\"wp-caption\">\n\t\t\t\t\t\t\t\t\t\t\t<a href=\"https:\/\/amigosdeltambor.org\/en\/digital-magazine\/\">\n\t\t\t\t\t\t\t<img fetchpriority=\"high\" decoding=\"async\" width=\"212\" height=\"300\" src=\"https:\/\/amigosdeltambor.org\/wp-content\/uploads\/2026\/02\/Portada_REVISTA-DIGITAL-2026-212x300.jpg\" class=\"attachment-medium size-medium wp-image-4517\" alt=\"Portada revista digital 2026\" srcset=\"https:\/\/amigosdeltambor.org\/wp-content\/uploads\/2026\/02\/Portada_REVISTA-DIGITAL-2026-212x300.jpg 212w, https:\/\/amigosdeltambor.org\/wp-content\/uploads\/2026\/02\/Portada_REVISTA-DIGITAL-2026-8x12.jpg 8w, https:\/\/amigosdeltambor.org\/wp-content\/uploads\/2026\/02\/Portada_REVISTA-DIGITAL-2026.jpg 596w\" sizes=\"(max-width: 212px) 100vw, 212px\" title=\"\">\t\t\t\t\t\t\t\t<\/a>\n\t\t\t\t\t\t\t\t\t\t\t<figcaption class=\"widget-image-caption wp-caption-text\"><\/figcaption>\n\t\t\t\t\t\t\t\t\t\t<\/figure>\n\t\t\t\t\t\t\t\t\t<\/div>\n\t\t\t\t<\/div>\n\t\t\t\t<div class=\"elementor-element elementor-element-d3d9f85 elementor-widget elementor-widget-image\" data-id=\"d3d9f85\" data-element_type=\"widget\" data-e-type=\"widget\" data-widget_type=\"image.default\">\n\t\t\t\t<div class=\"elementor-widget-container\">\n\t\t\t\t\t\t\t\t\t\t\t\t<figure class=\"wp-caption\">\n\t\t\t\t\t\t\t\t\t\t\t<a href=\"https:\/\/amigosdeltambor.org\/en\/digital-magazine\/\">\n\t\t\t\t\t\t\t<img decoding=\"async\" width=\"212\" height=\"300\" src=\"https:\/\/amigosdeltambor.org\/wp-content\/uploads\/2025\/03\/Portada-Revista-2025-212x300.jpg\" class=\"attachment-medium size-medium wp-image-3597\" alt=\"Cover of Digital Magazine 2025\" srcset=\"https:\/\/amigosdeltambor.org\/wp-content\/uploads\/2025\/03\/Portada-Revista-2025-212x300.jpg 212w, https:\/\/amigosdeltambor.org\/wp-content\/uploads\/2025\/03\/Portada-Revista-2025-724x1024.jpg 724w, https:\/\/amigosdeltambor.org\/wp-content\/uploads\/2025\/03\/Portada-Revista-2025-768x1086.jpg 768w, https:\/\/amigosdeltambor.org\/wp-content\/uploads\/2025\/03\/Portada-Revista-2025-1086x1536.jpg 1086w, https:\/\/amigosdeltambor.org\/wp-content\/uploads\/2025\/03\/Portada-Revista-2025-1448x2048.jpg 1448w, https:\/\/amigosdeltambor.org\/wp-content\/uploads\/2025\/03\/Portada-Revista-2025.jpg 1654w\" sizes=\"(max-width: 212px) 100vw, 212px\" title=\"\">\t\t\t\t\t\t\t\t<\/a>\n\t\t\t\t\t\t\t\t\t\t\t<figcaption class=\"widget-image-caption wp-caption-text\"><\/figcaption>\n\t\t\t\t\t\t\t\t\t\t<\/figure>\n\t\t\t\t\t\t\t\t\t<\/div>\n\t\t\t\t<\/div>\n\t\t\t\t<div class=\"elementor-element elementor-element-6864420 elementor-widget elementor-widget-image\" data-id=\"6864420\" data-element_type=\"widget\" data-e-type=\"widget\" data-widget_type=\"image.default\">\n\t\t\t\t<div class=\"elementor-widget-container\">\n\t\t\t\t\t\t\t\t\t\t\t\t<figure class=\"wp-caption\">\n\t\t\t\t\t\t\t\t\t\t\t<a href=\"https:\/\/amigosdeltambor.org\/en\/digital-magazine-2023\/\">\n\t\t\t\t\t\t\t<img decoding=\"async\" width=\"212\" height=\"300\" src=\"https:\/\/amigosdeltambor.org\/wp-content\/uploads\/2025\/03\/REVISTA-AMIGOS-DEL-TAMBOR_-pdf-212x300.jpg\" class=\"attachment-medium size-medium wp-image-3654\" alt=\"Cover of Digital Magazine 2023\" srcset=\"https:\/\/amigosdeltambor.org\/wp-content\/uploads\/2025\/03\/REVISTA-AMIGOS-DEL-TAMBOR_-pdf-212x300.jpg 212w, https:\/\/amigosdeltambor.org\/wp-content\/uploads\/2025\/03\/REVISTA-AMIGOS-DEL-TAMBOR_-pdf-724x1024.jpg 724w, https:\/\/amigosdeltambor.org\/wp-content\/uploads\/2025\/03\/REVISTA-AMIGOS-DEL-TAMBOR_-pdf-768x1087.jpg 768w, https:\/\/amigosdeltambor.org\/wp-content\/uploads\/2025\/03\/REVISTA-AMIGOS-DEL-TAMBOR_-pdf.jpg 1058w\" sizes=\"(max-width: 212px) 100vw, 212px\" title=\"\">\t\t\t\t\t\t\t\t<\/a>\n\t\t\t\t\t\t\t\t\t\t\t<figcaption class=\"widget-image-caption wp-caption-text\"><\/figcaption>\n\t\t\t\t\t\t\t\t\t\t<\/figure>\n\t\t\t\t\t\t\t\t\t<\/div>\n\t\t\t\t<\/div>\n\t\t\t\t<div class=\"elementor-element elementor-element-5b790dc elementor-widget elementor-widget-image\" data-id=\"5b790dc\" data-element_type=\"widget\" data-e-type=\"widget\" data-widget_type=\"image.default\">\n\t\t\t\t<div class=\"elementor-widget-container\">\n\t\t\t\t\t\t\t\t\t\t\t\t<figure class=\"wp-caption\">\n\t\t\t\t\t\t\t\t\t\t\t<a href=\"https:\/\/amigosdeltambor.org\/en\/digital-magazine-2022\/\">\n\t\t\t\t\t\t\t<img loading=\"lazy\" decoding=\"async\" width=\"217\" height=\"300\" src=\"https:\/\/amigosdeltambor.org\/wp-content\/uploads\/2022\/05\/Portada-de-la-revista-217x300.jpeg\" class=\"attachment-medium size-medium wp-image-1687\" alt=\"Cover of Digital Magazine 2022\" srcset=\"https:\/\/amigosdeltambor.org\/wp-content\/uploads\/2022\/05\/Portada-de-la-revista-217x300.jpeg 217w, https:\/\/amigosdeltambor.org\/wp-content\/uploads\/2022\/05\/Portada-de-la-revista-741x1024.jpeg 741w, https:\/\/amigosdeltambor.org\/wp-content\/uploads\/2022\/05\/Portada-de-la-revista-768x1061.jpeg 768w, https:\/\/amigosdeltambor.org\/wp-content\/uploads\/2022\/05\/Portada-de-la-revista-1112x1536.jpeg 1112w, https:\/\/amigosdeltambor.org\/wp-content\/uploads\/2022\/05\/Portada-de-la-revista.jpeg 1158w\" sizes=\"(max-width: 217px) 100vw, 217px\" title=\"\">\t\t\t\t\t\t\t\t<\/a>\n\t\t\t\t\t\t\t\t\t\t\t<figcaption class=\"widget-image-caption wp-caption-text\"><\/figcaption>\n\t\t\t\t\t\t\t\t\t\t<\/figure>\n\t\t\t\t\t\t\t\t\t<\/div>\n\t\t\t\t<\/div>\n\t\t\t\t\t<\/div>\n\t\t\t\t<\/div>\n\t\t\t\t\t<\/div>\n\t\t<\/div>\n\t\t\t\t\t<\/div>\n\t\t<\/section>\n\t\t\t\t<\/div>","protected":false},"excerpt":{"rendered":"<p>Revista Digital 2024 En esta 3\u00aa edici\u00f3n de la revista digital conoceremos a trav\u00e9s de historias, relatos y cr\u00f3nicas, conoceremos j\u00f3venes cuadrillas,\u00a0 las actividades realizadas y la gran delegaci\u00f3n Jornadas Nacionales. Adem\u00e1s, exploramos la escuela de tambor, revivimos momentos \u00fanicos en televisi\u00f3n y . \u00a1Sum\u00e9rgete en estas p\u00e1ginas y que suene el tambor! LEE LA [&hellip;]<\/p>\n","protected":false},"author":937,"featured_media":3240,"parent":0,"menu_order":0,"comment_status":"closed","ping_status":"closed","template":"","meta":{"_acf_changed":false,"_uag_custom_page_level_css":"","_joinchat":[],"footnotes":""},"folder":[],"class_list":["post-3571","page","type-page","status-publish","has-post-thumbnail","hentry"],"acf":[],"uagb_featured_image_src":{"full":["https:\/\/amigosdeltambor.org\/wp-content\/uploads\/2024\/02\/Revista-Amigos-del-Tambor-2024_-scaled.jpg",1854,2560,false],"thumbnail":["https:\/\/amigosdeltambor.org\/wp-content\/uploads\/2024\/02\/Revista-Amigos-del-Tambor-2024_-150x150.jpg",150,150,true],"medium":["https:\/\/amigosdeltambor.org\/wp-content\/uploads\/2024\/02\/Revista-Amigos-del-Tambor-2024_-217x300.jpg",217,300,true],"medium_large":["https:\/\/amigosdeltambor.org\/wp-content\/uploads\/2024\/02\/Revista-Amigos-del-Tambor-2024_-768x1060.jpg",768,1060,true],"large":["https:\/\/amigosdeltambor.org\/wp-content\/uploads\/2024\/02\/Revista-Amigos-del-Tambor-2024_-742x1024.jpg",742,1024,true],"1536x1536":["https:\/\/amigosdeltambor.org\/wp-content\/uploads\/2024\/02\/Revista-Amigos-del-Tambor-2024_-1112x1536.jpg",1112,1536,true],"2048x2048":["https:\/\/amigosdeltambor.org\/wp-content\/uploads\/2024\/02\/Revista-Amigos-del-Tambor-2024_-1483x2048.jpg",1483,2048,true],"trp-custom-language-flag":["https:\/\/amigosdeltambor.org\/wp-content\/uploads\/2024\/02\/Revista-Amigos-del-Tambor-2024_-scaled.jpg",9,12,false]},"uagb_author_info":{"display_name":"ADRIAN RODRIGUEZ MORENO","author_link":"https:\/\/amigosdeltambor.org\/en\/author\/935\/"},"uagb_comment_info":0,"uagb_excerpt":"Revista Digital 2024 En esta 3\u00aa edici\u00f3n de la revista digital conoceremos a trav\u00e9s de historias, relatos y cr\u00f3nicas, conoceremos j\u00f3venes cuadrillas,\u00a0 las actividades realizadas y la gran delegaci\u00f3n Jornadas Nacionales. Adem\u00e1s, exploramos la escuela de tambor, revivimos momentos \u00fanicos en televisi\u00f3n y . \u00a1Sum\u00e9rgete en estas p\u00e1ginas y que suene el tambor! LEE LA&hellip;","_links":{"self":[{"href":"https:\/\/amigosdeltambor.org\/en\/wp-json\/wp\/v2\/pages\/3571","targetHints":{"allow":["GET"]}}],"collection":[{"href":"https:\/\/amigosdeltambor.org\/en\/wp-json\/wp\/v2\/pages"}],"about":[{"href":"https:\/\/amigosdeltambor.org\/en\/wp-json\/wp\/v2\/types\/page"}],"author":[{"embeddable":true,"href":"https:\/\/amigosdeltambor.org\/en\/wp-json\/wp\/v2\/users\/937"}],"replies":[{"embeddable":true,"href":"https:\/\/amigosdeltambor.org\/en\/wp-json\/wp\/v2\/comments?post=3571"}],"version-history":[{"count":32,"href":"https:\/\/amigosdeltambor.org\/en\/wp-json\/wp\/v2\/pages\/3571\/revisions"}],"predecessor-version":[{"id":4616,"href":"https:\/\/amigosdeltambor.org\/en\/wp-json\/wp\/v2\/pages\/3571\/revisions\/4616"}],"wp:featuredmedia":[{"embeddable":true,"href":"https:\/\/amigosdeltambor.org\/en\/wp-json\/wp\/v2\/media\/3240"}],"wp:attachment":[{"href":"https:\/\/amigosdeltambor.org\/en\/wp-json\/wp\/v2\/media?parent=3571"}],"wp:term":[{"taxonomy":"folder","embeddable":true,"href":"https:\/\/amigosdeltambor.org\/en\/wp-json\/wp\/v2\/folder?post=3571"}],"curies":[{"name":"wp","href":"https:\/\/api.w.org\/{rel}","templated":true}]}}