{"id":3583,"date":"2026-02-26T18:28:14","date_gmt":"2026-02-26T17:28:14","guid":{"rendered":"https:\/\/amigosdeltambor.org\/?page_id=3583"},"modified":"2026-02-26T18:40:34","modified_gmt":"2026-02-26T17:40:34","slug":"revista-digital-2023","status":"publish","type":"page","link":"https:\/\/amigosdeltambor.org\/en\/digital-magazine-2023\/","title":{"rendered":"Digital Magazine 2023"},"content":{"rendered":"<div data-elementor-type=\"wp-page\" data-elementor-id=\"3583\" class=\"elementor elementor-3583\" data-elementor-post-type=\"page\">\n\t\t\t\t\t\t<section class=\"elementor-section elementor-top-section elementor-element elementor-element-5c977f2 elementor-section-content-middle elementor-section-full_width elementor-section-height-default elementor-section-height-default\" data-id=\"5c977f2\" data-element_type=\"section\" data-e-type=\"section\" data-settings=\"{&quot;background_background&quot;:&quot;classic&quot;}\">\n\t\t\t\t\t\t<div class=\"elementor-container elementor-column-gap-no\">\n\t\t\t\t\t<div class=\"elementor-column elementor-col-100 elementor-top-column elementor-element elementor-element-4779c09\" data-id=\"4779c09\" data-element_type=\"column\" data-e-type=\"column\">\n\t\t\t<div class=\"elementor-widget-wrap elementor-element-populated\">\n\t\t\t\t\t\t<div class=\"elementor-element elementor-element-0651103 elementor-widget elementor-widget-heading\" data-id=\"0651103\" data-element_type=\"widget\" data-e-type=\"widget\" data-widget_type=\"heading.default\">\n\t\t\t\t<div class=\"elementor-widget-container\">\n\t\t\t\t\t<h2 class=\"elementor-heading-title elementor-size-default\">Digital Magazine 2023<\/h2>\t\t\t\t<\/div>\n\t\t\t\t<\/div>\n\t\t\t\t\t<\/div>\n\t\t<\/div>\n\t\t\t\t\t<\/div>\n\t\t<\/section>\n\t\t\t\t<section class=\"elementor-section elementor-top-section elementor-element elementor-element-e7f3777 elementor-section-boxed elementor-section-height-default elementor-section-height-default\" data-id=\"e7f3777\" data-element_type=\"section\" data-e-type=\"section\" data-settings=\"{&quot;background_background&quot;:&quot;classic&quot;}\" fb=\"\">\n\t\t\t\t\t\t<div class=\"elementor-container elementor-column-gap-default\">\n\t\t\t\t\t<div class=\"elementor-column elementor-col-100 elementor-top-column elementor-element elementor-element-6c7a1bd\" data-id=\"6c7a1bd\" data-element_type=\"column\" data-e-type=\"column\">\n\t\t\t<div class=\"elementor-widget-wrap elementor-element-populated\">\n\t\t\t\t\t\t<div class=\"elementor-element elementor-element-391e268 elementor-widget elementor-widget-text-editor\" data-id=\"391e268\" data-element_type=\"widget\" data-e-type=\"widget\" data-widget_type=\"text-editor.default\">\n\t\t\t\t<div class=\"elementor-widget-container\">\n\t\t\t\t\t\t\t\t\t<p>In this edition we wanted you to enjoy the articles of the cuadrillas such as La movida, a surprise gift or the farewell to El capit\u00e1n de los soplas. We also want to show you the history of several jewel drums and, of course, a summary of the Jornadas de Exaltaci\u00f3n.<\/p>\t\t\t\t\t\t\t\t<\/div>\n\t\t\t\t<\/div>\n\t\t\t\t<div class=\"elementor-element elementor-element-19f6777 elementor-widget elementor-widget-heading\" data-id=\"19f6777\" data-element_type=\"widget\" data-e-type=\"widget\" data-widget_type=\"heading.default\">\n\t\t\t\t<div class=\"elementor-widget-container\">\n\t\t\t\t\t<h2 class=\"elementor-heading-title elementor-size-default\">READ THE MAGAZINE IN THIS INTERACTIVE FLIPBOOK<\/h2>\t\t\t\t<\/div>\n\t\t\t\t<\/div>\n\t\t\t\t<div class=\"elementor-element elementor-element-ba2222d elementor-widget elementor-widget-shortcode\" data-id=\"ba2222d\" data-element_type=\"widget\" data-e-type=\"widget\" data-widget_type=\"shortcode.default\">\n\t\t\t\t<div class=\"elementor-widget-container\">\n\t\t\t\t\t\t\t<div class=\"elementor-shortcode\"><div class=\"_3d-flip-book  fb3d-fullscreen-mode full-size\" data-id=\"2612\" data-mode=\"fullscreen\" data-title=\"false\" data-template=\"short-white-book-view\" data-lightbox=\"dark-shadow\" data-urlparam=\"fb3d-page\" data-page-n=\"0\" data-pdf=\"\" data-tax=\"null\" data-thumbnail=\"\" data-cols=\"3\" data-book-template=\"default\" data-trigger=\"\"><\/div><script type=\"text\/javascript\">window.FB3D_CLIENT_DATA = window.FB3D_CLIENT_DATA || [];FB3D_CLIENT_DATA.push('eyJwb3N0cyI6eyIyNjEyIjp7IklEIjoyNjEyLCJ0aXRsZSI6IlJldmlzdGEgQW1pZ29zIGRlbCBUYW1ib3IgMjAyMyIsInR5cGUiOiJwZGYiLCJyZWFkeV9mdW5jdGlvbiI6IiIsImJvb2tfc3R5bGUiOiJ2b2x1bWUiLCJib29rX3RlbXBsYXRlIjoibm9uZSIsIm91dGxpbmUiOltdLCJkYXRhIjp7InBvc3RfSUQiOiIyODY4IiwiZ3VpZCI6Imh0dHBzOlwvXC9hbWlnb3NkZWx0YW1ib3Iub3JnXC93cC1jb250ZW50XC91cGxvYWRzXC8yMDIzXC8wM1wvUkVWSVNUQS1BTUlHT1MtREVMLVRBTUJPUl8ucGRmIiwicGRmX3BhZ2VzIjoiNTMiLCJwYWdlc19jdXN0b21pemF0aW9uIjoibm9uZSJ9LCJ0aHVtYm5haWwiOnsiZGF0YSI6eyJwb3N0X0lEIjoiMCJ9LCJ0eXBlIjoiYXV0byJ9LCJwcm9wcyI6eyJjYWNoZWRQYWdlcyI6ImF1dG8iLCJyZW5kZXJJbmFjdGl2ZVBhZ2VzIjoiYXV0byIsInJlbmRlckluYWN0aXZlUGFnZXNPbk1vYmlsZSI6ImF1dG8iLCJyZW5kZXJXaGlsZUZsaXBwaW5nIjoiYXV0byIsInByZWxvYWRQYWdlcyI6ImF1dG8iLCJhdXRvUGxheUR1cmF0aW9uIjoiYXV0byIsInJ0bCI6ImF1dG8iLCJpbnRlcmFjdGl2ZUNvcm5lcnMiOiJhdXRvIiwic2hlZXQiOnsic3RhcnRWZWxvY2l0eSI6ImF1dG8iLCJ3YXZlIjoiYXV0byIsInNoYXBlIjoiYXV0byIsIndpZHRoVGV4ZWxzIjoiYXV0byIsImNvbG9yIjoiYXV0byIsInNpZGUiOiJhdXRvIiwiY29ybmVyRGV2aWF0aW9uIjoiYXV0byIsImZsZXhpYmlsaXR5IjoiYXV0byIsImZsZXhpYmxlQ29ybmVyIjoiYXV0byIsImJlbmRpbmciOiJhdXRvIiwiaGVpZ2h0VGV4ZWxzIjoiYXV0byJ9LCJjb3ZlciI6eyJ3YXZlIjoiYXV0byIsImNvbG9yIjoiYXV0byIsImJpbmRlclRleHR1cmUiOiJhdXRvIiwiZGVwdGgiOiJhdXRvIiwicGFkZGluZyI6ImF1dG8iLCJzdGFydFZlbG9jaXR5IjoiYXV0byIsImZsZXhpYmlsaXR5IjoiYXV0byIsImZsZXhpYmxlQ29ybmVyIjoiYXV0byIsImJlbmRpbmciOiJhdXRvIiwid2lkdGhUZXhlbHMiOiJhdXRvIiwiaGVpZ2h0VGV4ZWxzIjoiYXV0byIsIm1hc3MiOiJhdXRvIiwic2lkZSI6ImF1dG8iLCJzaGFwZSI6ImF1dG8ifSwicGFnZSI6eyJ3YXZlIjoiYXV0byIsImNvbG9yIjoiYXV0byIsImRlcHRoIjoiYXV0byIsInN0YXJ0VmVsb2NpdHkiOiJhdXRvIiwiZmxleGliaWxpdHkiOiJhdXRvIiwiZmxleGlibGVDb3JuZXIiOiJhdXRvIiwiYmVuZGluZyI6ImF1dG8iLCJ3aWR0aFRleGVscyI6ImF1dG8iLCJoZWlnaHRUZXhlbHMiOiJhdXRvIiwibWFzcyI6ImF1dG8iLCJzaWRlIjoiYXV0byIsInNoYXBlIjoiYXV0byJ9LCJoZWlnaHQiOiJhdXRvIiwid2lkdGgiOiJhdXRvIiwiZ3Jhdml0eSI6ImF1dG8iLCJwYWdlc0ZvclByZWRpY3RpbmciOiJhdXRvIn0sImNvbnRyb2xQcm9wcyI6eyJhY3Rpb25zIjp7ImNtZFRvYyI6eyJlbmFibGVkIjoiYXV0byIsImVuYWJsZWRJbk5hcnJvdyI6ImF1dG8iLCJhY3RpdmUiOiJhdXRvIiwiZGVmYXVsdFRhYiI6ImF1dG8ifSwiY21kQXV0b1BsYXkiOnsiZW5hYmxlZCI6ImF1dG8iLCJlbmFibGVkSW5OYXJyb3ciOiJhdXRvIiwiYWN0aXZlIjoiYXV0byJ9LCJjbWRTYXZlIjp7ImVuYWJsZWQiOiJhdXRvIiwiZW5hYmxlZEluTmFycm93IjoiYXV0byJ9LCJjbWRQcmludCI6eyJlbmFibGVkIjoiYXV0byIsImVuYWJsZWRJbk5hcnJvdyI6ImF1dG8ifSwiY21kU2luZ2xlUGFnZSI6eyJlbmFibGVkIjoiYXV0byIsImVuYWJsZWRJbk5hcnJvdyI6ImF1dG8iLCJhY3RpdmUiOiJhdXRvIiwiYWN0aXZlRm9yTW9iaWxlIjoiYXV0byJ9LCJ3aWRUb29sYmFyIjp7ImVuYWJsZWQiOiJhdXRvIiwiZW5hYmxlZEluTmFycm93IjoiYXV0byJ9fX0sImF1dG9UaHVtYm5haWwiOiJodHRwczpcL1wvYW1pZ29zZGVsdGFtYm9yLm9yZ1wvd3AtY29udGVudFwvdXBsb2Fkc1wvM2QtZmxpcC1ib29rXC9hdXRvLXRodW1ibmFpbHNcLzI2MTIucG5nIiwicG9zdF9uYW1lIjoicmV2aXN0YS1hbWlnb3MtZGVsLXRhbWJvci0yMDIzIiwicG9zdF90eXBlIjoiM2QtZmxpcC1ib29rIn19LCJwYWdlcyI6W10sImZpcnN0UGFnZXMiOltdfQ==');window.FB3D_CLIENT_LOCALE && FB3D_CLIENT_LOCALE.render && FB3D_CLIENT_LOCALE.render();<\/script><\/div>\n\t\t\t\t\t\t<\/div>\n\t\t\t\t<\/div>\n\t\t\t\t\t<\/div>\n\t\t<\/div>\n\t\t\t\t\t<\/div>\n\t\t<\/section>\n\t\t\t\t<section class=\"elementor-section elementor-top-section elementor-element elementor-element-3884f86 elementor-section-full_width elementor-section-content-middle elementor-section-height-default elementor-section-height-default\" data-id=\"3884f86\" data-element_type=\"section\" data-e-type=\"section\" data-settings=\"{&quot;background_background&quot;:&quot;classic&quot;}\">\n\t\t\t\t\t\t<div class=\"elementor-container elementor-column-gap-no\">\n\t\t\t\t\t<div class=\"elementor-column elementor-col-100 elementor-top-column elementor-element elementor-element-fbc9139\" data-id=\"fbc9139\" data-element_type=\"column\" data-e-type=\"column\">\n\t\t\t<div class=\"elementor-widget-wrap elementor-element-populated\">\n\t\t\t\t\t\t<div class=\"elementor-element elementor-element-f29d106 elementor-widget elementor-widget-text-editor\" data-id=\"f29d106\" data-element_type=\"widget\" data-e-type=\"widget\" data-widget_type=\"text-editor.default\">\n\t\t\t\t<div class=\"elementor-widget-container\">\n\t\t\t\t\t\t\t\t\t<p>In this 2nd edition we return to narrate so that you can listen to articles such as the origins of the drum, the poem Quiero temblar mi tambor or a preview of what will be the Jornadas Nacionales.<\/p>\t\t\t\t\t\t\t\t<\/div>\n\t\t\t\t<\/div>\n\t\t\t\t<div class=\"elementor-element elementor-element-b20ba77 elementor-widget elementor-widget-heading\" data-id=\"b20ba77\" data-element_type=\"widget\" data-e-type=\"widget\" data-widget_type=\"heading.default\">\n\t\t\t\t<div class=\"elementor-widget-container\">\n\t\t\t\t\t<h2 class=\"elementor-heading-title elementor-size-default\">LISTEN TO OUR DIGITAL MAGAZINE ON IVOOX<\/h2>\t\t\t\t<\/div>\n\t\t\t\t<\/div>\n\t\t\t\t<div class=\"elementor-element elementor-element-94fa4f9 elementor-widget elementor-widget-html\" data-id=\"94fa4f9\" data-element_type=\"widget\" data-e-type=\"widget\" data-widget_type=\"html.default\">\n\t\t\t\t<div class=\"elementor-widget-container\">\n\t\t\t\t\t<iframe src=\"https:\/\/www.ivoox.com\/player_es_podcast_1891681_zp_1.html?c1=3c343c\" width=\"100%\" height=\"400\" frameborder=\"0\" allowfullscreen=\"\" scrolling=\"no\" loading=\"lazy\"><\/iframe>\t\t\t\t<\/div>\n\t\t\t\t<\/div>\n\t\t\t\t\t<\/div>\n\t\t<\/div>\n\t\t\t\t\t<\/div>\n\t\t<\/section>\n\t\t\t\t<section class=\"elementor-section elementor-top-section elementor-element elementor-element-afd2102 elementor-section-content-middle elementor-section-full_width elementor-section-height-default elementor-section-height-default\" data-id=\"afd2102\" data-element_type=\"section\" data-e-type=\"section\" data-settings=\"{&quot;background_background&quot;:&quot;classic&quot;}\">\n\t\t\t\t\t\t<div class=\"elementor-container elementor-column-gap-no\">\n\t\t\t\t\t<div class=\"elementor-column elementor-col-100 elementor-top-column elementor-element elementor-element-a8420bc\" data-id=\"a8420bc\" data-element_type=\"column\" data-e-type=\"column\">\n\t\t\t<div class=\"elementor-widget-wrap elementor-element-populated\">\n\t\t\t\t\t\t<div class=\"elementor-element elementor-element-c7a0ad8 elementor-widget elementor-widget-heading\" data-id=\"c7a0ad8\" data-element_type=\"widget\" data-e-type=\"widget\" data-widget_type=\"heading.default\">\n\t\t\t\t<div class=\"elementor-widget-container\">\n\t\t\t\t\t<h2 class=\"elementor-heading-title elementor-size-default\">READ THE REST OF THE DIGITAL MAGAZINES<\/h2>\t\t\t\t<\/div>\n\t\t\t\t<\/div>\n\t\t<div class=\"elementor-element elementor-element-239f1a9 e-grid e-con-boxed e-con e-parent\" data-id=\"239f1a9\" data-element_type=\"container\" data-e-type=\"container\">\n\t\t\t\t\t<div class=\"e-con-inner\">\n\t\t\t\t<div class=\"elementor-element elementor-element-1b2a72d elementor-widget elementor-widget-image\" data-id=\"1b2a72d\" data-element_type=\"widget\" data-e-type=\"widget\" data-widget_type=\"image.default\">\n\t\t\t\t<div class=\"elementor-widget-container\">\n\t\t\t\t\t\t\t\t\t\t\t\t<figure class=\"wp-caption\">\n\t\t\t\t\t\t\t\t\t\t\t<a href=\"https:\/\/amigosdeltambor.org\/en\/digital-magazine\/\">\n\t\t\t\t\t\t\t<img fetchpriority=\"high\" decoding=\"async\" width=\"212\" height=\"300\" src=\"https:\/\/amigosdeltambor.org\/wp-content\/uploads\/2026\/02\/Portada_REVISTA-DIGITAL-2026-212x300.jpg\" class=\"attachment-medium size-medium wp-image-4517\" alt=\"Portada revista digital 2026\" srcset=\"https:\/\/amigosdeltambor.org\/wp-content\/uploads\/2026\/02\/Portada_REVISTA-DIGITAL-2026-212x300.jpg 212w, https:\/\/amigosdeltambor.org\/wp-content\/uploads\/2026\/02\/Portada_REVISTA-DIGITAL-2026-8x12.jpg 8w, https:\/\/amigosdeltambor.org\/wp-content\/uploads\/2026\/02\/Portada_REVISTA-DIGITAL-2026.jpg 596w\" sizes=\"(max-width: 212px) 100vw, 212px\" title=\"\">\t\t\t\t\t\t\t\t<\/a>\n\t\t\t\t\t\t\t\t\t\t\t<figcaption class=\"widget-image-caption wp-caption-text\"><\/figcaption>\n\t\t\t\t\t\t\t\t\t\t<\/figure>\n\t\t\t\t\t\t\t\t\t<\/div>\n\t\t\t\t<\/div>\n\t\t\t\t<div class=\"elementor-element elementor-element-75989b2 elementor-widget elementor-widget-image\" data-id=\"75989b2\" data-element_type=\"widget\" data-e-type=\"widget\" data-widget_type=\"image.default\">\n\t\t\t\t<div class=\"elementor-widget-container\">\n\t\t\t\t\t\t\t\t\t\t\t\t<figure class=\"wp-caption\">\n\t\t\t\t\t\t\t\t\t\t\t<a href=\"https:\/\/amigosdeltambor.org\/en\/digital-magazine\/\">\n\t\t\t\t\t\t\t<img decoding=\"async\" width=\"212\" height=\"300\" src=\"https:\/\/amigosdeltambor.org\/wp-content\/uploads\/2025\/03\/Portada-Revista-2025-212x300.jpg\" class=\"attachment-medium size-medium wp-image-3597\" alt=\"Cover of Digital Magazine 2025\" srcset=\"https:\/\/amigosdeltambor.org\/wp-content\/uploads\/2025\/03\/Portada-Revista-2025-212x300.jpg 212w, https:\/\/amigosdeltambor.org\/wp-content\/uploads\/2025\/03\/Portada-Revista-2025-724x1024.jpg 724w, https:\/\/amigosdeltambor.org\/wp-content\/uploads\/2025\/03\/Portada-Revista-2025-768x1086.jpg 768w, https:\/\/amigosdeltambor.org\/wp-content\/uploads\/2025\/03\/Portada-Revista-2025-1086x1536.jpg 1086w, https:\/\/amigosdeltambor.org\/wp-content\/uploads\/2025\/03\/Portada-Revista-2025-1448x2048.jpg 1448w, https:\/\/amigosdeltambor.org\/wp-content\/uploads\/2025\/03\/Portada-Revista-2025.jpg 1654w\" sizes=\"(max-width: 212px) 100vw, 212px\" title=\"\">\t\t\t\t\t\t\t\t<\/a>\n\t\t\t\t\t\t\t\t\t\t\t<figcaption class=\"widget-image-caption wp-caption-text\"><\/figcaption>\n\t\t\t\t\t\t\t\t\t\t<\/figure>\n\t\t\t\t\t\t\t\t\t<\/div>\n\t\t\t\t<\/div>\n\t\t\t\t<div class=\"elementor-element elementor-element-8a3c85b elementor-widget elementor-widget-image\" data-id=\"8a3c85b\" data-element_type=\"widget\" data-e-type=\"widget\" data-widget_type=\"image.default\">\n\t\t\t\t<div class=\"elementor-widget-container\">\n\t\t\t\t\t\t\t\t\t\t\t\t<figure class=\"wp-caption\">\n\t\t\t\t\t\t\t\t\t\t\t<a href=\"https:\/\/amigosdeltambor.org\/en\/digital-magazine-2024\/\">\n\t\t\t\t\t\t\t<img decoding=\"async\" width=\"217\" height=\"300\" src=\"https:\/\/amigosdeltambor.org\/wp-content\/uploads\/2024\/02\/Revista-Amigos-del-Tambor-2024_-217x300.jpg\" class=\"attachment-medium size-medium wp-image-3240\" alt=\"Cover of Digital Magazine 2024\" srcset=\"https:\/\/amigosdeltambor.org\/wp-content\/uploads\/2024\/02\/Revista-Amigos-del-Tambor-2024_-217x300.jpg 217w, https:\/\/amigosdeltambor.org\/wp-content\/uploads\/2024\/02\/Revista-Amigos-del-Tambor-2024_-742x1024.jpg 742w, https:\/\/amigosdeltambor.org\/wp-content\/uploads\/2024\/02\/Revista-Amigos-del-Tambor-2024_-768x1060.jpg 768w, https:\/\/amigosdeltambor.org\/wp-content\/uploads\/2024\/02\/Revista-Amigos-del-Tambor-2024_-1112x1536.jpg 1112w, https:\/\/amigosdeltambor.org\/wp-content\/uploads\/2024\/02\/Revista-Amigos-del-Tambor-2024_-1483x2048.jpg 1483w, https:\/\/amigosdeltambor.org\/wp-content\/uploads\/2024\/02\/Revista-Amigos-del-Tambor-2024_-scaled.jpg 1854w\" sizes=\"(max-width: 217px) 100vw, 217px\" title=\"\">\t\t\t\t\t\t\t\t<\/a>\n\t\t\t\t\t\t\t\t\t\t\t<figcaption class=\"widget-image-caption wp-caption-text\"><\/figcaption>\n\t\t\t\t\t\t\t\t\t\t<\/figure>\n\t\t\t\t\t\t\t\t\t<\/div>\n\t\t\t\t<\/div>\n\t\t\t\t<div class=\"elementor-element elementor-element-f9deda0 elementor-widget elementor-widget-image\" data-id=\"f9deda0\" data-element_type=\"widget\" data-e-type=\"widget\" data-widget_type=\"image.default\">\n\t\t\t\t<div class=\"elementor-widget-container\">\n\t\t\t\t\t\t\t\t\t\t\t\t<figure class=\"wp-caption\">\n\t\t\t\t\t\t\t\t\t\t\t<a href=\"https:\/\/amigosdeltambor.org\/en\/digital-magazine-2022\/\">\n\t\t\t\t\t\t\t<img loading=\"lazy\" decoding=\"async\" width=\"217\" height=\"300\" src=\"https:\/\/amigosdeltambor.org\/wp-content\/uploads\/2022\/05\/Portada-de-la-revista-217x300.jpeg\" class=\"attachment-medium size-medium wp-image-1687\" alt=\"Cover of Digital Magazine 2022\" srcset=\"https:\/\/amigosdeltambor.org\/wp-content\/uploads\/2022\/05\/Portada-de-la-revista-217x300.jpeg 217w, https:\/\/amigosdeltambor.org\/wp-content\/uploads\/2022\/05\/Portada-de-la-revista-741x1024.jpeg 741w, https:\/\/amigosdeltambor.org\/wp-content\/uploads\/2022\/05\/Portada-de-la-revista-768x1061.jpeg 768w, https:\/\/amigosdeltambor.org\/wp-content\/uploads\/2022\/05\/Portada-de-la-revista-1112x1536.jpeg 1112w, https:\/\/amigosdeltambor.org\/wp-content\/uploads\/2022\/05\/Portada-de-la-revista.jpeg 1158w\" sizes=\"(max-width: 217px) 100vw, 217px\" title=\"\">\t\t\t\t\t\t\t\t<\/a>\n\t\t\t\t\t\t\t\t\t\t\t<figcaption class=\"widget-image-caption wp-caption-text\"><\/figcaption>\n\t\t\t\t\t\t\t\t\t\t<\/figure>\n\t\t\t\t\t\t\t\t\t<\/div>\n\t\t\t\t<\/div>\n\t\t\t\t\t<\/div>\n\t\t\t\t<\/div>\n\t\t\t\t\t<\/div>\n\t\t<\/div>\n\t\t\t\t\t<\/div>\n\t\t<\/section>\n\t\t\t\t<\/div>","protected":false},"excerpt":{"rendered":"<p>Revista Digital 2023 En esta edici\u00f3n hemos querido que disfruten con los art\u00edculos de cuadrillas como La movida, un regalo sorpresa o el adi\u00f3s a El capit\u00e1n de los soplas. Tambi\u00e9n queremos ense\u00f1aros la historia de varios tambores joya y como no, resumen de las Jornadas de Exaltaci\u00f3n. LEE LA REVISTA EN ESTE FLIPBOOK INTERACTIVO [&hellip;]<\/p>\n","protected":false},"author":937,"featured_media":3654,"parent":0,"menu_order":0,"comment_status":"closed","ping_status":"closed","template":"","meta":{"_uag_custom_page_level_css":"","_joinchat":[],"footnotes":""},"class_list":["post-3583","page","type-page","status-publish","has-post-thumbnail","hentry"],"uagb_featured_image_src":{"full":["https:\/\/amigosdeltambor.org\/wp-content\/uploads\/2025\/03\/REVISTA-AMIGOS-DEL-TAMBOR_-pdf.jpg",1058,1497,false],"thumbnail":["https:\/\/amigosdeltambor.org\/wp-content\/uploads\/2025\/03\/REVISTA-AMIGOS-DEL-TAMBOR_-pdf-150x150.jpg",150,150,true],"medium":["https:\/\/amigosdeltambor.org\/wp-content\/uploads\/2025\/03\/REVISTA-AMIGOS-DEL-TAMBOR_-pdf-212x300.jpg",212,300,true],"medium_large":["https:\/\/amigosdeltambor.org\/wp-content\/uploads\/2025\/03\/REVISTA-AMIGOS-DEL-TAMBOR_-pdf-768x1087.jpg",768,1087,true],"large":["https:\/\/amigosdeltambor.org\/wp-content\/uploads\/2025\/03\/REVISTA-AMIGOS-DEL-TAMBOR_-pdf-724x1024.jpg",724,1024,true],"1536x1536":["https:\/\/amigosdeltambor.org\/wp-content\/uploads\/2025\/03\/REVISTA-AMIGOS-DEL-TAMBOR_-pdf.jpg",1058,1497,false],"2048x2048":["https:\/\/amigosdeltambor.org\/wp-content\/uploads\/2025\/03\/REVISTA-AMIGOS-DEL-TAMBOR_-pdf.jpg",1058,1497,false],"trp-custom-language-flag":["https:\/\/amigosdeltambor.org\/wp-content\/uploads\/2025\/03\/REVISTA-AMIGOS-DEL-TAMBOR_-pdf.jpg",8,12,false]},"uagb_author_info":{"display_name":"ADRIAN RODRIGUEZ MORENO","author_link":"https:\/\/amigosdeltambor.org\/en\/author\/935\/"},"uagb_comment_info":0,"uagb_excerpt":"Revista Digital 2023 En esta edici\u00f3n hemos querido que disfruten con los art\u00edculos de cuadrillas como La movida, un regalo sorpresa o el adi\u00f3s a El capit\u00e1n de los soplas. Tambi\u00e9n queremos ense\u00f1aros la historia de varios tambores joya y como no, resumen de las Jornadas de Exaltaci\u00f3n. LEE LA REVISTA EN ESTE FLIPBOOK INTERACTIVO&hellip;","_links":{"self":[{"href":"https:\/\/amigosdeltambor.org\/en\/wp-json\/wp\/v2\/pages\/3583","targetHints":{"allow":["GET"]}}],"collection":[{"href":"https:\/\/amigosdeltambor.org\/en\/wp-json\/wp\/v2\/pages"}],"about":[{"href":"https:\/\/amigosdeltambor.org\/en\/wp-json\/wp\/v2\/types\/page"}],"author":[{"embeddable":true,"href":"https:\/\/amigosdeltambor.org\/en\/wp-json\/wp\/v2\/users\/937"}],"replies":[{"embeddable":true,"href":"https:\/\/amigosdeltambor.org\/en\/wp-json\/wp\/v2\/comments?post=3583"}],"version-history":[{"count":26,"href":"https:\/\/amigosdeltambor.org\/en\/wp-json\/wp\/v2\/pages\/3583\/revisions"}],"predecessor-version":[{"id":4613,"href":"https:\/\/amigosdeltambor.org\/en\/wp-json\/wp\/v2\/pages\/3583\/revisions\/4613"}],"wp:featuredmedia":[{"embeddable":true,"href":"https:\/\/amigosdeltambor.org\/en\/wp-json\/wp\/v2\/media\/3654"}],"wp:attachment":[{"href":"https:\/\/amigosdeltambor.org\/en\/wp-json\/wp\/v2\/media?parent=3583"}],"curies":[{"name":"wp","href":"https:\/\/api.w.org\/{rel}","templated":true}]}}