{"id":3595,"date":"2026-02-26T18:27:21","date_gmt":"2026-02-26T17:27:21","guid":{"rendered":"https:\/\/amigosdeltambor.org\/?page_id=3595"},"modified":"2026-02-26T18:40:07","modified_gmt":"2026-02-26T17:40:07","slug":"revista-digital-2022","status":"publish","type":"page","link":"https:\/\/amigosdeltambor.org\/en\/digital-magazine-2022\/","title":{"rendered":"Digital Magazine 2022"},"content":{"rendered":"<div data-elementor-type=\"wp-page\" data-elementor-id=\"3595\" class=\"elementor elementor-3595\" data-elementor-post-type=\"page\">\n\t\t\t\t\t\t<section class=\"elementor-section elementor-top-section elementor-element elementor-element-4391d9a elementor-section-content-middle elementor-section-full_width elementor-section-height-default elementor-section-height-default\" data-id=\"4391d9a\" data-element_type=\"section\" data-e-type=\"section\" data-settings=\"{&quot;background_background&quot;:&quot;classic&quot;}\">\n\t\t\t\t\t\t<div class=\"elementor-container elementor-column-gap-no\">\n\t\t\t\t\t<div class=\"elementor-column elementor-col-100 elementor-top-column elementor-element elementor-element-6b9203a\" data-id=\"6b9203a\" data-element_type=\"column\" data-e-type=\"column\">\n\t\t\t<div class=\"elementor-widget-wrap elementor-element-populated\">\n\t\t\t\t\t\t<div class=\"elementor-element elementor-element-317b183 elementor-widget elementor-widget-heading\" data-id=\"317b183\" data-element_type=\"widget\" data-e-type=\"widget\" data-widget_type=\"heading.default\">\n\t\t\t\t<div class=\"elementor-widget-container\">\n\t\t\t\t\t<h2 class=\"elementor-heading-title elementor-size-default\">Digital Magazine 2022<\/h2>\t\t\t\t<\/div>\n\t\t\t\t<\/div>\n\t\t\t\t\t<\/div>\n\t\t<\/div>\n\t\t\t\t\t<\/div>\n\t\t<\/section>\n\t\t\t\t<section class=\"elementor-section elementor-top-section elementor-element elementor-element-b7eb439 elementor-section-boxed elementor-section-height-default elementor-section-height-default\" data-id=\"b7eb439\" data-element_type=\"section\" data-e-type=\"section\" data-settings=\"{&quot;background_background&quot;:&quot;classic&quot;}\" fb=\"\">\n\t\t\t\t\t\t<div class=\"elementor-container elementor-column-gap-default\">\n\t\t\t\t\t<div class=\"elementor-column elementor-col-100 elementor-top-column elementor-element elementor-element-4de45e1\" data-id=\"4de45e1\" data-element_type=\"column\" data-e-type=\"column\">\n\t\t\t<div class=\"elementor-widget-wrap elementor-element-populated\">\n\t\t\t\t\t\t<div class=\"elementor-element elementor-element-046165f elementor-widget elementor-widget-text-editor\" data-id=\"046165f\" data-element_type=\"widget\" data-e-type=\"widget\" data-widget_type=\"text-editor.default\">\n\t\t\t\t<div class=\"elementor-widget-container\">\n\t\t\t\t\t\t\t\t\t<p>The Digital Magazine \u2018104 Horas\u2019 of the Asociaci\u00f3n Amigos del Tambor is a space dedicated to the passion, history and tradition of drumming in Tobarra. Through articles, photographs and testimonials, we seek to preserve and share the legacy of our tamborada, encouraging participation and a sense of community among drummers and fans. ZAPATATA!<\/p>\t\t\t\t\t\t\t\t<\/div>\n\t\t\t\t<\/div>\n\t\t\t\t<div class=\"elementor-element elementor-element-48e84c0 elementor-widget elementor-widget-heading\" data-id=\"48e84c0\" data-element_type=\"widget\" data-e-type=\"widget\" data-widget_type=\"heading.default\">\n\t\t\t\t<div class=\"elementor-widget-container\">\n\t\t\t\t\t<h2 class=\"elementor-heading-title elementor-size-default\">READ THE MAGAZINE IN THIS INTERACTIVE FLIPBOOK<\/h2>\t\t\t\t<\/div>\n\t\t\t\t<\/div>\n\t\t\t\t<div class=\"elementor-element elementor-element-b1f08f9 elementor-widget elementor-widget-shortcode\" data-id=\"b1f08f9\" data-element_type=\"widget\" data-e-type=\"widget\" data-widget_type=\"shortcode.default\">\n\t\t\t\t<div class=\"elementor-widget-container\">\n\t\t\t\t\t\t\t<div class=\"elementor-shortcode\"><div class=\"_3d-flip-book  fb3d-fullscreen-mode full-size\" data-id=\"2219\" data-mode=\"fullscreen\" data-title=\"false\" data-template=\"short-white-book-view\" data-lightbox=\"dark-shadow\" data-urlparam=\"fb3d-page\" data-page-n=\"0\" data-pdf=\"\" data-tax=\"null\" data-thumbnail=\"\" data-cols=\"3\" data-book-template=\"default\" data-trigger=\"\"><\/div><script type=\"text\/javascript\">window.FB3D_CLIENT_DATA = window.FB3D_CLIENT_DATA || [];FB3D_CLIENT_DATA.push('eyJwb3N0cyI6eyIyMjE5Ijp7IklEIjoyMjE5LCJ0aXRsZSI6IlJldmlzdGEgQW1pZ29zIGRlbCBUYW1ib3IgMjAyMiIsInR5cGUiOiJwZGYiLCJyZWFkeV9mdW5jdGlvbiI6IiIsImJvb2tfc3R5bGUiOiJmbGF0IiwiYm9va190ZW1wbGF0ZSI6Im5vbmUiLCJvdXRsaW5lIjpbXSwiZGF0YSI6eyJwb3N0X0lEIjoiMjIwNSIsImd1aWQiOiJodHRwczpcL1wvYW1pZ29zZGVsdGFtYm9yLm9yZ1wvd3AtY29udGVudFwvdXBsb2Fkc1wvMjAyM1wvMDJcL1JFVklTVEEtQU1JR09TLURFTC1UQU1CT1ItMjAyMi1zaW4tY2FsaWRhZC5wZGYiLCJwZGZfcGFnZXMiOiI0MCIsInBhZ2VzX2N1c3RvbWl6YXRpb24iOiJub25lIn0sInRodW1ibmFpbCI6eyJkYXRhIjp7InBvc3RfSUQiOiIwIn0sInR5cGUiOiJhdXRvIn0sInByb3BzIjp7ImJhY2tncm91bmRDb2xvciI6ImF1dG8iLCJiYWNrZ3JvdW5kSW1hZ2UiOiJhdXRvIiwiYmFja2dyb3VuZFN0eWxlIjoiYXV0byIsImhpZ2hsaWdodExpbmtzIjoiYXV0byIsImxpZ2h0aW5nIjoiYXV0byIsInNpbmdsZVBhZ2VNb2RlIjoiYXV0byIsImNhY2hlZFBhZ2VzIjoiYXV0byIsInJlbmRlckluYWN0aXZlUGFnZXMiOiJhdXRvIiwicmVuZGVySW5hY3RpdmVQYWdlc09uTW9iaWxlIjoiYXV0byIsInJlbmRlcldoaWxlRmxpcHBpbmciOiJhdXRvIiwicHJlbG9hZFBhZ2VzIjoiYXV0byIsImF1dG9QbGF5RHVyYXRpb24iOiJhdXRvIiwicnRsIjoiYXV0byIsImludGVyYWN0aXZlQ29ybmVycyI6ImF1dG8iLCJtYXhEZXB0aCI6ImF1dG8iLCJzaGVldCI6eyJzdGFydFZlbG9jaXR5IjoiYXV0byIsIndhdmUiOiJhdXRvIiwic2hhcGUiOiJhdXRvIiwid2lkdGhUZXhlbHMiOiJhdXRvIiwiY29sb3IiOiJhdXRvIiwic2lkZSI6ImF1dG8iLCJzdHJldGNoSW1hZ2VzIjoiYXV0byIsImNvcm5lckRldmlhdGlvbiI6ImF1dG8iLCJmbGV4aWJpbGl0eSI6ImF1dG8iLCJmbGV4aWJsZUNvcm5lciI6ImF1dG8iLCJiZW5kaW5nIjoiYXV0byIsImhlaWdodFRleGVscyI6ImF1dG8ifSwiY292ZXIiOnsid2F2ZSI6ImF1dG8iLCJjb2xvciI6ImF1dG8iLCJzaWRlIjoiYXV0byIsInN0cmV0Y2hJbWFnZXMiOiJhdXRvIiwiYmluZGVyVGV4dHVyZSI6ImF1dG8iLCJkZXB0aCI6ImF1dG8iLCJwYWRkaW5nIjoiYXV0byIsInN0YXJ0VmVsb2NpdHkiOiJhdXRvIiwiZmxleGliaWxpdHkiOiJhdXRvIiwiZmxleGlibGVDb3JuZXIiOiJhdXRvIiwiYmVuZGluZyI6ImF1dG8iLCJ3aWR0aFRleGVscyI6ImF1dG8iLCJoZWlnaHRUZXhlbHMiOiJhdXRvIiwibWFzcyI6ImF1dG8iLCJzaGFwZSI6ImF1dG8ifSwicGFnZSI6eyJ3YXZlIjoiYXV0byIsImNvbG9yIjoiYXV0byIsInNpZGUiOiJhdXRvIiwic3RyZXRjaEltYWdlcyI6ImF1dG8iLCJkZXB0aCI6ImF1dG8iLCJzdGFydFZlbG9jaXR5IjoiYXV0byIsImZsZXhpYmlsaXR5IjoiYXV0byIsImZsZXhpYmxlQ29ybmVyIjoiYXV0byIsImJlbmRpbmciOiJhdXRvIiwid2lkdGhUZXhlbHMiOiJhdXRvIiwiaGVpZ2h0VGV4ZWxzIjoiYXV0byIsIm1hc3MiOiJhdXRvIiwic2hhcGUiOiJhdXRvIn0sImhlaWdodCI6ImF1dG8iLCJ3aWR0aCI6ImF1dG8iLCJncmF2aXR5IjoiYXV0byIsInBhZ2VzRm9yUHJlZGljdGluZyI6ImF1dG8ifSwiY29udHJvbFByb3BzIjp7ImFjdGlvbnMiOnsiY21kVG9jIjp7ImVuYWJsZWQiOiJhdXRvIiwiZW5hYmxlZEluTmFycm93IjoiYXV0byIsImFjdGl2ZSI6ImF1dG8iLCJkZWZhdWx0VGFiIjoiYXV0byJ9LCJjbWRBdXRvUGxheSI6eyJlbmFibGVkIjoiYXV0byIsImVuYWJsZWRJbk5hcnJvdyI6ImF1dG8iLCJhY3RpdmUiOiJhdXRvIn0sImNtZFNhdmUiOnsiZW5hYmxlZCI6ImF1dG8iLCJlbmFibGVkSW5OYXJyb3ciOiJhdXRvIn0sImNtZFByaW50Ijp7ImVuYWJsZWQiOiJhdXRvIiwiZW5hYmxlZEluTmFycm93IjoiYXV0byJ9LCJjbWRTaW5nbGVQYWdlIjp7ImVuYWJsZWQiOiJhdXRvIiwiZW5hYmxlZEluTmFycm93IjoiYXV0byIsImFjdGl2ZSI6ImF1dG8iLCJhY3RpdmVGb3JNb2JpbGUiOiJhdXRvIn0sIndpZFRvb2xiYXIiOnsiZW5hYmxlZCI6ImF1dG8iLCJlbmFibGVkSW5OYXJyb3ciOiJhdXRvIn19fSwiYXV0b1RodW1ibmFpbCI6Imh0dHBzOlwvXC9hbWlnb3NkZWx0YW1ib3Iub3JnXC93cC1jb250ZW50XC91cGxvYWRzXC8zZC1mbGlwLWJvb2tcL2F1dG8tdGh1bWJuYWlsc1wvMjIxOS5wbmciLCJwb3N0X25hbWUiOiIyMjE5IiwicG9zdF90eXBlIjoiM2QtZmxpcC1ib29rIn19LCJwYWdlcyI6W10sImZpcnN0UGFnZXMiOltdfQ==');window.FB3D_CLIENT_LOCALE && FB3D_CLIENT_LOCALE.render && FB3D_CLIENT_LOCALE.render();<\/script><\/div>\n\t\t\t\t\t\t<\/div>\n\t\t\t\t<\/div>\n\t\t\t\t\t<\/div>\n\t\t<\/div>\n\t\t\t\t\t<\/div>\n\t\t<\/section>\n\t\t\t\t<section class=\"elementor-section elementor-top-section elementor-element elementor-element-2d9ace8 elementor-section-full_width elementor-section-content-middle elementor-section-height-default elementor-section-height-default\" data-id=\"2d9ace8\" data-element_type=\"section\" data-e-type=\"section\" data-settings=\"{&quot;background_background&quot;:&quot;classic&quot;}\">\n\t\t\t\t\t\t<div class=\"elementor-container elementor-column-gap-no\">\n\t\t\t\t\t<div class=\"elementor-column elementor-col-100 elementor-top-column elementor-element elementor-element-91f689b\" data-id=\"91f689b\" data-element_type=\"column\" data-e-type=\"column\">\n\t\t\t<div class=\"elementor-widget-wrap elementor-element-populated\">\n\t\t\t\t\t\t<div class=\"elementor-element elementor-element-9afb084 elementor-widget elementor-widget-text-editor\" data-id=\"9afb084\" data-element_type=\"widget\" data-e-type=\"widget\" data-widget_type=\"text-editor.default\">\n\t\t\t\t<div class=\"elementor-widget-container\">\n\t\t\t\t\t\t\t\t\t<p>1st Narrated edition of the digital magazine. We want you to listen to the different articles such as Elaboration of a drum, Indispensable drummers or stories of \u201ccuadrillas\u201d such as \"El zorra\" or \"Los Incansables\".<\/p>\t\t\t\t\t\t\t\t<\/div>\n\t\t\t\t<\/div>\n\t\t\t\t<div class=\"elementor-element elementor-element-4dd9ea8 elementor-widget elementor-widget-heading\" data-id=\"4dd9ea8\" data-element_type=\"widget\" data-e-type=\"widget\" data-widget_type=\"heading.default\">\n\t\t\t\t<div class=\"elementor-widget-container\">\n\t\t\t\t\t<h2 class=\"elementor-heading-title elementor-size-default\">LISTEN TO OUR DIGITAL MAGAZINE ON IVOOX<\/h2>\t\t\t\t<\/div>\n\t\t\t\t<\/div>\n\t\t\t\t<div class=\"elementor-element elementor-element-77d1376 elementor-widget elementor-widget-html\" data-id=\"77d1376\" data-element_type=\"widget\" data-e-type=\"widget\" data-widget_type=\"html.default\">\n\t\t\t\t<div class=\"elementor-widget-container\">\n\t\t\t\t\t<iframe src=\"https:\/\/www.ivoox.com\/player_es_podcast_1891681_zp_1.html?c1=3c343c\" width=\"100%\" height=\"400\" frameborder=\"0\" allowfullscreen=\"\" scrolling=\"no\" loading=\"lazy\"><\/iframe>\t\t\t\t<\/div>\n\t\t\t\t<\/div>\n\t\t\t\t\t<\/div>\n\t\t<\/div>\n\t\t\t\t\t<\/div>\n\t\t<\/section>\n\t\t\t\t<section class=\"elementor-section elementor-top-section elementor-element elementor-element-ae36854 elementor-section-content-middle elementor-section-full_width elementor-section-height-default elementor-section-height-default\" data-id=\"ae36854\" data-element_type=\"section\" data-e-type=\"section\" data-settings=\"{&quot;background_background&quot;:&quot;classic&quot;}\">\n\t\t\t\t\t\t<div class=\"elementor-container elementor-column-gap-no\">\n\t\t\t\t\t<div class=\"elementor-column elementor-col-100 elementor-top-column elementor-element elementor-element-8123c6f\" data-id=\"8123c6f\" data-element_type=\"column\" data-e-type=\"column\">\n\t\t\t<div class=\"elementor-widget-wrap elementor-element-populated\">\n\t\t\t\t\t\t<div class=\"elementor-element elementor-element-a409cd1 elementor-widget elementor-widget-heading\" data-id=\"a409cd1\" data-element_type=\"widget\" data-e-type=\"widget\" data-widget_type=\"heading.default\">\n\t\t\t\t<div class=\"elementor-widget-container\">\n\t\t\t\t\t<h2 class=\"elementor-heading-title elementor-size-default\">READ THE REST OF THE DIGITAL MAGAZINES<\/h2>\t\t\t\t<\/div>\n\t\t\t\t<\/div>\n\t\t<div class=\"elementor-element elementor-element-4825ccd e-grid e-con-boxed e-con e-parent\" data-id=\"4825ccd\" data-element_type=\"container\" data-e-type=\"container\">\n\t\t\t\t\t<div class=\"e-con-inner\">\n\t\t\t\t<div class=\"elementor-element elementor-element-4aa3eba elementor-widget elementor-widget-image\" data-id=\"4aa3eba\" data-element_type=\"widget\" data-e-type=\"widget\" data-widget_type=\"image.default\">\n\t\t\t\t<div class=\"elementor-widget-container\">\n\t\t\t\t\t\t\t\t\t\t\t\t<figure class=\"wp-caption\">\n\t\t\t\t\t\t\t\t\t\t\t<a href=\"https:\/\/amigosdeltambor.org\/en\/digital-magazine\/\">\n\t\t\t\t\t\t\t<img fetchpriority=\"high\" decoding=\"async\" width=\"212\" height=\"300\" src=\"https:\/\/amigosdeltambor.org\/wp-content\/uploads\/2026\/02\/Portada_REVISTA-DIGITAL-2026-212x300.jpg\" class=\"attachment-medium size-medium wp-image-4517\" alt=\"Portada revista digital 2026\" srcset=\"https:\/\/amigosdeltambor.org\/wp-content\/uploads\/2026\/02\/Portada_REVISTA-DIGITAL-2026-212x300.jpg 212w, https:\/\/amigosdeltambor.org\/wp-content\/uploads\/2026\/02\/Portada_REVISTA-DIGITAL-2026-8x12.jpg 8w, https:\/\/amigosdeltambor.org\/wp-content\/uploads\/2026\/02\/Portada_REVISTA-DIGITAL-2026.jpg 596w\" sizes=\"(max-width: 212px) 100vw, 212px\" title=\"\">\t\t\t\t\t\t\t\t<\/a>\n\t\t\t\t\t\t\t\t\t\t\t<figcaption class=\"widget-image-caption wp-caption-text\"><\/figcaption>\n\t\t\t\t\t\t\t\t\t\t<\/figure>\n\t\t\t\t\t\t\t\t\t<\/div>\n\t\t\t\t<\/div>\n\t\t\t\t<div class=\"elementor-element elementor-element-eea762b elementor-widget elementor-widget-image\" data-id=\"eea762b\" data-element_type=\"widget\" data-e-type=\"widget\" data-widget_type=\"image.default\">\n\t\t\t\t<div class=\"elementor-widget-container\">\n\t\t\t\t\t\t\t\t\t\t\t\t<figure class=\"wp-caption\">\n\t\t\t\t\t\t\t\t\t\t\t<a href=\"https:\/\/amigosdeltambor.org\/en\/digital-magazine\/\">\n\t\t\t\t\t\t\t<img decoding=\"async\" width=\"212\" height=\"300\" src=\"https:\/\/amigosdeltambor.org\/wp-content\/uploads\/2025\/03\/Portada-Revista-2025-212x300.jpg\" class=\"attachment-medium size-medium wp-image-3597\" alt=\"Cover of Digital Magazine 2025\" srcset=\"https:\/\/amigosdeltambor.org\/wp-content\/uploads\/2025\/03\/Portada-Revista-2025-212x300.jpg 212w, https:\/\/amigosdeltambor.org\/wp-content\/uploads\/2025\/03\/Portada-Revista-2025-724x1024.jpg 724w, https:\/\/amigosdeltambor.org\/wp-content\/uploads\/2025\/03\/Portada-Revista-2025-768x1086.jpg 768w, https:\/\/amigosdeltambor.org\/wp-content\/uploads\/2025\/03\/Portada-Revista-2025-1086x1536.jpg 1086w, https:\/\/amigosdeltambor.org\/wp-content\/uploads\/2025\/03\/Portada-Revista-2025-1448x2048.jpg 1448w, https:\/\/amigosdeltambor.org\/wp-content\/uploads\/2025\/03\/Portada-Revista-2025.jpg 1654w\" sizes=\"(max-width: 212px) 100vw, 212px\" title=\"\">\t\t\t\t\t\t\t\t<\/a>\n\t\t\t\t\t\t\t\t\t\t\t<figcaption class=\"widget-image-caption wp-caption-text\"><\/figcaption>\n\t\t\t\t\t\t\t\t\t\t<\/figure>\n\t\t\t\t\t\t\t\t\t<\/div>\n\t\t\t\t<\/div>\n\t\t\t\t<div class=\"elementor-element elementor-element-836ab0d elementor-widget elementor-widget-image\" data-id=\"836ab0d\" data-element_type=\"widget\" data-e-type=\"widget\" data-widget_type=\"image.default\">\n\t\t\t\t<div class=\"elementor-widget-container\">\n\t\t\t\t\t\t\t\t\t\t\t\t<figure class=\"wp-caption\">\n\t\t\t\t\t\t\t\t\t\t\t<a href=\"https:\/\/amigosdeltambor.org\/en\/digital-magazine-2024\/\">\n\t\t\t\t\t\t\t<img decoding=\"async\" width=\"217\" height=\"300\" src=\"https:\/\/amigosdeltambor.org\/wp-content\/uploads\/2024\/02\/Revista-Amigos-del-Tambor-2024_-217x300.jpg\" class=\"attachment-medium size-medium wp-image-3240\" alt=\"Cover of Digital Magazine 2024\" srcset=\"https:\/\/amigosdeltambor.org\/wp-content\/uploads\/2024\/02\/Revista-Amigos-del-Tambor-2024_-217x300.jpg 217w, https:\/\/amigosdeltambor.org\/wp-content\/uploads\/2024\/02\/Revista-Amigos-del-Tambor-2024_-742x1024.jpg 742w, https:\/\/amigosdeltambor.org\/wp-content\/uploads\/2024\/02\/Revista-Amigos-del-Tambor-2024_-768x1060.jpg 768w, https:\/\/amigosdeltambor.org\/wp-content\/uploads\/2024\/02\/Revista-Amigos-del-Tambor-2024_-1112x1536.jpg 1112w, https:\/\/amigosdeltambor.org\/wp-content\/uploads\/2024\/02\/Revista-Amigos-del-Tambor-2024_-1483x2048.jpg 1483w, https:\/\/amigosdeltambor.org\/wp-content\/uploads\/2024\/02\/Revista-Amigos-del-Tambor-2024_-scaled.jpg 1854w\" sizes=\"(max-width: 217px) 100vw, 217px\" title=\"\">\t\t\t\t\t\t\t\t<\/a>\n\t\t\t\t\t\t\t\t\t\t\t<figcaption class=\"widget-image-caption wp-caption-text\"><\/figcaption>\n\t\t\t\t\t\t\t\t\t\t<\/figure>\n\t\t\t\t\t\t\t\t\t<\/div>\n\t\t\t\t<\/div>\n\t\t\t\t<div class=\"elementor-element elementor-element-3374fdf elementor-widget elementor-widget-image\" data-id=\"3374fdf\" data-element_type=\"widget\" data-e-type=\"widget\" data-widget_type=\"image.default\">\n\t\t\t\t<div class=\"elementor-widget-container\">\n\t\t\t\t\t\t\t\t\t\t\t\t<figure class=\"wp-caption\">\n\t\t\t\t\t\t\t\t\t\t\t<a href=\"https:\/\/amigosdeltambor.org\/en\/digital-magazine-2023\/\">\n\t\t\t\t\t\t\t<img loading=\"lazy\" decoding=\"async\" width=\"212\" height=\"300\" src=\"https:\/\/amigosdeltambor.org\/wp-content\/uploads\/2025\/03\/REVISTA-AMIGOS-DEL-TAMBOR_-pdf-212x300.jpg\" class=\"attachment-medium size-medium wp-image-3654\" alt=\"Cover of Digital Magazine 2023\" srcset=\"https:\/\/amigosdeltambor.org\/wp-content\/uploads\/2025\/03\/REVISTA-AMIGOS-DEL-TAMBOR_-pdf-212x300.jpg 212w, https:\/\/amigosdeltambor.org\/wp-content\/uploads\/2025\/03\/REVISTA-AMIGOS-DEL-TAMBOR_-pdf-724x1024.jpg 724w, https:\/\/amigosdeltambor.org\/wp-content\/uploads\/2025\/03\/REVISTA-AMIGOS-DEL-TAMBOR_-pdf-768x1087.jpg 768w, https:\/\/amigosdeltambor.org\/wp-content\/uploads\/2025\/03\/REVISTA-AMIGOS-DEL-TAMBOR_-pdf.jpg 1058w\" sizes=\"(max-width: 212px) 100vw, 212px\" title=\"\">\t\t\t\t\t\t\t\t<\/a>\n\t\t\t\t\t\t\t\t\t\t\t<figcaption class=\"widget-image-caption wp-caption-text\"><\/figcaption>\n\t\t\t\t\t\t\t\t\t\t<\/figure>\n\t\t\t\t\t\t\t\t\t<\/div>\n\t\t\t\t<\/div>\n\t\t\t\t\t<\/div>\n\t\t\t\t<\/div>\n\t\t\t\t\t<\/div>\n\t\t<\/div>\n\t\t\t\t\t<\/div>\n\t\t<\/section>\n\t\t\t\t<\/div>","protected":false},"excerpt":{"rendered":"<p>Revista Digital 2022 La Revista Digital &#8216;104 Horas&#8217; de la Asociaci\u00f3n Amigos del Tambor es un espacio dedicado a la pasi\u00f3n, historia y tradici\u00f3n del tambor en Tobarra. A trav\u00e9s de art\u00edculos, fotograf\u00edas y testimonios, buscamos preservar y compartir el legado de nuestra tamborada, fomentando la participaci\u00f3n y el sentimiento de comunidad entre tamborileros y [&hellip;]<\/p>\n","protected":false},"author":937,"featured_media":1687,"parent":0,"menu_order":0,"comment_status":"closed","ping_status":"closed","template":"","meta":{"_acf_changed":false,"_uag_custom_page_level_css":"","_joinchat":[],"footnotes":""},"folder":[],"class_list":["post-3595","page","type-page","status-publish","has-post-thumbnail","hentry"],"acf":[],"uagb_featured_image_src":{"full":["https:\/\/amigosdeltambor.org\/wp-content\/uploads\/2022\/05\/Portada-de-la-revista.jpeg",1158,1600,false],"thumbnail":["https:\/\/amigosdeltambor.org\/wp-content\/uploads\/2022\/05\/Portada-de-la-revista-150x150.jpeg",150,150,true],"medium":["https:\/\/amigosdeltambor.org\/wp-content\/uploads\/2022\/05\/Portada-de-la-revista-217x300.jpeg",217,300,true],"medium_large":["https:\/\/amigosdeltambor.org\/wp-content\/uploads\/2022\/05\/Portada-de-la-revista-768x1061.jpeg",768,1061,true],"large":["https:\/\/amigosdeltambor.org\/wp-content\/uploads\/2022\/05\/Portada-de-la-revista-741x1024.jpeg",741,1024,true],"1536x1536":["https:\/\/amigosdeltambor.org\/wp-content\/uploads\/2022\/05\/Portada-de-la-revista-1112x1536.jpeg",1112,1536,true],"2048x2048":["https:\/\/amigosdeltambor.org\/wp-content\/uploads\/2022\/05\/Portada-de-la-revista.jpeg",1158,1600,false],"trp-custom-language-flag":["https:\/\/amigosdeltambor.org\/wp-content\/uploads\/2022\/05\/Portada-de-la-revista.jpeg",9,12,false]},"uagb_author_info":{"display_name":"ADRIAN RODRIGUEZ MORENO","author_link":"https:\/\/amigosdeltambor.org\/en\/author\/935\/"},"uagb_comment_info":0,"uagb_excerpt":"Revista Digital 2022 La Revista Digital &#8216;104 Horas&#8217; de la Asociaci\u00f3n Amigos del Tambor es un espacio dedicado a la pasi\u00f3n, historia y tradici\u00f3n del tambor en Tobarra. A trav\u00e9s de art\u00edculos, fotograf\u00edas y testimonios, buscamos preservar y compartir el legado de nuestra tamborada, fomentando la participaci\u00f3n y el sentimiento de comunidad entre tamborileros y&hellip;","_links":{"self":[{"href":"https:\/\/amigosdeltambor.org\/en\/wp-json\/wp\/v2\/pages\/3595","targetHints":{"allow":["GET"]}}],"collection":[{"href":"https:\/\/amigosdeltambor.org\/en\/wp-json\/wp\/v2\/pages"}],"about":[{"href":"https:\/\/amigosdeltambor.org\/en\/wp-json\/wp\/v2\/types\/page"}],"author":[{"embeddable":true,"href":"https:\/\/amigosdeltambor.org\/en\/wp-json\/wp\/v2\/users\/937"}],"replies":[{"embeddable":true,"href":"https:\/\/amigosdeltambor.org\/en\/wp-json\/wp\/v2\/comments?post=3595"}],"version-history":[{"count":46,"href":"https:\/\/amigosdeltambor.org\/en\/wp-json\/wp\/v2\/pages\/3595\/revisions"}],"predecessor-version":[{"id":4610,"href":"https:\/\/amigosdeltambor.org\/en\/wp-json\/wp\/v2\/pages\/3595\/revisions\/4610"}],"wp:featuredmedia":[{"embeddable":true,"href":"https:\/\/amigosdeltambor.org\/en\/wp-json\/wp\/v2\/media\/1687"}],"wp:attachment":[{"href":"https:\/\/amigosdeltambor.org\/en\/wp-json\/wp\/v2\/media?parent=3595"}],"wp:term":[{"taxonomy":"folder","embeddable":true,"href":"https:\/\/amigosdeltambor.org\/en\/wp-json\/wp\/v2\/folder?post=3595"}],"curies":[{"name":"wp","href":"https:\/\/api.w.org\/{rel}","templated":true}]}}