{"id":480,"date":"2022-03-05T17:53:21","date_gmt":"2022-03-05T17:53:21","guid":{"rendered":"http:\/\/amigosdeltambor.org\/?page_id=480"},"modified":"2025-03-17T16:53:08","modified_gmt":"2025-03-17T15:53:08","slug":"cierre-del-tambor","status":"publish","type":"page","link":"https:\/\/amigosdeltambor.org\/en\/activities-2\/drum-closing\/","title":{"rendered":"Drum closure"},"content":{"rendered":"<div data-elementor-type=\"wp-page\" data-elementor-id=\"480\" class=\"elementor elementor-480\" data-elementor-post-type=\"page\">\n\t\t\t\t\t\t<section class=\"elementor-section elementor-top-section elementor-element elementor-element-5939933c elementor-section-content-middle elementor-section-full_width elementor-section-height-default elementor-section-height-default\" data-id=\"5939933c\" data-element_type=\"section\" data-e-type=\"section\" data-settings=\"{&quot;background_background&quot;:&quot;classic&quot;}\">\n\t\t\t\t\t\t<div class=\"elementor-container elementor-column-gap-no\">\n\t\t\t\t\t<div class=\"elementor-column elementor-col-100 elementor-top-column elementor-element elementor-element-f35caf0\" data-id=\"f35caf0\" data-element_type=\"column\" data-e-type=\"column\" data-settings=\"{&quot;background_background&quot;:&quot;classic&quot;}\">\n\t\t\t<div class=\"elementor-widget-wrap elementor-element-populated\">\n\t\t\t\t\t\t<section class=\"elementor-section elementor-inner-section elementor-element elementor-element-71645d25 elementor-section-boxed elementor-section-height-default elementor-section-height-default\" data-id=\"71645d25\" data-element_type=\"section\" data-e-type=\"section\">\n\t\t\t\t\t\t<div class=\"elementor-container elementor-column-gap-no\">\n\t\t\t\t\t<div class=\"elementor-column elementor-col-100 elementor-inner-column elementor-element elementor-element-6a988852\" data-id=\"6a988852\" data-element_type=\"column\" data-e-type=\"column\">\n\t\t\t<div class=\"elementor-widget-wrap elementor-element-populated\">\n\t\t\t\t\t\t<div class=\"elementor-element elementor-element-6c835076 elementor-widget elementor-widget-heading\" data-id=\"6c835076\" data-element_type=\"widget\" data-e-type=\"widget\" data-widget_type=\"heading.default\">\n\t\t\t\t<div class=\"elementor-widget-container\">\n\t\t\t\t\t<h1 class=\"elementor-heading-title elementor-size-default\">Drum closure<\/h1>\t\t\t\t<\/div>\n\t\t\t\t<\/div>\n\t\t\t\t\t<\/div>\n\t\t<\/div>\n\t\t\t\t\t<\/div>\n\t\t<\/section>\n\t\t\t\t\t<\/div>\n\t\t<\/div>\n\t\t\t\t\t<\/div>\n\t\t<\/section>\n\t\t\t\t<section class=\"elementor-section elementor-top-section elementor-element elementor-element-7dfb3343 elementor-section-boxed elementor-section-height-default elementor-section-height-default\" data-id=\"7dfb3343\" data-element_type=\"section\" data-e-type=\"section\">\n\t\t\t\t\t\t<div class=\"elementor-container elementor-column-gap-default\">\n\t\t\t\t\t<div class=\"elementor-column elementor-col-50 elementor-top-column elementor-element elementor-element-3d512cd1\" data-id=\"3d512cd1\" data-element_type=\"column\" data-e-type=\"column\">\n\t\t\t<div class=\"elementor-widget-wrap elementor-element-populated\">\n\t\t\t\t\t\t<div class=\"elementor-element elementor-element-31355000 elementor-widget elementor-widget-image-gallery\" data-id=\"31355000\" data-element_type=\"widget\" data-e-type=\"widget\" data-widget_type=\"image-gallery.default\">\n\t\t\t\t<div class=\"elementor-widget-container\">\n\t\t\t\t\t\t\t<div class=\"elementor-image-gallery\">\n\t\t\t<div id='gallery-1' class='gallery galleryid-480 gallery-columns-1 gallery-size-medium_large'><figure class='gallery-item'>\n\t\t\t<div class='gallery-icon landscape'>\n\t\t\t\t<a data-elementor-open-lightbox=\"yes\" data-elementor-lightbox-slideshow=\"31355000\" data-elementor-lightbox-title=\"CIERRE TAMBOR 2023 - MARIA GUERRERO (71)\" data-elementor-lightbox-description=\"Foto del Cierre del Tambor del a\u00f1o 2023.\" data-e-action-hash=\"#elementor-action%3Aaction%3Dlightbox%26settings%3DeyJpZCI6MzA2MSwidXJsIjoiaHR0cHM6XC9cL2FtaWdvc2RlbHRhbWJvci5vcmdcL3dwLWNvbnRlbnRcL3VwbG9hZHNcLzIwMjRcLzAyXC9DSUVSUkUtVEFNQk9SLTIwMjMtTUFSSUEtR1VFUlJFUk8tNzEtc2NhbGVkLmpwZyIsInNsaWRlc2hvdyI6IjMxMzU1MDAwIn0%3D\" href='https:\/\/amigosdeltambor.org\/wp-content\/uploads\/2024\/02\/CIERRE-TAMBOR-2023-MARIA-GUERRERO-71-scaled.jpg'><img fetchpriority=\"high\" decoding=\"async\" width=\"768\" height=\"512\" src=\"https:\/\/amigosdeltambor.org\/wp-content\/uploads\/2024\/02\/CIERRE-TAMBOR-2023-MARIA-GUERRERO-71-768x512.jpg\" class=\"attachment-medium_large size-medium_large\" alt=\"Photo Drum Closure 1\" aria-describedby=\"gallery-1-3061\" srcset=\"https:\/\/amigosdeltambor.org\/wp-content\/uploads\/2024\/02\/CIERRE-TAMBOR-2023-MARIA-GUERRERO-71-768x512.jpg 768w, https:\/\/amigosdeltambor.org\/wp-content\/uploads\/2024\/02\/CIERRE-TAMBOR-2023-MARIA-GUERRERO-71-300x200.jpg 300w, https:\/\/amigosdeltambor.org\/wp-content\/uploads\/2024\/02\/CIERRE-TAMBOR-2023-MARIA-GUERRERO-71-1024x683.jpg 1024w, https:\/\/amigosdeltambor.org\/wp-content\/uploads\/2024\/02\/CIERRE-TAMBOR-2023-MARIA-GUERRERO-71-1536x1024.jpg 1536w, https:\/\/amigosdeltambor.org\/wp-content\/uploads\/2024\/02\/CIERRE-TAMBOR-2023-MARIA-GUERRERO-71-2048x1365.jpg 2048w\" sizes=\"(max-width: 768px) 100vw, 768px\" title=\"\"><\/a>\n\t\t\t<\/div>\n\t\t\t\t<figcaption class='wp-caption-text gallery-caption' id='gallery-1-3061'>\n\t\t\t\tMaria Guerrero\n\t\t\t\t<\/figcaption><\/figure><figure class='gallery-item'>\n\t\t\t<div class='gallery-icon landscape'>\n\t\t\t\t<a data-elementor-open-lightbox=\"yes\" data-elementor-lightbox-slideshow=\"31355000\" data-elementor-lightbox-title=\"CIERRE TAMBOR 2023 - MARIA GUERRERO (76)\" data-elementor-lightbox-description=\"Foto del Cierre del Tambor del a\u00f1o 2023.\" data-e-action-hash=\"#elementor-action%3Aaction%3Dlightbox%26settings%3DeyJpZCI6MzA2OCwidXJsIjoiaHR0cHM6XC9cL2FtaWdvc2RlbHRhbWJvci5vcmdcL3dwLWNvbnRlbnRcL3VwbG9hZHNcLzIwMjRcLzAyXC9DSUVSUkUtVEFNQk9SLTIwMjMtTUFSSUEtR1VFUlJFUk8tNzYtc2NhbGVkLmpwZyIsInNsaWRlc2hvdyI6IjMxMzU1MDAwIn0%3D\" href='https:\/\/amigosdeltambor.org\/wp-content\/uploads\/2024\/02\/CIERRE-TAMBOR-2023-MARIA-GUERRERO-76-scaled.jpg'><img decoding=\"async\" width=\"768\" height=\"512\" src=\"https:\/\/amigosdeltambor.org\/wp-content\/uploads\/2024\/02\/CIERRE-TAMBOR-2023-MARIA-GUERRERO-76-768x512.jpg\" class=\"attachment-medium_large size-medium_large\" alt=\"Photo Closure of Drum 2\" aria-describedby=\"gallery-1-3068\" srcset=\"https:\/\/amigosdeltambor.org\/wp-content\/uploads\/2024\/02\/CIERRE-TAMBOR-2023-MARIA-GUERRERO-76-768x512.jpg 768w, https:\/\/amigosdeltambor.org\/wp-content\/uploads\/2024\/02\/CIERRE-TAMBOR-2023-MARIA-GUERRERO-76-300x200.jpg 300w, https:\/\/amigosdeltambor.org\/wp-content\/uploads\/2024\/02\/CIERRE-TAMBOR-2023-MARIA-GUERRERO-76-1024x683.jpg 1024w, https:\/\/amigosdeltambor.org\/wp-content\/uploads\/2024\/02\/CIERRE-TAMBOR-2023-MARIA-GUERRERO-76-1536x1024.jpg 1536w, https:\/\/amigosdeltambor.org\/wp-content\/uploads\/2024\/02\/CIERRE-TAMBOR-2023-MARIA-GUERRERO-76-2048x1365.jpg 2048w\" sizes=\"(max-width: 768px) 100vw, 768px\" title=\"\"><\/a>\n\t\t\t<\/div>\n\t\t\t\t<figcaption class='wp-caption-text gallery-caption' id='gallery-1-3068'>\n\t\t\t\tMaria Guerrero\n\t\t\t\t<\/figcaption><\/figure><figure class='gallery-item'>\n\t\t\t<div class='gallery-icon landscape'>\n\t\t\t\t<a data-elementor-open-lightbox=\"yes\" data-elementor-lightbox-slideshow=\"31355000\" data-elementor-lightbox-title=\"CIERRE TAMBOR 2023 - MARIA GUERRERO (73)\" data-elementor-lightbox-description=\"Foto del Cierre del Tambor del a\u00f1o 2023.\" data-e-action-hash=\"#elementor-action%3Aaction%3Dlightbox%26settings%3DeyJpZCI6MzA3MCwidXJsIjoiaHR0cHM6XC9cL2FtaWdvc2RlbHRhbWJvci5vcmdcL3dwLWNvbnRlbnRcL3VwbG9hZHNcLzIwMjRcLzAyXC9DSUVSUkUtVEFNQk9SLTIwMjMtTUFSSUEtR1VFUlJFUk8tNzMtMS1zY2FsZWQuanBnIiwic2xpZGVzaG93IjoiMzEzNTUwMDAifQ%3D%3D\" href='https:\/\/amigosdeltambor.org\/wp-content\/uploads\/2024\/02\/CIERRE-TAMBOR-2023-MARIA-GUERRERO-73-1-scaled.jpg'><img decoding=\"async\" width=\"768\" height=\"512\" src=\"https:\/\/amigosdeltambor.org\/wp-content\/uploads\/2024\/02\/CIERRE-TAMBOR-2023-MARIA-GUERRERO-73-1-768x512.jpg\" class=\"attachment-medium_large size-medium_large\" alt=\"Photo Closure of Drum 3\" aria-describedby=\"gallery-1-3070\" srcset=\"https:\/\/amigosdeltambor.org\/wp-content\/uploads\/2024\/02\/CIERRE-TAMBOR-2023-MARIA-GUERRERO-73-1-768x512.jpg 768w, https:\/\/amigosdeltambor.org\/wp-content\/uploads\/2024\/02\/CIERRE-TAMBOR-2023-MARIA-GUERRERO-73-1-300x200.jpg 300w, https:\/\/amigosdeltambor.org\/wp-content\/uploads\/2024\/02\/CIERRE-TAMBOR-2023-MARIA-GUERRERO-73-1-1024x683.jpg 1024w, https:\/\/amigosdeltambor.org\/wp-content\/uploads\/2024\/02\/CIERRE-TAMBOR-2023-MARIA-GUERRERO-73-1-1536x1024.jpg 1536w, https:\/\/amigosdeltambor.org\/wp-content\/uploads\/2024\/02\/CIERRE-TAMBOR-2023-MARIA-GUERRERO-73-1-2048x1365.jpg 2048w\" sizes=\"(max-width: 768px) 100vw, 768px\" title=\"\"><\/a>\n\t\t\t<\/div>\n\t\t\t\t<figcaption class='wp-caption-text gallery-caption' id='gallery-1-3070'>\n\t\t\t\tMaria Guerrero\n\t\t\t\t<\/figcaption><\/figure>\n\t\t<\/div>\n\t\t<\/div>\n\t\t\t\t\t\t<\/div>\n\t\t\t\t<\/div>\n\t\t\t\t\t<\/div>\n\t\t<\/div>\n\t\t\t\t<div class=\"elementor-column elementor-col-50 elementor-top-column elementor-element elementor-element-4d00ad64\" data-id=\"4d00ad64\" data-element_type=\"column\" data-e-type=\"column\">\n\t\t\t<div class=\"elementor-widget-wrap elementor-element-populated\">\n\t\t\t\t\t\t<div class=\"elementor-element elementor-element-326c3b5 elementor-widget elementor-widget-heading\" data-id=\"326c3b5\" data-element_type=\"widget\" data-e-type=\"widget\" data-widget_type=\"heading.default\">\n\t\t\t\t<div class=\"elementor-widget-container\">\n\t\t\t\t\t<h2 class=\"elementor-heading-title elementor-size-default\">ITS BEGINNINGS<\/h2>\t\t\t\t<\/div>\n\t\t\t\t<\/div>\n\t\t\t\t<div class=\"elementor-element elementor-element-e41e780 elementor-widget elementor-widget-text-editor\" data-id=\"e41e780\" data-element_type=\"widget\" data-e-type=\"widget\" data-widget_type=\"text-editor.default\">\n\t\t\t\t<div class=\"elementor-widget-container\">\n\t\t\t\t\t\t\t\t\t<p>Traditionally, the end of drumming in Tobarra was something unorganised and without common criteria, although there was an iconic place that brought together the majority of drummers and drummers (the mythical Bar El Paso, for example). After the irruption of the Monumento al Tambor (Monument to the Drum) in the landscape of Tobarre\u00f1o, in many minds there was the idea that this was the ideal place to drown the drumming until the following year, in fact some groups began to go there. They were the pioneers (we do not mention anyone to avoid unintentional omissions, but we convey sincere thanks to all those involved).<\/p>\t\t\t\t\t\t\t\t<\/div>\n\t\t\t\t<\/div>\n\t\t\t\t<div class=\"elementor-element elementor-element-83a3489 elementor-widget elementor-widget-heading\" data-id=\"83a3489\" data-element_type=\"widget\" data-e-type=\"widget\" data-widget_type=\"heading.default\">\n\t\t\t\t<div class=\"elementor-widget-container\">\n\t\t\t\t\t<h2 class=\"elementor-heading-title elementor-size-default\">CURRENT DRUM CLOSURE<\/h2>\t\t\t\t<\/div>\n\t\t\t\t<\/div>\n\t\t\t\t<div class=\"elementor-element elementor-element-7fa263f elementor-widget elementor-widget-text-editor\" data-id=\"7fa263f\" data-element_type=\"widget\" data-e-type=\"widget\" data-widget_type=\"text-editor.default\">\n\t\t\t\t<div class=\"elementor-widget-container\">\n\t\t\t\t\t\t\t\t\t<p style=\"font-size: 20px; text-align: justify;\">With this precedent, the AAT decided to turn the Closing of the Drum into an event with capital letters, the climax that every Holy Week deserves. From 2012 we took the reins for good (although it was already the norm informally for those dates), incorporating a multitude of elements to improve the experience, such as the clocks that mark the countdown (and whose work begins on Holy Wednesday with 104 hours ahead, although they are functional all year round) or speakers so that after the silence the local anthem can be heard, which is mixed with the clash of the sticks to form a sound passage that is already part of the history of Tobarre, and an Asset of Cultural Interest.<\/p><p style=\"font-size: 20px; text-align: justify;\">And that's without forgetting the most important element: thousands of drums beating and beating off together in a thrilling symphony.<\/p>\t\t\t\t\t\t\t\t<\/div>\n\t\t\t\t<\/div>\n\t\t\t\t\t<\/div>\n\t\t<\/div>\n\t\t\t\t\t<\/div>\n\t\t<\/section>\n\t\t\t\t<section class=\"elementor-section elementor-top-section elementor-element elementor-element-7140bef0 elementor-section-height-min-height elementor-section-content-middle elementor-section-boxed elementor-section-height-default elementor-section-items-middle\" data-id=\"7140bef0\" data-element_type=\"section\" data-e-type=\"section\" data-settings=\"{&quot;background_background&quot;:&quot;classic&quot;}\">\n\t\t\t\t\t\t<div class=\"elementor-container elementor-column-gap-no\">\n\t\t\t\t\t<div class=\"elementor-column elementor-col-100 elementor-top-column elementor-element elementor-element-192ea1a8 elementor-invisible\" data-id=\"192ea1a8\" data-element_type=\"column\" data-e-type=\"column\" data-settings=\"{&quot;background_background&quot;:&quot;classic&quot;,&quot;animation&quot;:&quot;zoomInUp&quot;,&quot;animation_tablet&quot;:&quot;zoomIn&quot;}\">\n\t\t\t<div class=\"elementor-widget-wrap elementor-element-populated\">\n\t\t\t\t\t<div class=\"elementor-background-overlay\"><\/div>\n\t\t\t\t\t\t<section class=\"elementor-section elementor-inner-section elementor-element elementor-element-1f273e4c elementor-section-content-middle elementor-section-boxed elementor-section-height-default elementor-section-height-default\" data-id=\"1f273e4c\" data-element_type=\"section\" data-e-type=\"section\">\n\t\t\t\t\t\t<div class=\"elementor-container elementor-column-gap-no\">\n\t\t\t\t\t<div class=\"elementor-column elementor-col-50 elementor-inner-column elementor-element elementor-element-af3e1ab\" data-id=\"af3e1ab\" data-element_type=\"column\" data-e-type=\"column\">\n\t\t\t<div class=\"elementor-widget-wrap elementor-element-populated\">\n\t\t\t\t\t\t<div class=\"elementor-element elementor-element-30e8a1ad elementor-widget__width-auto elementor-widget elementor-widget-heading\" data-id=\"30e8a1ad\" data-element_type=\"widget\" data-e-type=\"widget\" data-widget_type=\"heading.default\">\n\t\t\t\t<div class=\"elementor-widget-container\">\n\t\t\t\t\t<h2 class=\"elementor-heading-title elementor-size-default\">Would you like to join the association?<\/h2>\t\t\t\t<\/div>\n\t\t\t\t<\/div>\n\t\t\t\t<div class=\"elementor-element elementor-element-23c49da2 elementor-widget elementor-widget-spacer\" data-id=\"23c49da2\" data-element_type=\"widget\" data-e-type=\"widget\" data-widget_type=\"spacer.default\">\n\t\t\t\t<div class=\"elementor-widget-container\">\n\t\t\t\t\t\t\t<div class=\"elementor-spacer\">\n\t\t\t<div class=\"elementor-spacer-inner\"><\/div>\n\t\t<\/div>\n\t\t\t\t\t\t<\/div>\n\t\t\t\t<\/div>\n\t\t\t\t<div class=\"elementor-element elementor-element-7d066dcb elementor-widget__width-initial elementor-widget-tablet__width-initial elementor-widget elementor-widget-text-editor\" data-id=\"7d066dcb\" data-element_type=\"widget\" data-e-type=\"widget\" data-widget_type=\"text-editor.default\">\n\t\t\t\t<div class=\"elementor-widget-container\">\n\t\t\t\t\t\t\t\t\t<p>With your \u2018Amigo del Tambor\u2019 card, proudly show your status as drummers of our town.<\/p>\t\t\t\t\t\t\t\t<\/div>\n\t\t\t\t<\/div>\n\t\t\t\t<div class=\"elementor-element elementor-element-4f8a50b6 elementor-absolute elementor-widget elementor-widget-image\" data-id=\"4f8a50b6\" data-element_type=\"widget\" data-e-type=\"widget\" data-settings=\"{&quot;_position&quot;:&quot;absolute&quot;}\" data-widget_type=\"image.default\">\n\t\t\t\t<div class=\"elementor-widget-container\">\n\t\t\t\t\t\t\t\t\t\t\t\t\t\t\t<img loading=\"lazy\" decoding=\"async\" width=\"292\" height=\"140\" src=\"https:\/\/amigosdeltambor.org\/wp-content\/uploads\/2022\/02\/shape-5.png\" class=\"attachment-full size-full wp-image-231\" alt=\"\" title=\"\">\t\t\t\t\t\t\t\t\t\t\t\t\t\t\t<\/div>\n\t\t\t\t<\/div>\n\t\t\t\t\t<\/div>\n\t\t<\/div>\n\t\t\t\t<div class=\"elementor-column elementor-col-50 elementor-inner-column elementor-element elementor-element-535251c3\" data-id=\"535251c3\" data-element_type=\"column\" data-e-type=\"column\">\n\t\t\t<div class=\"elementor-widget-wrap elementor-element-populated\">\n\t\t\t\t\t\t<div class=\"elementor-element elementor-element-73d1ffcd elementor-align-center elementor-widget elementor-widget-button\" data-id=\"73d1ffcd\" data-element_type=\"widget\" data-e-type=\"widget\" data-widget_type=\"button.default\">\n\t\t\t\t<div class=\"elementor-widget-container\">\n\t\t\t\t\t\t\t\t\t<div class=\"elementor-button-wrapper\">\n\t\t\t\t\t<a class=\"elementor-button elementor-button-link elementor-size-sm\" href=\"https:\/\/amigosdeltambor.org\/en\/membership-join\/\">\n\t\t\t\t\t\t<span class=\"elementor-button-content-wrapper\">\n\t\t\t\t\t\t\t\t\t<span class=\"elementor-button-text\">Join as a member<\/span>\n\t\t\t\t\t<\/span>\n\t\t\t\t\t<\/a>\n\t\t\t\t<\/div>\n\t\t\t\t\t\t\t\t<\/div>\n\t\t\t\t<\/div>\n\t\t\t\t\t<\/div>\n\t\t<\/div>\n\t\t\t\t\t<\/div>\n\t\t<\/section>\n\t\t\t\t\t<\/div>\n\t\t<\/div>\n\t\t\t\t\t<\/div>\n\t\t<\/section>\n\t\t\t\t<\/div>","protected":false},"excerpt":{"rendered":"<p>Cierre del tambor Mar\u00eda Guerrero Mar\u00eda Guerrero Mar\u00eda Guerrero SUS INICIOS Tradicionalmente, el fin del toque del tambor en Tobarra era algo poco organizado y sin criterios comunes, aunque hab\u00eda alg\u00fan lugar ic\u00f3nico que aglutinaba a la mayor\u00eda de tamborileros y tamborileras (el m\u00edtico Bar El Paso, por ejemplo). Despu\u00e9s de la irrupci\u00f3n del Monumento [&hellip;]<\/p>\n","protected":false},"author":1,"featured_media":0,"parent":171,"menu_order":0,"comment_status":"closed","ping_status":"closed","template":"","meta":{"_acf_changed":false,"_uag_custom_page_level_css":"","_joinchat":[],"footnotes":""},"folder":[],"class_list":["post-480","page","type-page","status-publish","hentry"],"acf":[],"uagb_featured_image_src":{"full":false,"thumbnail":false,"medium":false,"medium_large":false,"large":false,"1536x1536":false,"2048x2048":false,"trp-custom-language-flag":false},"uagb_author_info":{"display_name":"Carlos Garrido","author_link":"https:\/\/amigosdeltambor.org\/en\/author\/admin\/"},"uagb_comment_info":0,"uagb_excerpt":"Cierre del tambor Mar\u00eda Guerrero Mar\u00eda Guerrero Mar\u00eda Guerrero SUS INICIOS Tradicionalmente, el fin del toque del tambor en Tobarra era algo poco organizado y sin criterios comunes, aunque hab\u00eda alg\u00fan lugar ic\u00f3nico que aglutinaba a la mayor\u00eda de tamborileros y tamborileras (el m\u00edtico Bar El Paso, por ejemplo). Despu\u00e9s de la irrupci\u00f3n del Monumento&hellip;","_links":{"self":[{"href":"https:\/\/amigosdeltambor.org\/en\/wp-json\/wp\/v2\/pages\/480","targetHints":{"allow":["GET"]}}],"collection":[{"href":"https:\/\/amigosdeltambor.org\/en\/wp-json\/wp\/v2\/pages"}],"about":[{"href":"https:\/\/amigosdeltambor.org\/en\/wp-json\/wp\/v2\/types\/page"}],"author":[{"embeddable":true,"href":"https:\/\/amigosdeltambor.org\/en\/wp-json\/wp\/v2\/users\/1"}],"replies":[{"embeddable":true,"href":"https:\/\/amigosdeltambor.org\/en\/wp-json\/wp\/v2\/comments?post=480"}],"version-history":[{"count":14,"href":"https:\/\/amigosdeltambor.org\/en\/wp-json\/wp\/v2\/pages\/480\/revisions"}],"predecessor-version":[{"id":3731,"href":"https:\/\/amigosdeltambor.org\/en\/wp-json\/wp\/v2\/pages\/480\/revisions\/3731"}],"up":[{"embeddable":true,"href":"https:\/\/amigosdeltambor.org\/en\/wp-json\/wp\/v2\/pages\/171"}],"wp:attachment":[{"href":"https:\/\/amigosdeltambor.org\/en\/wp-json\/wp\/v2\/media?parent=480"}],"wp:term":[{"taxonomy":"folder","embeddable":true,"href":"https:\/\/amigosdeltambor.org\/en\/wp-json\/wp\/v2\/folder?post=480"}],"curies":[{"name":"wp","href":"https:\/\/api.w.org\/{rel}","templated":true}]}}