{"id":1884,"date":"2022-10-10T09:39:42","date_gmt":"2022-10-10T09:39:42","guid":{"rendered":"https:\/\/amigosdeltambor.org\/?page_id=1884"},"modified":"2022-10-16T17:44:18","modified_gmt":"2022-10-16T17:44:18","slug":"pueblos-participantes","status":"publish","type":"page","link":"https:\/\/amigosdeltambor.org\/fr\/pueblos-participantes\/","title":{"rendered":"Pueblos participantes"},"content":{"rendered":"<div data-elementor-type=\"wp-page\" data-elementor-id=\"1884\" class=\"elementor elementor-1884\" data-elementor-post-type=\"page\">\n\t\t\t\t\t\t<section class=\"elementor-section elementor-top-section elementor-element elementor-element-366e8a1f elementor-section-boxed elementor-section-height-default elementor-section-height-default\" data-id=\"366e8a1f\" data-element_type=\"section\" data-e-type=\"section\">\n\t\t\t\t\t\t<div class=\"elementor-container elementor-column-gap-default\">\n\t\t\t\t\t<div class=\"elementor-column elementor-col-100 elementor-top-column elementor-element elementor-element-73d6ba9\" data-id=\"73d6ba9\" data-element_type=\"column\" data-e-type=\"column\">\n\t\t\t<div class=\"elementor-widget-wrap elementor-element-populated\">\n\t\t\t\t\t\t<section class=\"elementor-section elementor-inner-section elementor-element elementor-element-88db871 elementor-section-boxed elementor-section-height-default elementor-section-height-default\" data-id=\"88db871\" data-element_type=\"section\" data-e-type=\"section\">\n\t\t\t\t\t\t<div class=\"elementor-container elementor-column-gap-default\">\n\t\t\t\t\t<div class=\"elementor-column elementor-col-50 elementor-inner-column elementor-element elementor-element-dfdaf58\" data-id=\"dfdaf58\" data-element_type=\"column\" data-e-type=\"column\">\n\t\t\t<div class=\"elementor-widget-wrap elementor-element-populated\">\n\t\t\t\t\t\t<div class=\"elementor-element elementor-element-17d2ce2 elementor-widget elementor-widget-image\" data-id=\"17d2ce2\" data-element_type=\"widget\" data-e-type=\"widget\" data-widget_type=\"image.default\">\n\t\t\t\t<div class=\"elementor-widget-container\">\n\t\t\t\t\t\t\t\t\t\t\t\t\t\t\t<img fetchpriority=\"high\" decoding=\"async\" width=\"1024\" height=\"672\" src=\"https:\/\/amigosdeltambor.org\/wp-content\/uploads\/2022\/10\/V.-Tambor2017Fotos-Guillermo-A.-Paterna-159-1024x672.jpg\" class=\"attachment-large size-large wp-image-1928\" alt=\"\" srcset=\"https:\/\/amigosdeltambor.org\/wp-content\/uploads\/2022\/10\/V.-Tambor2017Fotos-Guillermo-A.-Paterna-159-1024x672.jpg 1024w, https:\/\/amigosdeltambor.org\/wp-content\/uploads\/2022\/10\/V.-Tambor2017Fotos-Guillermo-A.-Paterna-159-300x197.jpg 300w, https:\/\/amigosdeltambor.org\/wp-content\/uploads\/2022\/10\/V.-Tambor2017Fotos-Guillermo-A.-Paterna-159-768x504.jpg 768w, https:\/\/amigosdeltambor.org\/wp-content\/uploads\/2022\/10\/V.-Tambor2017Fotos-Guillermo-A.-Paterna-159-1536x1007.jpg 1536w, https:\/\/amigosdeltambor.org\/wp-content\/uploads\/2022\/10\/V.-Tambor2017Fotos-Guillermo-A.-Paterna-159-2048x1343.jpg 2048w\" sizes=\"(max-width: 1024px) 100vw, 1024px\" title=\"\">\t\t\t\t\t\t\t\t\t\t\t\t\t\t\t<\/div>\n\t\t\t\t<\/div>\n\t\t\t\t\t<\/div>\n\t\t<\/div>\n\t\t\t\t<div class=\"elementor-column elementor-col-50 elementor-inner-column elementor-element elementor-element-eb99519\" data-id=\"eb99519\" data-element_type=\"column\" data-e-type=\"column\">\n\t\t\t<div class=\"elementor-widget-wrap elementor-element-populated\">\n\t\t\t\t\t\t<div class=\"elementor-element elementor-element-c76ba85 elementor-widget elementor-widget-image\" data-id=\"c76ba85\" data-element_type=\"widget\" data-e-type=\"widget\" data-widget_type=\"image.default\">\n\t\t\t\t<div class=\"elementor-widget-container\">\n\t\t\t\t\t\t\t\t\t\t\t\t\t\t\t<img decoding=\"async\" width=\"1024\" height=\"683\" src=\"https:\/\/amigosdeltambor.org\/wp-content\/uploads\/2022\/10\/V.-Tambor2017Fotos-Guillermo-A.-Paterna-169-1024x683.jpg\" class=\"attachment-large size-large wp-image-1926\" alt=\"\" srcset=\"https:\/\/amigosdeltambor.org\/wp-content\/uploads\/2022\/10\/V.-Tambor2017Fotos-Guillermo-A.-Paterna-169-1024x683.jpg 1024w, https:\/\/amigosdeltambor.org\/wp-content\/uploads\/2022\/10\/V.-Tambor2017Fotos-Guillermo-A.-Paterna-169-300x200.jpg 300w, https:\/\/amigosdeltambor.org\/wp-content\/uploads\/2022\/10\/V.-Tambor2017Fotos-Guillermo-A.-Paterna-169-768x512.jpg 768w, https:\/\/amigosdeltambor.org\/wp-content\/uploads\/2022\/10\/V.-Tambor2017Fotos-Guillermo-A.-Paterna-169-1536x1024.jpg 1536w, https:\/\/amigosdeltambor.org\/wp-content\/uploads\/2022\/10\/V.-Tambor2017Fotos-Guillermo-A.-Paterna-169-2048x1365.jpg 2048w\" sizes=\"(max-width: 1024px) 100vw, 1024px\" title=\"\">\t\t\t\t\t\t\t\t\t\t\t\t\t\t\t<\/div>\n\t\t\t\t<\/div>\n\t\t\t\t\t<\/div>\n\t\t<\/div>\n\t\t\t\t\t<\/div>\n\t\t<\/section>\n\t\t\t\t<div class=\"elementor-element elementor-element-83f09c3 elementor-widget elementor-widget-text-editor\" data-id=\"83f09c3\" data-element_type=\"widget\" data-e-type=\"widget\" data-widget_type=\"text-editor.default\">\n\t\t\t\t<div class=\"elementor-widget-container\">\n\t\t\t\t\t\t\t\t\t<h1>Las Tamboradas Nacionales<\/h1><p class=\"s5\"><span class=\"s4\">Desde la sobriedad del norte a la alegr\u00eda del sur, muchos so<\/span><span class=\"s4\">n los lenguajes que hablan los Tambores y B<\/span><span class=\"s4\">ombos de Espa\u00f1a, lenguajes que comenzaron a encontrarse por vez primera en Mula en 1983.<\/span><\/p><p class=\"s5\"><span class=\"s4\">Gracias a la idea de unos cuantos <\/span><span class=\"s4\">mule\u00f1os<\/span><span class=\"s4\">, los pueblos y ciudades tamborileros de Espa\u00f1a hemos dejado de sentirnos ombligo del mundo cada uno por su <\/span><span class=\"s4\">lado para sonar en conjunto a\u00f1o a<\/span><span class=\"s4\"> a\u00f1o con m\u00e1s fuerza.<\/span><\/p><p class=\"s7\"><span class=\"s4\">Lo \u00a0que empez\u00f3 como una simple demostraci\u00f3n de lo que se entend\u00eda por \u201ctambor\u201d en varios pueblos y ciudades de Espa\u00f1a, con el paso del tiempo devino en una concentraci\u00f3n masiva de amantes de los instrumentos <\/span><span class=\"s6\">semanasanteros<\/span><span class=\"s4\"> por excelencia: el Tambor y el B<\/span><span class=\"s4\">ombo.<\/span><\/p><p class=\"s8\"><span class=\"s4\">Hoy, pues, las Jornadas Nacionales de Exaltaci\u00f3n son cita fija para todos, y cada a\u00f1o ese pedazo de Espa\u00f1a entusiasta del Tambor y Bombo de Semana Santa converge \u00a0en un verdadero clamor.<\/span><\/p><p class=\"s8\"><span class=\"s4\">Las Jornadas han traspasado lo meramente formal, incluso el sonido del tambor. Sonido que si en un primer momento fue llamada, asamblea, reuni\u00f3n, ahora sirve de excusa para el abrazo y la amistad.<\/span><\/p><p class=\"s8\"><strong><em><span class=\"s4\">\u201cCada vez el Tambor es m\u00e1s alianza, menos rivali<\/span><span class=\"s4\">dad. M\u00e1s cultura, menos ego\u00edsmo<\/span><span class=\"s4\">\u201d (G.<\/span> <span class=\"s4\">A. Paterna)<\/span><span class=\"s4\">.<\/span><\/em><\/strong><\/p><p class=\"s8\"><span class=\"s4\">Las Jornadas han ido tejiendo un entramado de amigos por toda Espa\u00f1a.<\/span><\/p><p class=\"s8\"><span class=\"s4\">Desde Arag\u00f3n hasta Baena, el norte y el sur, una extensa red de contactos permanentes acercan cada d\u00eda <\/span><span class=\"s4\">la Espa\u00f1a Tamborilera.<\/span><span class=\"s4\"> Durante todo el a\u00f1o.<\/span><\/p><p class=\"s8\"><span class=\"s4\">Ha habido un enriquecimiento pueblo a pueblo, persona a persona. Un intercambio de costumbres y peculiaridades. Una reciprocidad en el mutuo conocimiento.<\/span><\/p><p class=\"s8\"><span class=\"s4\">Por encima de lo externo es<\/span><span class=\"s4\">t\u00e1 el sentimiento. Al lado del Tambor y el B<\/span><span class=\"s4\">ombo est\u00e1 el amigo. Junto a la t\u00fanica, el tercerol, el tahal\u00ed, los palillos, baquetas y mazas, est\u00e1 la uni\u00f3n, el \u00a0coraz\u00f3n, la vivencia.<\/span><\/p><p class=\"s8\"><strong><em><span class=\"s4\">\u201cLos pueblos que organizan Jornadas, en los que la tradici\u00f3n es honda, se conmocionan y las viven apasionadamente: \u00bf&#8230; y sab\u00e9is por qu\u00e9? Porque est\u00e1bamos ilusionados. Porque todos arrimamos el hombro y abrimos nu<\/span><span class=\"s4\">estros corazones de par en par\u201d<\/span><span class=\"s4\"> (Antonio Romera Marcos)<\/span><span class=\"s4\">.<\/span><\/em><\/strong><\/p><p class=\"s8\"><span class=\"s4\">Con esa ilusi\u00f3n afrontamos el reto de unas nuevas Jornadas y que alguien siga escribiendo esta historia que empieza por A de Amistad y termina con T de TAMBOR.<\/span><\/p><p class=\"s10\"><span class=\"s9\">Desde <\/span><span class=\"s9\">Tobarra<\/span><span class=\"s9\"> para el mundo<\/span><span class=\"s9\">.<\/span><\/p><p class=\"s10\"><span class=\"s9\">(J. E. M. S<\/span><span class=\"s9\"> \/ <\/span><span class=\"s9\">(G. A. P. A<\/span><span class=\"s9\">.)<\/span><\/p>\t\t\t\t\t\t\t\t<\/div>\n\t\t\t\t<\/div>\n\t\t\t\t\t<\/div>\n\t\t<\/div>\n\t\t\t\t\t<\/div>\n\t\t<\/section>\n\t\t\t\t<section class=\"elementor-section elementor-top-section elementor-element elementor-element-d7550ed elementor-section-boxed elementor-section-height-default elementor-section-height-default\" data-id=\"d7550ed\" data-element_type=\"section\" data-e-type=\"section\" data-settings=\"{&quot;background_background&quot;:&quot;classic&quot;}\">\n\t\t\t\t\t\t<div class=\"elementor-container elementor-column-gap-default\">\n\t\t\t\t\t<div class=\"elementor-column elementor-col-33 elementor-top-column elementor-element elementor-element-9673fbf\" data-id=\"9673fbf\" data-element_type=\"column\" data-e-type=\"column\">\n\t\t\t<div class=\"elementor-widget-wrap elementor-element-populated\">\n\t\t\t\t\t\t<div class=\"elementor-element elementor-element-7e6da94 elementor-widget elementor-widget-image\" data-id=\"7e6da94\" data-element_type=\"widget\" data-e-type=\"widget\" data-widget_type=\"image.default\">\n\t\t\t\t<div class=\"elementor-widget-container\">\n\t\t\t\t\t\t\t\t\t\t\t\t\t\t\t<img decoding=\"async\" width=\"528\" height=\"500\" src=\"https:\/\/amigosdeltambor.org\/wp-content\/uploads\/2022\/09\/logo-exaltacion-copia.png\" class=\"attachment-large size-large wp-image-1746\" alt=\"\" srcset=\"https:\/\/amigosdeltambor.org\/wp-content\/uploads\/2022\/09\/logo-exaltacion-copia.png 528w, https:\/\/amigosdeltambor.org\/wp-content\/uploads\/2022\/09\/logo-exaltacion-copia-300x284.png 300w\" sizes=\"(max-width: 528px) 100vw, 528px\" title=\"\">\t\t\t\t\t\t\t\t\t\t\t\t\t\t\t<\/div>\n\t\t\t\t<\/div>\n\t\t\t\t\t<\/div>\n\t\t<\/div>\n\t\t\t\t<div class=\"elementor-column elementor-col-33 elementor-top-column elementor-element elementor-element-3cbb6e1\" data-id=\"3cbb6e1\" data-element_type=\"column\" data-e-type=\"column\">\n\t\t\t<div class=\"elementor-widget-wrap elementor-element-populated\">\n\t\t\t\t\t\t<div class=\"elementor-element elementor-element-8380b38 elementor-widget elementor-widget-heading\" data-id=\"8380b38\" data-element_type=\"widget\" data-e-type=\"widget\" data-widget_type=\"heading.default\">\n\t\t\t\t<div class=\"elementor-widget-container\">\n\t\t\t\t\t<h2 class=\"elementor-heading-title elementor-size-default\">Conoce a los pueblos participantes<\/h2>\t\t\t\t<\/div>\n\t\t\t\t<\/div>\n\t\t\t\t\t<\/div>\n\t\t<\/div>\n\t\t\t\t<div class=\"elementor-column elementor-col-33 elementor-top-column elementor-element elementor-element-356a4ea\" data-id=\"356a4ea\" data-element_type=\"column\" data-e-type=\"column\">\n\t\t\t<div class=\"elementor-widget-wrap elementor-element-populated\">\n\t\t\t\t\t\t<div class=\"elementor-element elementor-element-2664c7d elementor-button-success elementor-align-center elementor-widget elementor-widget-button\" data-id=\"2664c7d\" data-element_type=\"widget\" data-e-type=\"widget\" data-widget_type=\"button.default\">\n\t\t\t\t<div class=\"elementor-widget-container\">\n\t\t\t\t\t\t\t\t\t<div class=\"elementor-button-wrapper\">\n\t\t\t\t\t<a class=\"elementor-button elementor-button-link elementor-size-lg\" href=\"https:\/\/tamboresybombosdeespana.es\/localidades-participantes\/\" target=\"_blank\" rel=\"noopener\">\n\t\t\t\t\t\t<span class=\"elementor-button-content-wrapper\">\n\t\t\t\t\t\t\t\t\t<span class=\"elementor-button-text\">DESCUBRIR<\/span>\n\t\t\t\t\t<\/span>\n\t\t\t\t\t<\/a>\n\t\t\t\t<\/div>\n\t\t\t\t\t\t\t\t<\/div>\n\t\t\t\t<\/div>\n\t\t\t\t\t<\/div>\n\t\t<\/div>\n\t\t\t\t\t<\/div>\n\t\t<\/section>\n\t\t\t\t<\/div>","protected":false},"excerpt":{"rendered":"<p>Las Tamboradas Nacionales Desde la sobriedad del norte a la alegr\u00eda del sur, muchos son los lenguajes que hablan los Tambores y Bombos de Espa\u00f1a, lenguajes que comenzaron a encontrarse por vez primera en Mula en 1983. Gracias a la idea de unos cuantos mule\u00f1os, los pueblos y ciudades tamborileros de Espa\u00f1a hemos dejado de [&hellip;]<\/p>\n","protected":false},"author":1,"featured_media":0,"parent":0,"menu_order":0,"comment_status":"closed","ping_status":"closed","template":"","meta":{"_acf_changed":false,"_uag_custom_page_level_css":"","_joinchat":{"telephone":"+34662299423","view":"yes"},"footnotes":""},"folder":[],"class_list":["post-1884","page","type-page","status-publish","hentry"],"acf":[],"uagb_featured_image_src":{"full":false,"thumbnail":false,"medium":false,"medium_large":false,"large":false,"1536x1536":false,"2048x2048":false,"trp-custom-language-flag":false},"uagb_author_info":{"display_name":"Carlos Garrido","author_link":"https:\/\/amigosdeltambor.org\/fr\/author\/admin\/"},"uagb_comment_info":0,"uagb_excerpt":"Las Tamboradas Nacionales Desde la sobriedad del norte a la alegr\u00eda del sur, muchos son los lenguajes que hablan los Tambores y Bombos de Espa\u00f1a, lenguajes que comenzaron a encontrarse por vez primera en Mula en 1983. Gracias a la idea de unos cuantos mule\u00f1os, los pueblos y ciudades tamborileros de Espa\u00f1a hemos dejado de\u2026","_links":{"self":[{"href":"https:\/\/amigosdeltambor.org\/fr\/wp-json\/wp\/v2\/pages\/1884","targetHints":{"allow":["GET"]}}],"collection":[{"href":"https:\/\/amigosdeltambor.org\/fr\/wp-json\/wp\/v2\/pages"}],"about":[{"href":"https:\/\/amigosdeltambor.org\/fr\/wp-json\/wp\/v2\/types\/page"}],"author":[{"embeddable":true,"href":"https:\/\/amigosdeltambor.org\/fr\/wp-json\/wp\/v2\/users\/1"}],"replies":[{"embeddable":true,"href":"https:\/\/amigosdeltambor.org\/fr\/wp-json\/wp\/v2\/comments?post=1884"}],"version-history":[{"count":14,"href":"https:\/\/amigosdeltambor.org\/fr\/wp-json\/wp\/v2\/pages\/1884\/revisions"}],"predecessor-version":[{"id":2001,"href":"https:\/\/amigosdeltambor.org\/fr\/wp-json\/wp\/v2\/pages\/1884\/revisions\/2001"}],"wp:attachment":[{"href":"https:\/\/amigosdeltambor.org\/fr\/wp-json\/wp\/v2\/media?parent=1884"}],"wp:term":[{"taxonomy":"folder","embeddable":true,"href":"https:\/\/amigosdeltambor.org\/fr\/wp-json\/wp\/v2\/folder?post=1884"}],"curies":[{"name":"wp","href":"https:\/\/api.w.org\/{rel}","templated":true}]}}