{"id":478,"date":"2022-03-05T17:52:38","date_gmt":"2022-03-05T17:52:38","guid":{"rendered":"http:\/\/amigosdeltambor.org\/?page_id=478"},"modified":"2025-03-05T13:32:02","modified_gmt":"2025-03-05T12:32:02","slug":"clases-de-tambor","status":"publish","type":"page","link":"https:\/\/amigosdeltambor.org\/fr\/actividades-2\/clases-de-tambor\/","title":{"rendered":"Clases de tambor"},"content":{"rendered":"<div data-elementor-type=\"wp-page\" data-elementor-id=\"478\" class=\"elementor elementor-478\" data-elementor-post-type=\"page\">\n\t\t\t\t\t\t<section class=\"elementor-section elementor-top-section elementor-element elementor-element-27572b10 elementor-section-content-middle elementor-section-full_width elementor-section-height-default elementor-section-height-default\" data-id=\"27572b10\" data-element_type=\"section\" data-e-type=\"section\" data-settings=\"{&quot;background_background&quot;:&quot;classic&quot;}\">\n\t\t\t\t\t\t<div class=\"elementor-container elementor-column-gap-no\">\n\t\t\t\t\t<div class=\"elementor-column elementor-col-100 elementor-top-column elementor-element elementor-element-64d01431\" data-id=\"64d01431\" data-element_type=\"column\" data-e-type=\"column\" data-settings=\"{&quot;background_background&quot;:&quot;classic&quot;}\">\n\t\t\t<div class=\"elementor-widget-wrap elementor-element-populated\">\n\t\t\t\t\t\t<section class=\"elementor-section elementor-inner-section elementor-element elementor-element-13092e64 elementor-section-boxed elementor-section-height-default elementor-section-height-default\" data-id=\"13092e64\" data-element_type=\"section\" data-e-type=\"section\">\n\t\t\t\t\t\t<div class=\"elementor-container elementor-column-gap-no\">\n\t\t\t\t\t<div class=\"elementor-column elementor-col-100 elementor-inner-column elementor-element elementor-element-32a680b7\" data-id=\"32a680b7\" data-element_type=\"column\" data-e-type=\"column\">\n\t\t\t<div class=\"elementor-widget-wrap elementor-element-populated\">\n\t\t\t\t\t\t<div class=\"elementor-element elementor-element-64ef784 elementor-widget elementor-widget-heading\" data-id=\"64ef784\" data-element_type=\"widget\" data-e-type=\"widget\" data-widget_type=\"heading.default\">\n\t\t\t\t<div class=\"elementor-widget-container\">\n\t\t\t\t\t<h2 class=\"elementor-heading-title elementor-size-default\">Clases de tambor<\/h2>\t\t\t\t<\/div>\n\t\t\t\t<\/div>\n\t\t\t\t\t<\/div>\n\t\t<\/div>\n\t\t\t\t\t<\/div>\n\t\t<\/section>\n\t\t\t\t\t<\/div>\n\t\t<\/div>\n\t\t\t\t\t<\/div>\n\t\t<\/section>\n\t\t\t\t<section class=\"elementor-section elementor-top-section elementor-element elementor-element-2ba009e elementor-section-boxed elementor-section-height-default elementor-section-height-default\" data-id=\"2ba009e\" data-element_type=\"section\" data-e-type=\"section\">\n\t\t\t\t\t\t<div class=\"elementor-container elementor-column-gap-default\">\n\t\t\t\t\t<div class=\"elementor-column elementor-col-50 elementor-top-column elementor-element elementor-element-5407806\" data-id=\"5407806\" data-element_type=\"column\" data-e-type=\"column\">\n\t\t\t<div class=\"elementor-widget-wrap elementor-element-populated\">\n\t\t\t\t\t\t<div class=\"elementor-element elementor-element-174e185 elementor-widget elementor-widget-image-gallery\" data-id=\"174e185\" data-element_type=\"widget\" data-e-type=\"widget\" data-widget_type=\"image-gallery.default\">\n\t\t\t\t<div class=\"elementor-widget-container\">\n\t\t\t\t\t\t\t<div class=\"elementor-image-gallery\">\n\t\t\t<div id='gallery-1' class='gallery galleryid-478 gallery-columns-1 gallery-size-medium'><figure class='gallery-item'>\n\t\t\t<div class='gallery-icon landscape'>\n\t\t\t\t<a data-elementor-open-lightbox=\"yes\" data-elementor-lightbox-slideshow=\"174e185\" data-elementor-lightbox-title=\"IMG_8709\" data-e-action-hash=\"#elementor-action%3Aaction%3Dlightbox%26settings%3DeyJpZCI6MzAyNCwidXJsIjoiaHR0cHM6XC9cL2FtaWdvc2RlbHRhbWJvci5vcmdcL3dwLWNvbnRlbnRcL3VwbG9hZHNcLzIwMjRcLzAyXC9JTUdfODcwOS1zY2FsZWQuanBnIiwic2xpZGVzaG93IjoiMTc0ZTE4NSJ9\" href='https:\/\/amigosdeltambor.org\/wp-content\/uploads\/2024\/02\/IMG_8709-scaled.jpg'><img fetchpriority=\"high\" decoding=\"async\" width=\"300\" height=\"225\" src=\"https:\/\/amigosdeltambor.org\/wp-content\/uploads\/2024\/02\/IMG_8709-300x225.jpg\" class=\"attachment-medium size-medium\" alt=\"\" aria-describedby=\"gallery-1-3024\" srcset=\"https:\/\/amigosdeltambor.org\/wp-content\/uploads\/2024\/02\/IMG_8709-300x225.jpg 300w, https:\/\/amigosdeltambor.org\/wp-content\/uploads\/2024\/02\/IMG_8709-1024x768.jpg 1024w, https:\/\/amigosdeltambor.org\/wp-content\/uploads\/2024\/02\/IMG_8709-768x576.jpg 768w, https:\/\/amigosdeltambor.org\/wp-content\/uploads\/2024\/02\/IMG_8709-1536x1152.jpg 1536w, https:\/\/amigosdeltambor.org\/wp-content\/uploads\/2024\/02\/IMG_8709-2048x1536.jpg 2048w\" sizes=\"(max-width: 300px) 100vw, 300px\" title=\"\"><\/a>\n\t\t\t<\/div>\n\t\t\t\t<figcaption class='wp-caption-text gallery-caption' id='gallery-1-3024'>\n\t\t\t\tAAT\n\t\t\t\t<\/figcaption><\/figure><figure class='gallery-item'>\n\t\t\t<div class='gallery-icon landscape'>\n\t\t\t\t<a data-elementor-open-lightbox=\"yes\" data-elementor-lightbox-slideshow=\"174e185\" data-elementor-lightbox-title=\"IMG_4491\" data-e-action-hash=\"#elementor-action%3Aaction%3Dlightbox%26settings%3DeyJpZCI6MzAyNSwidXJsIjoiaHR0cHM6XC9cL2FtaWdvc2RlbHRhbWJvci5vcmdcL3dwLWNvbnRlbnRcL3VwbG9hZHNcLzIwMjRcLzAyXC9JTUdfNDQ5MS1zY2FsZWQuanBnIiwic2xpZGVzaG93IjoiMTc0ZTE4NSJ9\" href='https:\/\/amigosdeltambor.org\/wp-content\/uploads\/2024\/02\/IMG_4491-scaled.jpg'><img decoding=\"async\" width=\"300\" height=\"225\" src=\"https:\/\/amigosdeltambor.org\/wp-content\/uploads\/2024\/02\/IMG_4491-300x225.jpg\" class=\"attachment-medium size-medium\" alt=\"\" aria-describedby=\"gallery-1-3025\" srcset=\"https:\/\/amigosdeltambor.org\/wp-content\/uploads\/2024\/02\/IMG_4491-300x225.jpg 300w, https:\/\/amigosdeltambor.org\/wp-content\/uploads\/2024\/02\/IMG_4491-1024x768.jpg 1024w, https:\/\/amigosdeltambor.org\/wp-content\/uploads\/2024\/02\/IMG_4491-768x576.jpg 768w, https:\/\/amigosdeltambor.org\/wp-content\/uploads\/2024\/02\/IMG_4491-1536x1152.jpg 1536w, https:\/\/amigosdeltambor.org\/wp-content\/uploads\/2024\/02\/IMG_4491-2048x1536.jpg 2048w\" sizes=\"(max-width: 300px) 100vw, 300px\" title=\"\"><\/a>\n\t\t\t<\/div>\n\t\t\t\t<figcaption class='wp-caption-text gallery-caption' id='gallery-1-3025'>\n\t\t\t\tAAT\n\t\t\t\t<\/figcaption><\/figure><figure class='gallery-item'>\n\t\t\t<div class='gallery-icon landscape'>\n\t\t\t\t<a data-elementor-open-lightbox=\"yes\" data-elementor-lightbox-slideshow=\"174e185\" data-elementor-lightbox-title=\"IMG_4494\" data-e-action-hash=\"#elementor-action%3Aaction%3Dlightbox%26settings%3DeyJpZCI6MzAyNiwidXJsIjoiaHR0cHM6XC9cL2FtaWdvc2RlbHRhbWJvci5vcmdcL3dwLWNvbnRlbnRcL3VwbG9hZHNcLzIwMjRcLzAyXC9JTUdfNDQ5NC1zY2FsZWQuanBnIiwic2xpZGVzaG93IjoiMTc0ZTE4NSJ9\" href='https:\/\/amigosdeltambor.org\/wp-content\/uploads\/2024\/02\/IMG_4494-scaled.jpg'><img decoding=\"async\" width=\"300\" height=\"225\" src=\"https:\/\/amigosdeltambor.org\/wp-content\/uploads\/2024\/02\/IMG_4494-300x225.jpg\" class=\"attachment-medium size-medium\" alt=\"\" aria-describedby=\"gallery-1-3026\" srcset=\"https:\/\/amigosdeltambor.org\/wp-content\/uploads\/2024\/02\/IMG_4494-300x225.jpg 300w, https:\/\/amigosdeltambor.org\/wp-content\/uploads\/2024\/02\/IMG_4494-1024x768.jpg 1024w, https:\/\/amigosdeltambor.org\/wp-content\/uploads\/2024\/02\/IMG_4494-768x576.jpg 768w, https:\/\/amigosdeltambor.org\/wp-content\/uploads\/2024\/02\/IMG_4494-1536x1152.jpg 1536w, https:\/\/amigosdeltambor.org\/wp-content\/uploads\/2024\/02\/IMG_4494-2048x1536.jpg 2048w\" sizes=\"(max-width: 300px) 100vw, 300px\" title=\"\"><\/a>\n\t\t\t<\/div>\n\t\t\t\t<figcaption class='wp-caption-text gallery-caption' id='gallery-1-3026'>\n\t\t\t\tAAT\n\t\t\t\t<\/figcaption><\/figure><figure class='gallery-item'>\n\t\t\t<div class='gallery-icon landscape'>\n\t\t\t\t<a data-elementor-open-lightbox=\"yes\" data-elementor-lightbox-slideshow=\"174e185\" data-elementor-lightbox-title=\"Clase de tambor\" data-e-action-hash=\"#elementor-action%3Aaction%3Dlightbox%26settings%3DeyJpZCI6MzAyNywidXJsIjoiaHR0cHM6XC9cL2FtaWdvc2RlbHRhbWJvci5vcmdcL3dwLWNvbnRlbnRcL3VwbG9hZHNcLzIwMjRcLzAyXC9JTUdfNDY4MC1zY2FsZWQuanBnIiwic2xpZGVzaG93IjoiMTc0ZTE4NSJ9\" data-elementor-lightbox-description=\"Foto de una de las clases de tambor.\" href='https:\/\/amigosdeltambor.org\/wp-content\/uploads\/2024\/02\/IMG_4680-scaled.jpg'><img loading=\"lazy\" decoding=\"async\" width=\"300\" height=\"225\" src=\"https:\/\/amigosdeltambor.org\/wp-content\/uploads\/2024\/02\/IMG_4680-300x225.jpg\" class=\"attachment-medium size-medium\" alt=\"Foto de las clases de tambor\" srcset=\"https:\/\/amigosdeltambor.org\/wp-content\/uploads\/2024\/02\/IMG_4680-300x225.jpg 300w, https:\/\/amigosdeltambor.org\/wp-content\/uploads\/2024\/02\/IMG_4680-1024x768.jpg 1024w, https:\/\/amigosdeltambor.org\/wp-content\/uploads\/2024\/02\/IMG_4680-768x576.jpg 768w, https:\/\/amigosdeltambor.org\/wp-content\/uploads\/2024\/02\/IMG_4680-1536x1152.jpg 1536w, https:\/\/amigosdeltambor.org\/wp-content\/uploads\/2024\/02\/IMG_4680-2048x1536.jpg 2048w\" sizes=\"(max-width: 300px) 100vw, 300px\" title=\"\"><\/a>\n\t\t\t<\/div><\/figure><figure class='gallery-item'>\n\t\t\t<div class='gallery-icon landscape'>\n\t\t\t\t<a data-elementor-open-lightbox=\"yes\" data-elementor-lightbox-slideshow=\"174e185\" data-elementor-lightbox-title=\"IMG_8705\" data-e-action-hash=\"#elementor-action%3Aaction%3Dlightbox%26settings%3DeyJpZCI6MzAyOCwidXJsIjoiaHR0cHM6XC9cL2FtaWdvc2RlbHRhbWJvci5vcmdcL3dwLWNvbnRlbnRcL3VwbG9hZHNcLzIwMjRcLzAyXC9JTUdfODcwNS1zY2FsZWQuanBnIiwic2xpZGVzaG93IjoiMTc0ZTE4NSJ9\" data-elementor-lightbox-description=\"Foto de una de las clases de tambor.\" href='https:\/\/amigosdeltambor.org\/wp-content\/uploads\/2024\/02\/IMG_8705-scaled.jpg'><img loading=\"lazy\" decoding=\"async\" width=\"300\" height=\"225\" src=\"https:\/\/amigosdeltambor.org\/wp-content\/uploads\/2024\/02\/IMG_8705-300x225.jpg\" class=\"attachment-medium size-medium\" alt=\"\" aria-describedby=\"gallery-1-3028\" srcset=\"https:\/\/amigosdeltambor.org\/wp-content\/uploads\/2024\/02\/IMG_8705-300x225.jpg 300w, https:\/\/amigosdeltambor.org\/wp-content\/uploads\/2024\/02\/IMG_8705-1024x768.jpg 1024w, https:\/\/amigosdeltambor.org\/wp-content\/uploads\/2024\/02\/IMG_8705-768x576.jpg 768w, https:\/\/amigosdeltambor.org\/wp-content\/uploads\/2024\/02\/IMG_8705-1536x1152.jpg 1536w, https:\/\/amigosdeltambor.org\/wp-content\/uploads\/2024\/02\/IMG_8705-2048x1536.jpg 2048w\" sizes=\"(max-width: 300px) 100vw, 300px\" title=\"\"><\/a>\n\t\t\t<\/div>\n\t\t\t\t<figcaption class='wp-caption-text gallery-caption' id='gallery-1-3028'>\n\t\t\t\tAAT\n\t\t\t\t<\/figcaption><\/figure>\n\t\t<\/div>\n\t\t<\/div>\n\t\t\t\t\t\t<\/div>\n\t\t\t\t<\/div>\n\t\t\t\t\t<\/div>\n\t\t<\/div>\n\t\t\t\t<div class=\"elementor-column elementor-col-50 elementor-top-column elementor-element elementor-element-99da668\" data-id=\"99da668\" data-element_type=\"column\" data-e-type=\"column\">\n\t\t\t<div class=\"elementor-widget-wrap elementor-element-populated\">\n\t\t\t\t\t\t<div class=\"elementor-element elementor-element-75f6d20 elementor-widget elementor-widget-text-editor\" data-id=\"75f6d20\" data-element_type=\"widget\" data-e-type=\"widget\" data-widget_type=\"text-editor.default\">\n\t\t\t\t<div class=\"elementor-widget-container\">\n\t\t\t\t\t\t\t\t\t<p><span style=\"font-weight: 400;\">Para todo tobarre\u00f1o ser\u00eda un honor poder tocar el tambor tal y como se merece este instrumento. Es por eso que, para facilitar este logro, desde el 2010 y cada a\u00f1o desde entonces, ponemos en marcha las <\/span><b>Escuelas de Tambor<\/b><span style=\"font-weight: 400;\"> para ni\u00f1os y adultos.<\/span><\/p>\n<p><span style=\"font-weight: 400;\">La escuela infantil tiene una participaci\u00f3n mayoritaria, aunque cada a\u00f1o encontramos m\u00e1s n\u00famero de alumnos y alumnas para el aula de adultos.<\/span><\/p>\n<p><span style=\"font-weight: 400;\">No solo mejoramos toques t\u00edpicos tobarre\u00f1os sino que tambi\u00e9n aprendemos otros de las diferentes regiones con tradici\u00f3n similar a la nuestra e intentamos innovar y evolucionar los ya existentes. Hay niveles de iniciaci\u00f3n y perfeccionamiento.<\/span><span style=\"font-weight: 400;\">&nbsp;<\/span><\/p>\n<p><span style=\"font-weight: 400;\">Las escuelas de tambor participan en exhibiciones, tanto a nivel local como en otras regiones. Ofrecemos cada a\u00f1o visitar la <\/span><b>Exaltaci\u00f3n Infantil <\/b><span style=\"font-weight: 400;\">a nuestros peque\u00f1os para su relaci\u00f3n intercultural con los pueblos vecinos.<\/span><\/p>\t\t\t\t\t\t\t\t<\/div>\n\t\t\t\t<\/div>\n\t\t\t\t\t<\/div>\n\t\t<\/div>\n\t\t\t\t\t<\/div>\n\t\t<\/section>\n\t\t\t\t<section class=\"elementor-section elementor-top-section elementor-element elementor-element-154ef5d0 elementor-section-height-min-height elementor-section-content-middle elementor-section-boxed elementor-section-height-default elementor-section-items-middle\" data-id=\"154ef5d0\" data-element_type=\"section\" data-e-type=\"section\" data-settings=\"{&quot;background_background&quot;:&quot;classic&quot;}\">\n\t\t\t\t\t\t<div class=\"elementor-container elementor-column-gap-no\">\n\t\t\t\t\t<div class=\"elementor-column elementor-col-100 elementor-top-column elementor-element elementor-element-675cabac elementor-invisible\" data-id=\"675cabac\" data-element_type=\"column\" data-e-type=\"column\" data-settings=\"{&quot;background_background&quot;:&quot;classic&quot;,&quot;animation&quot;:&quot;zoomInUp&quot;,&quot;animation_tablet&quot;:&quot;zoomIn&quot;}\">\n\t\t\t<div class=\"elementor-widget-wrap elementor-element-populated\">\n\t\t\t\t\t<div class=\"elementor-background-overlay\"><\/div>\n\t\t\t\t\t\t<section class=\"elementor-section elementor-inner-section elementor-element elementor-element-691ceaf0 elementor-section-content-middle elementor-section-boxed elementor-section-height-default elementor-section-height-default\" data-id=\"691ceaf0\" data-element_type=\"section\" data-e-type=\"section\">\n\t\t\t\t\t\t<div class=\"elementor-container elementor-column-gap-no\">\n\t\t\t\t\t<div class=\"elementor-column elementor-col-50 elementor-inner-column elementor-element elementor-element-2b69aadf\" data-id=\"2b69aadf\" data-element_type=\"column\" data-e-type=\"column\">\n\t\t\t<div class=\"elementor-widget-wrap elementor-element-populated\">\n\t\t\t\t\t\t<div class=\"elementor-element elementor-element-3e1d00b8 elementor-widget__width-auto elementor-widget elementor-widget-heading\" data-id=\"3e1d00b8\" data-element_type=\"widget\" data-e-type=\"widget\" data-widget_type=\"heading.default\">\n\t\t\t\t<div class=\"elementor-widget-container\">\n\t\t\t\t\t<h2 class=\"elementor-heading-title elementor-size-default\">\u00bfQuieres formar parte de la asociaci\u00f3n?<\/h2>\t\t\t\t<\/div>\n\t\t\t\t<\/div>\n\t\t\t\t<div class=\"elementor-element elementor-element-41b5018b elementor-widget elementor-widget-spacer\" data-id=\"41b5018b\" data-element_type=\"widget\" data-e-type=\"widget\" data-widget_type=\"spacer.default\">\n\t\t\t\t<div class=\"elementor-widget-container\">\n\t\t\t\t\t\t\t<div class=\"elementor-spacer\">\n\t\t\t<div class=\"elementor-spacer-inner\"><\/div>\n\t\t<\/div>\n\t\t\t\t\t\t<\/div>\n\t\t\t\t<\/div>\n\t\t\t\t<div class=\"elementor-element elementor-element-72301b8 elementor-widget__width-initial elementor-widget-tablet__width-initial elementor-widget elementor-widget-text-editor\" data-id=\"72301b8\" data-element_type=\"widget\" data-e-type=\"widget\" data-widget_type=\"text-editor.default\">\n\t\t\t\t<div class=\"elementor-widget-container\">\n\t\t\t\t\t\t\t\t\t<p>Con tu carn\u00e9 de \u201cAmigo del Tambor\u201d, acredita orgullosos tu condici\u00f3n de tamborileros de nuestro pueblo.<\/p>\t\t\t\t\t\t\t\t<\/div>\n\t\t\t\t<\/div>\n\t\t\t\t<div class=\"elementor-element elementor-element-2475e86b elementor-absolute elementor-widget elementor-widget-image\" data-id=\"2475e86b\" data-element_type=\"widget\" data-e-type=\"widget\" data-settings=\"{&quot;_position&quot;:&quot;absolute&quot;}\" data-widget_type=\"image.default\">\n\t\t\t\t<div class=\"elementor-widget-container\">\n\t\t\t\t\t\t\t\t\t\t\t\t\t\t\t<img loading=\"lazy\" decoding=\"async\" width=\"292\" height=\"140\" src=\"https:\/\/amigosdeltambor.org\/wp-content\/uploads\/2022\/02\/shape-5.png\" class=\"attachment-full size-full wp-image-231\" alt=\"\" title=\"\">\t\t\t\t\t\t\t\t\t\t\t\t\t\t\t<\/div>\n\t\t\t\t<\/div>\n\t\t\t\t\t<\/div>\n\t\t<\/div>\n\t\t\t\t<div class=\"elementor-column elementor-col-50 elementor-inner-column elementor-element elementor-element-9476ee8\" data-id=\"9476ee8\" data-element_type=\"column\" data-e-type=\"column\">\n\t\t\t<div class=\"elementor-widget-wrap elementor-element-populated\">\n\t\t\t\t\t\t<div class=\"elementor-element elementor-element-57b9bdd elementor-align-center elementor-widget elementor-widget-button\" data-id=\"57b9bdd\" data-element_type=\"widget\" data-e-type=\"widget\" data-widget_type=\"button.default\">\n\t\t\t\t<div class=\"elementor-widget-container\">\n\t\t\t\t\t\t\t\t\t<div class=\"elementor-button-wrapper\">\n\t\t\t\t\t<a class=\"elementor-button elementor-button-link elementor-size-sm\" href=\"https:\/\/amigosdeltambor.org\/fr\/membership-join\/\">\n\t\t\t\t\t\t<span class=\"elementor-button-content-wrapper\">\n\t\t\t\t\t\t\t\t\t<span class=\"elementor-button-text\">Hacerme socio<\/span>\n\t\t\t\t\t<\/span>\n\t\t\t\t\t<\/a>\n\t\t\t\t<\/div>\n\t\t\t\t\t\t\t\t<\/div>\n\t\t\t\t<\/div>\n\t\t\t\t\t<\/div>\n\t\t<\/div>\n\t\t\t\t\t<\/div>\n\t\t<\/section>\n\t\t\t\t\t<\/div>\n\t\t<\/div>\n\t\t\t\t\t<\/div>\n\t\t<\/section>\n\t\t\t\t<\/div>","protected":false},"excerpt":{"rendered":"<p>Clases de tambor AAT AAT AAT AAT AAT Para todo tobarre\u00f1o ser\u00eda un honor poder tocar el tambor tal y como se merece este instrumento. Es por eso que, para facilitar este logro, desde el 2010 y cada a\u00f1o desde entonces, ponemos en marcha las Escuelas de Tambor para ni\u00f1os y adultos. La escuela infantil [&hellip;]<\/p>\n","protected":false},"author":1,"featured_media":0,"parent":171,"menu_order":0,"comment_status":"closed","ping_status":"closed","template":"","meta":{"_acf_changed":false,"_uag_custom_page_level_css":"","_joinchat":[],"footnotes":""},"folder":[],"class_list":["post-478","page","type-page","status-publish","hentry"],"acf":[],"uagb_featured_image_src":{"full":false,"thumbnail":false,"medium":false,"medium_large":false,"large":false,"1536x1536":false,"2048x2048":false,"trp-custom-language-flag":false},"uagb_author_info":{"display_name":"Carlos Garrido","author_link":"https:\/\/amigosdeltambor.org\/fr\/author\/admin\/"},"uagb_comment_info":0,"uagb_excerpt":"Clases de tambor AAT AAT AAT AAT AAT Para todo tobarre\u00f1o ser\u00eda un honor poder tocar el tambor tal y como se merece este instrumento. Es por eso que, para facilitar este logro, desde el 2010 y cada a\u00f1o desde entonces, ponemos en marcha las Escuelas de Tambor para ni\u00f1os y adultos. La escuela infantil\u2026","_links":{"self":[{"href":"https:\/\/amigosdeltambor.org\/fr\/wp-json\/wp\/v2\/pages\/478","targetHints":{"allow":["GET"]}}],"collection":[{"href":"https:\/\/amigosdeltambor.org\/fr\/wp-json\/wp\/v2\/pages"}],"about":[{"href":"https:\/\/amigosdeltambor.org\/fr\/wp-json\/wp\/v2\/types\/page"}],"author":[{"embeddable":true,"href":"https:\/\/amigosdeltambor.org\/fr\/wp-json\/wp\/v2\/users\/1"}],"replies":[{"embeddable":true,"href":"https:\/\/amigosdeltambor.org\/fr\/wp-json\/wp\/v2\/comments?post=478"}],"version-history":[{"count":11,"href":"https:\/\/amigosdeltambor.org\/fr\/wp-json\/wp\/v2\/pages\/478\/revisions"}],"predecessor-version":[{"id":3559,"href":"https:\/\/amigosdeltambor.org\/fr\/wp-json\/wp\/v2\/pages\/478\/revisions\/3559"}],"up":[{"embeddable":true,"href":"https:\/\/amigosdeltambor.org\/fr\/wp-json\/wp\/v2\/pages\/171"}],"wp:attachment":[{"href":"https:\/\/amigosdeltambor.org\/fr\/wp-json\/wp\/v2\/media?parent=478"}],"wp:term":[{"taxonomy":"folder","embeddable":true,"href":"https:\/\/amigosdeltambor.org\/fr\/wp-json\/wp\/v2\/folder?post=478"}],"curies":[{"name":"wp","href":"https:\/\/api.w.org\/{rel}","templated":true}]}}