{"id":67,"date":"2026-02-26T18:25:22","date_gmt":"2026-02-26T17:25:22","guid":{"rendered":"http:\/\/amigosdeltambor.org\/?page_id=67"},"modified":"2026-02-26T18:43:57","modified_gmt":"2026-02-26T17:43:57","slug":"revista-digital-2025","status":"publish","type":"page","link":"https:\/\/amigosdeltambor.org\/fr\/revista-digital-2025\/","title":{"rendered":"Revista Digital 2025"},"content":{"rendered":"<div data-elementor-type=\"wp-page\" data-elementor-id=\"67\" class=\"elementor elementor-67\" data-elementor-post-type=\"page\">\n\t\t\t\t\t\t<section class=\"elementor-section elementor-top-section elementor-element elementor-element-7744a8ba elementor-section-content-middle elementor-section-full_width elementor-section-height-default elementor-section-height-default\" data-id=\"7744a8ba\" data-element_type=\"section\" data-e-type=\"section\" data-settings=\"{&quot;background_background&quot;:&quot;classic&quot;}\">\n\t\t\t\t\t\t<div class=\"elementor-container elementor-column-gap-no\">\n\t\t\t\t\t<div class=\"elementor-column elementor-col-100 elementor-top-column elementor-element elementor-element-28e05da\" data-id=\"28e05da\" data-element_type=\"column\" data-e-type=\"column\">\n\t\t\t<div class=\"elementor-widget-wrap elementor-element-populated\">\n\t\t\t\t\t\t<div class=\"elementor-element elementor-element-1946b4e8 elementor-widget elementor-widget-heading\" data-id=\"1946b4e8\" data-element_type=\"widget\" data-e-type=\"widget\" data-widget_type=\"heading.default\">\n\t\t\t\t<div class=\"elementor-widget-container\">\n\t\t\t\t\t<h1 class=\"elementor-heading-title elementor-size-default\">Revista Digital 2025<\/h1>\t\t\t\t<\/div>\n\t\t\t\t<\/div>\n\t\t\t\t\t<\/div>\n\t\t<\/div>\n\t\t\t\t\t<\/div>\n\t\t<\/section>\n\t\t\t\t<section class=\"elementor-section elementor-top-section elementor-element elementor-element-ae896ae elementor-section-boxed elementor-section-height-default elementor-section-height-default\" data-id=\"ae896ae\" data-element_type=\"section\" data-e-type=\"section\" data-settings=\"{&quot;background_background&quot;:&quot;classic&quot;}\" fb=\"\">\n\t\t\t\t\t\t<div class=\"elementor-container elementor-column-gap-default\">\n\t\t\t\t\t<div class=\"elementor-column elementor-col-100 elementor-top-column elementor-element elementor-element-fc7525c\" data-id=\"fc7525c\" data-element_type=\"column\" data-e-type=\"column\">\n\t\t\t<div class=\"elementor-widget-wrap elementor-element-populated\">\n\t\t\t\t\t\t<div class=\"elementor-element elementor-element-41239a2 elementor-widget elementor-widget-text-editor\" data-id=\"41239a2\" data-element_type=\"widget\" data-e-type=\"widget\" data-widget_type=\"text-editor.default\">\n\t\t\t\t<div class=\"elementor-widget-container\">\n\t\t\t\t\t\t\t\t\t<p>La esencia del tambor y la tradici\u00f3n de Tobarra resuenan en esta nueva edici\u00f3n de nuestra revista. A trav\u00e9s de historias, relatos y cr\u00f3nicas, conoceremos el legado de cuadrillas ilustres, la pasi\u00f3n de tamborileros emblem\u00e1ticos y la emoci\u00f3n de las \u00faltimas Jornadas Nacionales. Adem\u00e1s, exploramos la creaci\u00f3n de un tambor joya, revivimos momentos \u00fanicos y reivindicamos el toque en la calle. \u00a1Sum\u00e9rgete en estas p\u00e1ginas y que suene el tambor!<\/p>\t\t\t\t\t\t\t\t<\/div>\n\t\t\t\t<\/div>\n\t\t\t\t<div class=\"elementor-element elementor-element-4598b5f elementor-widget elementor-widget-heading\" data-id=\"4598b5f\" data-element_type=\"widget\" data-e-type=\"widget\" data-widget_type=\"heading.default\">\n\t\t\t\t<div class=\"elementor-widget-container\">\n\t\t\t\t\t<h2 class=\"elementor-heading-title elementor-size-default\">LEE LA REVISTA EN ESTE FLIPBOOK INTERACTIVO<\/h2>\t\t\t\t<\/div>\n\t\t\t\t<\/div>\n\t\t\t\t<div class=\"elementor-element elementor-element-be5a357 elementor-widget elementor-widget-shortcode\" data-id=\"be5a357\" data-element_type=\"widget\" data-e-type=\"widget\" data-widget_type=\"shortcode.default\">\n\t\t\t\t<div class=\"elementor-widget-container\">\n\t\t\t\t\t\t\t<div class=\"elementor-shortcode\"><div class=\"_3d-flip-book  fb3d-fullscreen-mode full-size\" data-id=\"3562\" data-mode=\"fullscreen\" data-title=\"false\" data-template=\"short-white-book-view\" data-lightbox=\"dark-shadow\" data-urlparam=\"fb3d-page\" data-page-n=\"0\" data-pdf=\"\" data-tax=\"null\" data-thumbnail=\"\" data-cols=\"3\" data-book-template=\"default\" data-trigger=\"\"><\/div><script type=\"text\/javascript\">window.FB3D_CLIENT_DATA = window.FB3D_CLIENT_DATA || [];FB3D_CLIENT_DATA.push('eyJwb3N0cyI6eyIzNTYyIjp7IklEIjozNTYyLCJ0aXRsZSI6IlJldmlzdGEgQW1pZ29zIGRlbCBUYW1ib3IgMjAyNSIsInR5cGUiOiJwZGYiLCJyZWFkeV9mdW5jdGlvbiI6IiIsImJvb2tfc3R5bGUiOiJmbGF0IiwiYm9va190ZW1wbGF0ZSI6Im5vbmUiLCJvdXRsaW5lIjpbXSwiZGF0YSI6eyJwb3N0X0lEIjoiMzU2MyIsImd1aWQiOiJodHRwczpcL1wvYW1pZ29zZGVsdGFtYm9yLm9yZ1wvd3AtY29udGVudFwvdXBsb2Fkc1wvMjAyNVwvMDNcL1JFVklTVEEtQU1JR09TLURFTC1UQU1CT1ItMjAyNS1CQUpBLUNBTElEQUQucGRmIiwicGRmX3BhZ2VzIjoiNDgiLCJwYWdlc19jdXN0b21pemF0aW9uIjoibm9uZSJ9LCJ0aHVtYm5haWwiOnsiZGF0YSI6eyJwb3N0X0lEIjoiMCJ9LCJ0eXBlIjoiYXV0byJ9LCJwcm9wcyI6eyJiYWNrZ3JvdW5kQ29sb3IiOiJhdXRvIiwiYmFja2dyb3VuZEltYWdlIjoiYXV0byIsImJhY2tncm91bmRTdHlsZSI6ImF1dG8iLCJoaWdobGlnaHRMaW5rcyI6ImF1dG8iLCJsaWdodGluZyI6ImF1dG8iLCJzaW5nbGVQYWdlTW9kZSI6ImF1dG8iLCJjYWNoZWRQYWdlcyI6ImF1dG8iLCJyZW5kZXJJbmFjdGl2ZVBhZ2VzIjoiYXV0byIsInJlbmRlckluYWN0aXZlUGFnZXNPbk1vYmlsZSI6ImF1dG8iLCJyZW5kZXJXaGlsZUZsaXBwaW5nIjoiYXV0byIsInByZWxvYWRQYWdlcyI6ImF1dG8iLCJhdXRvUGxheUR1cmF0aW9uIjoiYXV0byIsInJ0bCI6ImF1dG8iLCJpbnRlcmFjdGl2ZUNvcm5lcnMiOiJhdXRvIiwibWF4RGVwdGgiOiJhdXRvIiwic2hlZXQiOnsic3RhcnRWZWxvY2l0eSI6ImF1dG8iLCJ3YXZlIjoiYXV0byIsInNoYXBlIjoiYXV0byIsIndpZHRoVGV4ZWxzIjoiYXV0byIsImNvbG9yIjoiYXV0byIsInNpZGUiOiJhdXRvIiwic3RyZXRjaEltYWdlcyI6ImF1dG8iLCJjb3JuZXJEZXZpYXRpb24iOiJhdXRvIiwiZmxleGliaWxpdHkiOiJhdXRvIiwiZmxleGlibGVDb3JuZXIiOiJhdXRvIiwiYmVuZGluZyI6ImF1dG8iLCJoZWlnaHRUZXhlbHMiOiJhdXRvIn0sImNvdmVyIjp7IndhdmUiOiJhdXRvIiwiY29sb3IiOiJhdXRvIiwic2lkZSI6ImF1dG8iLCJzdHJldGNoSW1hZ2VzIjoiYXV0byIsImJpbmRlclRleHR1cmUiOiJhdXRvIiwiZGVwdGgiOiJhdXRvIiwicGFkZGluZyI6ImF1dG8iLCJzdGFydFZlbG9jaXR5IjoiYXV0byIsImZsZXhpYmlsaXR5IjoiYXV0byIsImZsZXhpYmxlQ29ybmVyIjoiYXV0byIsImJlbmRpbmciOiJhdXRvIiwid2lkdGhUZXhlbHMiOiJhdXRvIiwiaGVpZ2h0VGV4ZWxzIjoiYXV0byIsIm1hc3MiOiJhdXRvIiwic2hhcGUiOiJhdXRvIn0sInBhZ2UiOnsid2F2ZSI6ImF1dG8iLCJjb2xvciI6ImF1dG8iLCJzaWRlIjoiYXV0byIsInN0cmV0Y2hJbWFnZXMiOiJhdXRvIiwiZGVwdGgiOiJhdXRvIiwic3RhcnRWZWxvY2l0eSI6ImF1dG8iLCJmbGV4aWJpbGl0eSI6ImF1dG8iLCJmbGV4aWJsZUNvcm5lciI6ImF1dG8iLCJiZW5kaW5nIjoiYXV0byIsIndpZHRoVGV4ZWxzIjoiYXV0byIsImhlaWdodFRleGVscyI6ImF1dG8iLCJtYXNzIjoiYXV0byIsInNoYXBlIjoiYXV0byJ9LCJoZWlnaHQiOiJhdXRvIiwid2lkdGgiOiJhdXRvIiwiZ3Jhdml0eSI6ImF1dG8iLCJwYWdlc0ZvclByZWRpY3RpbmciOiJhdXRvIn0sImNvbnRyb2xQcm9wcyI6eyJhY3Rpb25zIjp7ImNtZFRvYyI6eyJlbmFibGVkIjoiYXV0byIsImVuYWJsZWRJbk5hcnJvdyI6ImF1dG8iLCJhY3RpdmUiOiJhdXRvIiwiZGVmYXVsdFRhYiI6ImF1dG8ifSwiY21kQXV0b1BsYXkiOnsiZW5hYmxlZCI6ImF1dG8iLCJlbmFibGVkSW5OYXJyb3ciOiJhdXRvIiwiYWN0aXZlIjoiYXV0byJ9LCJjbWRTYXZlIjp7ImVuYWJsZWQiOiJhdXRvIiwiZW5hYmxlZEluTmFycm93IjoiYXV0byJ9LCJjbWRQcmludCI6eyJlbmFibGVkIjoiYXV0byIsImVuYWJsZWRJbk5hcnJvdyI6ImF1dG8ifSwiY21kU2luZ2xlUGFnZSI6eyJlbmFibGVkIjoiYXV0byIsImVuYWJsZWRJbk5hcnJvdyI6ImF1dG8iLCJhY3RpdmUiOiJhdXRvIiwiYWN0aXZlRm9yTW9iaWxlIjoiYXV0byJ9LCJ3aWRUb29sYmFyIjp7ImVuYWJsZWQiOiJhdXRvIiwiZW5hYmxlZEluTmFycm93IjoiYXV0byJ9fX0sImF1dG9UaHVtYm5haWwiOiJodHRwczpcL1wvYW1pZ29zZGVsdGFtYm9yLm9yZ1wvd3AtY29udGVudFwvdXBsb2Fkc1wvM2QtZmxpcC1ib29rXC9hdXRvLXRodW1ibmFpbHNcLzM1NjIucG5nIiwicG9zdF9uYW1lIjoicmV2aXN0YS1hbWlnb3MtZGVsLXRhbWJvci0yMDI1IiwicG9zdF90eXBlIjoiM2QtZmxpcC1ib29rIn19LCJwYWdlcyI6W10sImZpcnN0UGFnZXMiOltdfQ==');window.FB3D_CLIENT_LOCALE && FB3D_CLIENT_LOCALE.render && FB3D_CLIENT_LOCALE.render();<\/script><\/div>\n\t\t\t\t\t\t<\/div>\n\t\t\t\t<\/div>\n\t\t\t\t\t<\/div>\n\t\t<\/div>\n\t\t\t\t\t<\/div>\n\t\t<\/section>\n\t\t\t\t<section class=\"elementor-section elementor-top-section elementor-element elementor-element-3ed5d41 elementor-section-full_width elementor-section-content-middle elementor-section-height-default elementor-section-height-default\" data-id=\"3ed5d41\" data-element_type=\"section\" data-e-type=\"section\" data-settings=\"{&quot;background_background&quot;:&quot;classic&quot;}\">\n\t\t\t\t\t\t<div class=\"elementor-container elementor-column-gap-no\">\n\t\t\t\t\t<div class=\"elementor-column elementor-col-100 elementor-top-column elementor-element elementor-element-81f6053\" data-id=\"81f6053\" data-element_type=\"column\" data-e-type=\"column\">\n\t\t\t<div class=\"elementor-widget-wrap elementor-element-populated\">\n\t\t\t\t\t\t<div class=\"elementor-element elementor-element-5a3bd77 elementor-widget elementor-widget-text-editor\" data-id=\"5a3bd77\" data-element_type=\"widget\" data-e-type=\"widget\" data-widget_type=\"text-editor.default\">\n\t\t\t\t<div class=\"elementor-widget-container\">\n\t\t\t\t\t\t\t\t\t<p>En esta edici\u00f3n narramos los diferentes art\u00edculos de la revista. Escucha los art\u00edculos sobre la cuadrilla de los Osos, Peo Perdios o Incansables. as\u00ed como los diferentes poemas.<\/p>\t\t\t\t\t\t\t\t<\/div>\n\t\t\t\t<\/div>\n\t\t\t\t<div class=\"elementor-element elementor-element-e317060 elementor-widget elementor-widget-heading\" data-id=\"e317060\" data-element_type=\"widget\" data-e-type=\"widget\" data-widget_type=\"heading.default\">\n\t\t\t\t<div class=\"elementor-widget-container\">\n\t\t\t\t\t<h2 class=\"elementor-heading-title elementor-size-default\">ESCUCHA NUESTRA REVISTA DIGITAL EN IVOOX<\/h2>\t\t\t\t<\/div>\n\t\t\t\t<\/div>\n\t\t\t\t<div class=\"elementor-element elementor-element-b11b9e1 elementor-widget elementor-widget-html\" data-id=\"b11b9e1\" data-element_type=\"widget\" data-e-type=\"widget\" data-widget_type=\"html.default\">\n\t\t\t\t<div class=\"elementor-widget-container\">\n\t\t\t\t\t<iframe src=\"https:\/\/www.ivoox.com\/player_es_podcast_2542598_zp_1.html?c1=98363f\" width=\"100%\" height=\"400\" frameborder=\"0\" allowfullscreen=\"\" scrolling=\"no\" loading=\"lazy\"><\/iframe>\t\t\t\t<\/div>\n\t\t\t\t<\/div>\n\t\t\t\t\t<\/div>\n\t\t<\/div>\n\t\t\t\t\t<\/div>\n\t\t<\/section>\n\t\t\t\t<section class=\"elementor-section elementor-top-section elementor-element elementor-element-bbbf60c elementor-section-content-middle elementor-section-full_width elementor-section-height-default elementor-section-height-default\" data-id=\"bbbf60c\" data-element_type=\"section\" data-e-type=\"section\" data-settings=\"{&quot;background_background&quot;:&quot;classic&quot;}\">\n\t\t\t\t\t\t<div class=\"elementor-container elementor-column-gap-no\">\n\t\t\t\t\t<div class=\"elementor-column elementor-col-100 elementor-top-column elementor-element elementor-element-31f013c\" data-id=\"31f013c\" data-element_type=\"column\" data-e-type=\"column\">\n\t\t\t<div class=\"elementor-widget-wrap elementor-element-populated\">\n\t\t\t\t\t\t<div class=\"elementor-element elementor-element-a6585c3 elementor-widget elementor-widget-heading\" data-id=\"a6585c3\" data-element_type=\"widget\" data-e-type=\"widget\" data-widget_type=\"heading.default\">\n\t\t\t\t<div class=\"elementor-widget-container\">\n\t\t\t\t\t<h2 class=\"elementor-heading-title elementor-size-default\">LEE EL RESTO DE REVISTAS DIGITALES<\/h2>\t\t\t\t<\/div>\n\t\t\t\t<\/div>\n\t\t<div class=\"elementor-element elementor-element-1a20e74 e-grid e-con-boxed e-con e-parent\" data-id=\"1a20e74\" data-element_type=\"container\" data-e-type=\"container\">\n\t\t\t\t\t<div class=\"e-con-inner\">\n\t\t\t\t<div class=\"elementor-element elementor-element-3f5b215 elementor-widget elementor-widget-image\" data-id=\"3f5b215\" data-element_type=\"widget\" data-e-type=\"widget\" data-widget_type=\"image.default\">\n\t\t\t\t<div class=\"elementor-widget-container\">\n\t\t\t\t\t\t\t\t\t\t\t\t<figure class=\"wp-caption\">\n\t\t\t\t\t\t\t\t\t\t\t<a href=\"https:\/\/amigosdeltambor.org\/fr\/revista-digital\/\">\n\t\t\t\t\t\t\t<img fetchpriority=\"high\" decoding=\"async\" width=\"212\" height=\"300\" src=\"https:\/\/amigosdeltambor.org\/wp-content\/uploads\/2026\/02\/Portada_REVISTA-DIGITAL-2026-212x300.jpg\" class=\"attachment-medium size-medium wp-image-4517\" alt=\"Portada revista digital 2026\" srcset=\"https:\/\/amigosdeltambor.org\/wp-content\/uploads\/2026\/02\/Portada_REVISTA-DIGITAL-2026-212x300.jpg 212w, https:\/\/amigosdeltambor.org\/wp-content\/uploads\/2026\/02\/Portada_REVISTA-DIGITAL-2026-8x12.jpg 8w, https:\/\/amigosdeltambor.org\/wp-content\/uploads\/2026\/02\/Portada_REVISTA-DIGITAL-2026.jpg 596w\" sizes=\"(max-width: 212px) 100vw, 212px\" title=\"\">\t\t\t\t\t\t\t\t<\/a>\n\t\t\t\t\t\t\t\t\t\t\t<figcaption class=\"widget-image-caption wp-caption-text\"><\/figcaption>\n\t\t\t\t\t\t\t\t\t\t<\/figure>\n\t\t\t\t\t\t\t\t\t<\/div>\n\t\t\t\t<\/div>\n\t\t\t\t<div class=\"elementor-element elementor-element-e83f8b2 elementor-widget elementor-widget-image\" data-id=\"e83f8b2\" data-element_type=\"widget\" data-e-type=\"widget\" data-widget_type=\"image.default\">\n\t\t\t\t<div class=\"elementor-widget-container\">\n\t\t\t\t\t\t\t\t\t\t\t\t<figure class=\"wp-caption\">\n\t\t\t\t\t\t\t\t\t\t\t<a href=\"https:\/\/amigosdeltambor.org\/fr\/revista-digital-2024\/\">\n\t\t\t\t\t\t\t<img decoding=\"async\" width=\"217\" height=\"300\" src=\"https:\/\/amigosdeltambor.org\/wp-content\/uploads\/2024\/02\/Revista-Amigos-del-Tambor-2024_-217x300.jpg\" class=\"attachment-medium size-medium wp-image-3240\" alt=\"Portada Revista Digital 2024\" srcset=\"https:\/\/amigosdeltambor.org\/wp-content\/uploads\/2024\/02\/Revista-Amigos-del-Tambor-2024_-217x300.jpg 217w, https:\/\/amigosdeltambor.org\/wp-content\/uploads\/2024\/02\/Revista-Amigos-del-Tambor-2024_-742x1024.jpg 742w, https:\/\/amigosdeltambor.org\/wp-content\/uploads\/2024\/02\/Revista-Amigos-del-Tambor-2024_-768x1060.jpg 768w, https:\/\/amigosdeltambor.org\/wp-content\/uploads\/2024\/02\/Revista-Amigos-del-Tambor-2024_-1112x1536.jpg 1112w, https:\/\/amigosdeltambor.org\/wp-content\/uploads\/2024\/02\/Revista-Amigos-del-Tambor-2024_-1483x2048.jpg 1483w, https:\/\/amigosdeltambor.org\/wp-content\/uploads\/2024\/02\/Revista-Amigos-del-Tambor-2024_-scaled.jpg 1854w\" sizes=\"(max-width: 217px) 100vw, 217px\" title=\"\">\t\t\t\t\t\t\t\t<\/a>\n\t\t\t\t\t\t\t\t\t\t\t<figcaption class=\"widget-image-caption wp-caption-text\"><\/figcaption>\n\t\t\t\t\t\t\t\t\t\t<\/figure>\n\t\t\t\t\t\t\t\t\t<\/div>\n\t\t\t\t<\/div>\n\t\t\t\t<div class=\"elementor-element elementor-element-b4e9308 elementor-widget elementor-widget-image\" data-id=\"b4e9308\" data-element_type=\"widget\" data-e-type=\"widget\" data-widget_type=\"image.default\">\n\t\t\t\t<div class=\"elementor-widget-container\">\n\t\t\t\t\t\t\t\t\t\t\t\t<figure class=\"wp-caption\">\n\t\t\t\t\t\t\t\t\t\t\t<a href=\"https:\/\/amigosdeltambor.org\/fr\/revista-digital-2023\/\">\n\t\t\t\t\t\t\t<img decoding=\"async\" width=\"212\" height=\"300\" src=\"https:\/\/amigosdeltambor.org\/wp-content\/uploads\/2025\/03\/REVISTA-AMIGOS-DEL-TAMBOR_-pdf-212x300.jpg\" class=\"attachment-medium size-medium wp-image-3654\" alt=\"Portada Revista Digital 2023\" srcset=\"https:\/\/amigosdeltambor.org\/wp-content\/uploads\/2025\/03\/REVISTA-AMIGOS-DEL-TAMBOR_-pdf-212x300.jpg 212w, https:\/\/amigosdeltambor.org\/wp-content\/uploads\/2025\/03\/REVISTA-AMIGOS-DEL-TAMBOR_-pdf-724x1024.jpg 724w, https:\/\/amigosdeltambor.org\/wp-content\/uploads\/2025\/03\/REVISTA-AMIGOS-DEL-TAMBOR_-pdf-768x1087.jpg 768w, https:\/\/amigosdeltambor.org\/wp-content\/uploads\/2025\/03\/REVISTA-AMIGOS-DEL-TAMBOR_-pdf.jpg 1058w\" sizes=\"(max-width: 212px) 100vw, 212px\" title=\"\">\t\t\t\t\t\t\t\t<\/a>\n\t\t\t\t\t\t\t\t\t\t\t<figcaption class=\"widget-image-caption wp-caption-text\"><\/figcaption>\n\t\t\t\t\t\t\t\t\t\t<\/figure>\n\t\t\t\t\t\t\t\t\t<\/div>\n\t\t\t\t<\/div>\n\t\t\t\t<div class=\"elementor-element elementor-element-1c75ee8 elementor-widget elementor-widget-image\" data-id=\"1c75ee8\" data-element_type=\"widget\" data-e-type=\"widget\" data-widget_type=\"image.default\">\n\t\t\t\t<div class=\"elementor-widget-container\">\n\t\t\t\t\t\t\t\t\t\t\t\t<figure class=\"wp-caption\">\n\t\t\t\t\t\t\t\t\t\t\t<a href=\"https:\/\/amigosdeltambor.org\/fr\/revista-digital-2022\/\">\n\t\t\t\t\t\t\t<img loading=\"lazy\" decoding=\"async\" width=\"217\" height=\"300\" src=\"https:\/\/amigosdeltambor.org\/wp-content\/uploads\/2022\/05\/Portada-de-la-revista-217x300.jpeg\" class=\"attachment-medium size-medium wp-image-1687\" alt=\"Portada Revista Digital 2022\" srcset=\"https:\/\/amigosdeltambor.org\/wp-content\/uploads\/2022\/05\/Portada-de-la-revista-217x300.jpeg 217w, https:\/\/amigosdeltambor.org\/wp-content\/uploads\/2022\/05\/Portada-de-la-revista-741x1024.jpeg 741w, https:\/\/amigosdeltambor.org\/wp-content\/uploads\/2022\/05\/Portada-de-la-revista-768x1061.jpeg 768w, https:\/\/amigosdeltambor.org\/wp-content\/uploads\/2022\/05\/Portada-de-la-revista-1112x1536.jpeg 1112w, https:\/\/amigosdeltambor.org\/wp-content\/uploads\/2022\/05\/Portada-de-la-revista.jpeg 1158w\" sizes=\"(max-width: 217px) 100vw, 217px\" title=\"\">\t\t\t\t\t\t\t\t<\/a>\n\t\t\t\t\t\t\t\t\t\t\t<figcaption class=\"widget-image-caption wp-caption-text\"><\/figcaption>\n\t\t\t\t\t\t\t\t\t\t<\/figure>\n\t\t\t\t\t\t\t\t\t<\/div>\n\t\t\t\t<\/div>\n\t\t\t\t\t<\/div>\n\t\t\t\t<\/div>\n\t\t\t\t\t<\/div>\n\t\t<\/div>\n\t\t\t\t\t<\/div>\n\t\t<\/section>\n\t\t\t\t<\/div>","protected":false},"excerpt":{"rendered":"<p>Presentamos la revista digital 2025. <\/p>","protected":false},"author":937,"featured_media":3597,"parent":0,"menu_order":0,"comment_status":"closed","ping_status":"closed","template":"","meta":{"_acf_changed":false,"_uag_custom_page_level_css":"","_joinchat":[],"footnotes":""},"folder":[],"class_list":["post-67","page","type-page","status-publish","has-post-thumbnail","hentry"],"acf":[],"uagb_featured_image_src":{"full":["https:\/\/amigosdeltambor.org\/wp-content\/uploads\/2025\/03\/Portada-Revista-2025.jpg",1654,2339,false],"thumbnail":["https:\/\/amigosdeltambor.org\/wp-content\/uploads\/2025\/03\/Portada-Revista-2025-150x150.jpg",150,150,true],"medium":["https:\/\/amigosdeltambor.org\/wp-content\/uploads\/2025\/03\/Portada-Revista-2025-212x300.jpg",212,300,true],"medium_large":["https:\/\/amigosdeltambor.org\/wp-content\/uploads\/2025\/03\/Portada-Revista-2025-768x1086.jpg",768,1086,true],"large":["https:\/\/amigosdeltambor.org\/wp-content\/uploads\/2025\/03\/Portada-Revista-2025-724x1024.jpg",724,1024,true],"1536x1536":["https:\/\/amigosdeltambor.org\/wp-content\/uploads\/2025\/03\/Portada-Revista-2025-1086x1536.jpg",1086,1536,true],"2048x2048":["https:\/\/amigosdeltambor.org\/wp-content\/uploads\/2025\/03\/Portada-Revista-2025-1448x2048.jpg",1448,2048,true],"trp-custom-language-flag":["https:\/\/amigosdeltambor.org\/wp-content\/uploads\/2025\/03\/Portada-Revista-2025.jpg",8,12,false]},"uagb_author_info":{"display_name":"ADRIAN RODRIGUEZ MORENO","author_link":"https:\/\/amigosdeltambor.org\/fr\/author\/935\/"},"uagb_comment_info":0,"uagb_excerpt":"Presentamos la revista digital 2025.","_links":{"self":[{"href":"https:\/\/amigosdeltambor.org\/fr\/wp-json\/wp\/v2\/pages\/67","targetHints":{"allow":["GET"]}}],"collection":[{"href":"https:\/\/amigosdeltambor.org\/fr\/wp-json\/wp\/v2\/pages"}],"about":[{"href":"https:\/\/amigosdeltambor.org\/fr\/wp-json\/wp\/v2\/types\/page"}],"author":[{"embeddable":true,"href":"https:\/\/amigosdeltambor.org\/fr\/wp-json\/wp\/v2\/users\/937"}],"replies":[{"embeddable":true,"href":"https:\/\/amigosdeltambor.org\/fr\/wp-json\/wp\/v2\/comments?post=67"}],"version-history":[{"count":130,"href":"https:\/\/amigosdeltambor.org\/fr\/wp-json\/wp\/v2\/pages\/67\/revisions"}],"predecessor-version":[{"id":4620,"href":"https:\/\/amigosdeltambor.org\/fr\/wp-json\/wp\/v2\/pages\/67\/revisions\/4620"}],"wp:featuredmedia":[{"embeddable":true,"href":"https:\/\/amigosdeltambor.org\/fr\/wp-json\/wp\/v2\/media\/3597"}],"wp:attachment":[{"href":"https:\/\/amigosdeltambor.org\/fr\/wp-json\/wp\/v2\/media?parent=67"}],"wp:term":[{"taxonomy":"folder","embeddable":true,"href":"https:\/\/amigosdeltambor.org\/fr\/wp-json\/wp\/v2\/folder?post=67"}],"curies":[{"name":"wp","href":"https:\/\/api.w.org\/{rel}","templated":true}]}}